{"id":5922,"date":"2020-01-30T17:07:20","date_gmt":"2020-01-30T17:07:20","guid":{"rendered":"https:\/\/cis-chad.com\/?page_id=5922"},"modified":"2020-03-16T10:47:12","modified_gmt":"2020-03-16T10:47:12","slug":"fondation-grand-coeur","status":"publish","type":"page","link":"https:\/\/cis-chad.com\/en\/fondation-grand-coeur\/","title":{"rendered":"Grand Coeur Foundation"},"content":{"rendered":"<section class=\"wpb-content-wrapper\"><div class=\"vc_row wpb_row vc_row-fluid\"><div class=\"wpb_column vc_column_container vc_col-sm-12\"><div class=\"vc_column-inner\"><div class=\"wpb_wrapper\"><div class=\"vc_empty_space\"   style=\"height: 90px\"><span class=\"vc_empty_space_inner\"><\/span><\/div>\n\t<div class=\"wpb_text_column wpb_content_element\" >\n\t\t<div class=\"wpb_wrapper\">\n\t\t\t<h2 style=\"text-align: center;\">\u00ab We are very attached to the subjects of childhood, education, schooling and training for young adults. The values and principles of the Grand Coeur Foundation meet the ideals of CIS Tchad. \u00bb<\/h2>\n\n\t\t<\/div>\n\t<\/div>\n<\/div><\/div><\/div><div class=\"wpb_column vc_column_container vc_col-sm-12\"><div class=\"vc_column-inner\"><div class=\"wpb_wrapper\"><div class=\"vc_empty_space\"   style=\"height: 90px\"><span class=\"vc_empty_space_inner\"><\/span><\/div><\/div><\/div><\/div><\/div><div data-vc-full-width=\"true\" data-vc-full-width-init=\"false\" data-vc-stretch-content=\"true\" class=\"vc_row wpb_row vc_row-fluid vc_custom_1581688586277 vc_row-has-fill\"><div class=\"wpb_column vc_column_container vc_col-sm-3\"><div class=\"vc_column-inner\"><div class=\"wpb_wrapper\">\n\t<div  class=\"wpb_single_image wpb_content_element vc_align_center\">\n\t\t\n\t\t<figure class=\"wpb_wrapper vc_figure\">\n\t\t\t<div class=\"vc_single_image-wrapper   vc_box_border_grey\"><img decoding=\"async\" class=\"vc_single_image-img\" src=\"https:\/\/cis-chad.com\/wp-content\/uploads\/2020\/01\/Tchad-LOGO-fondation-grand-coeur-e1580479431244-200x200.png\" width=\"200\" height=\"200\" alt=\"Tchad-LOGO-fondation-grand-coeur\" title=\"Tchad-LOGO-fondation-grand-coeur\" \/><\/div>\n\t\t<\/figure>\n\t<\/div>\n<\/div><\/div><\/div><div class=\"wpb_column vc_column_container vc_col-sm-3\"><div class=\"vc_column-inner vc_custom_1580478071745\"><div class=\"wpb_wrapper\">\n\t<div class=\"wpb_text_column wpb_content_element\" >\n\t\t<div class=\"wpb_wrapper\">\n\t\t\t<h2 style=\"text-align: center;\"><span style=\"color: #ffffff;\">Fight against<br \/>\nsocial inequalities<\/span><\/h2>\n\n\t\t<\/div>\n\t<\/div>\n<\/div><\/div><\/div><div class=\"wpb_column vc_column_container vc_col-sm-3\"><div class=\"vc_column-inner vc_custom_1580478083950\"><div class=\"wpb_wrapper\">\n\t<div class=\"wpb_text_column wpb_content_element\" >\n\t\t<div class=\"wpb_wrapper\">\n\t\t\t<h2 style=\"text-align: center;\"><span style=\"color: #ffffff;\">Well-being &amp;<br \/>\nDevelopment<\/span><\/h2>\n\n\t\t<\/div>\n\t<\/div>\n<\/div><\/div><\/div><div class=\"wpb_column vc_column_container vc_col-sm-3\"><div class=\"vc_column-inner vc_custom_1580478093733\"><div class=\"wpb_wrapper\">\n\t<div class=\"wpb_text_column wpb_content_element\" >\n\t\t<div class=\"wpb_wrapper\">\n\t\t\t<h2 style=\"text-align: center;\"><span style=\"color: #ffffff;\">Promotion of merit<br \/>\n&amp; de l&#8217;excellence<\/span><\/h2>\n\n\t\t<\/div>\n\t<\/div>\n<\/div><\/div><\/div><\/div><div class=\"vc_row-full-width vc_clearfix\"><\/div><div class=\"vc_row wpb_row vc_row-fluid vc_custom_1580478145828\"><div class=\"wpb_column vc_column_container vc_col-sm-12\"><div class=\"vc_column-inner\"><div class=\"wpb_wrapper\"><div class=\"vc_custom_1580833510599\">\r\n\t<div class=\"rt-text-with-image\">\r\n\t\t<div class=\"row\">\r\n\t\t\t<div class=\"col-lg-6 col-md-6 col-sm-6 col-xs-12\">\r\n\t\t\t\t<div class=\"rtin-text-part\">\r\n\t\t\t\t\t\t\t\t\t\t<h2 style=\"color:#000000\">CIS Chad, partner of the Grand Coeur Foundation<\/h2>\r\n\t\t\t\t\t\t\t\t\t\t<\/p>\n<p style=\"text-align: justify\">CIS Chad is proud to be a partner and actor of the \"Grand Coeur\" Foundation since 2018, alongside the first lady of Chad, Madame Hinda d\u00e9by itno.<\/p>\n<p style=\"text-align: justify\">The Grand Coeur Foundation works for Social Welfare and Development and its main mission is the fight against social inequalities, the search for the well-being of populations, development, the promotion of merit and the promotion of excellence.<\/p>\n<p style=\"text-align: justify\">In 20 years, CIS has become a leading economic player allowing us to perpetuate our activities and therefore continue to support our actions undertaken with the Grand Coeur Foundation.<\/p>\n<p>\t\t\t\t<\/div>\r\n\t\t\t<\/div>\r\n\t\t\t<div class=\"col-lg-6 col-md-6 col-sm-6 col-xs-12\">\r\n\t\t\t\t<img decoding=\"async\" width=\"550\" height=\"450\" src=\"https:\/\/cis-chad.com\/wp-content\/uploads\/2020\/02\/CIS-CHAD-d\u00e9veloppement-durable-fondation-grand-coeur-1.jpg\" class=\"attachment-full size-full\" alt=\"\" srcset=\"https:\/\/cis-chad.com\/wp-content\/uploads\/2020\/02\/CIS-CHAD-d\u00e9veloppement-durable-fondation-grand-coeur-1.jpg 550w, https:\/\/cis-chad.com\/wp-content\/uploads\/2020\/02\/CIS-CHAD-d\u00e9veloppement-durable-fondation-grand-coeur-1-300x245.jpg 300w\" sizes=\"(max-width: 550px) 100vw, 550px\" \/>\t\t\t<\/div>\r\n\t\t<\/div>\r\n\t<\/div>\r\n<\/div><div class=\"\">\r\n\t<div class=\"rt-text-with-image\">\r\n\t\t<div class=\"row\">\r\n\t\t\t<div class=\"col-lg-6 col-md-6 col-sm-6 col-xs-12\">\r\n\t\t\t\t<img decoding=\"async\" width=\"550\" height=\"450\" src=\"https:\/\/cis-chad.com\/wp-content\/uploads\/2020\/01\/CIS-CHAD-d\u00e9veloppement-durable-2.jpg\" class=\"attachment-full size-full\" alt=\"\" srcset=\"https:\/\/cis-chad.com\/wp-content\/uploads\/2020\/01\/CIS-CHAD-d\u00e9veloppement-durable-2.jpg 550w, https:\/\/cis-chad.com\/wp-content\/uploads\/2020\/01\/CIS-CHAD-d\u00e9veloppement-durable-2-300x245.jpg 300w\" sizes=\"(max-width: 550px) 100vw, 550px\" \/>\t\t\t<\/div>\t\t\t\t\t\r\n\t\t\t<div class=\"col-lg-6 col-md-6 col-sm-6 col-xs-12\">\r\n\t\t\t\t<div class=\"rtin-text-part\">\r\n\t\t\t\t\t\t\t\t\t\t<h2 style=\"color:#000000\">Our actions within the foundation<\/h2>\r\n\t\t\t\t\t\t\t\t\t\t<\/p>\n<ul>\n<li>Donation of goods,<\/li>\n<li>Preparing meals,<\/li>\n<li>Actions visant \u00e0 am\u00e9liorer la sant\u00e9 et l&#8217;\u00e9ducation des Tchadiens,<\/li>\n<li>En janvier 2019, une manifestation pour 1500 enfants orphelins de 12 orphelinats locaux a \u00e9t\u00e9 coorganis\u00e9e par la Fondation et le CIS Chad, \u00e0 N\u2019Djamena. Les enfants ont re\u00e7u des kits scolaires, ainsi que des tenues offertes dans le cadre du partenariat CIS-FGC. Les partenaires et invit\u00e9s, y compris le ministre de l&#8217;Enfance et du Bien-\u00eatre social, ont soutenu l&#8217;\u00e9v\u00e9nement.<\/li>\n<\/ul>\n<p>\t\t\t\t<\/div>\r\n\t\t\t<\/div>\r\n\t\t<\/div>\r\n\t<\/div>\r\n<\/div><\/div><\/div><\/div><\/div><div class=\"vc_row wpb_row vc_row-fluid\"><div class=\"wpb_column vc_column_container vc_col-sm-12\"><div class=\"vc_column-inner\"><div class=\"wpb_wrapper\"><div class=\"vc_empty_space\"   style=\"height: 95px\"><span class=\"vc_empty_space_inner\"><\/span><\/div><\/div><\/div><\/div><\/div><div class=\"vc_row wpb_row vc_row-fluid\"><div class=\"wpb_column vc_column_container vc_col-sm-6 vc_col-has-fill\"><div class=\"vc_column-inner vc_custom_1580132374324\"><div class=\"wpb_wrapper\">\n\t<div class=\"wpb_text_column wpb_content_element  vc_custom_1582036957527\" >\n\t\t<div class=\"wpb_wrapper\">\n\t\t\t<h2 class=\"title title-1 form-title\"><span style=\"color: #ffffff;\"><strong>Plus d&#8217;informations sur la Fondation Grand-coeur<\/strong><\/span><\/h2>\n<p><span style=\"color: #ffffff;\">The \"Grand Coeur\" foundation for social well-being, as its name suggests, intends to open up its field of action to assist, help and promote ...<\/span><\/p>\n\n\t\t<\/div>\n\t<\/div>\n<div class=\"vc_btn3-container vc_btn3-center vc_custom_1582039116769\" ><a onmouseleave=\"this.style.borderColor='#ffffff'; this.style.backgroundColor='transparent'; this.style.color='#ffffff'\" onmouseenter=\"this.style.borderColor='#ffffff'; this.style.backgroundColor='#ffffff'; this.style.color='#0d496f';\" style=\"border-color:#ffffff; color:#ffffff;\" class=\"vc_general vc_btn3 vc_btn3-size-lg vc_btn3-shape-square vc_btn3-style-outline-custom vc_btn3-block\" href=\"https:\/\/fondationgrandcoeur.td\/\" title=\"\">Learn more<\/a><\/div><\/div><\/div><\/div><div data-vc-parallax=\"1\" data-vc-parallax-image=\"https:\/\/cis-chad.com\/wp-content\/uploads\/2020\/02\/CIS-CHAD-d\u00e9veloppement-durable-fondation-grand-coeur-plus-informations.jpg\" class=\"wpb_column vc_column_container vc_col-sm-6 vc_col-has-fill vc_general vc_parallax vc_parallax-content-moving\"><div class=\"vc_column-inner vc_custom_1582039039524\"><div class=\"wpb_wrapper\"><\/div><\/div><\/div><\/div><div class=\"vc_row wpb_row vc_row-fluid\"><div class=\"wpb_column vc_column_container vc_col-sm-12\"><div class=\"vc_column-inner vc_custom_1580479816751\"><div class=\"wpb_wrapper\"><div class=\"\">\n\t<div class=\"rt-vc-title rtin-section-title-left\">\n\t\t\t\t\t<h2 class=\"rt-section-title-vc\" style=\"font-size:30px; color:#222222;\">Learn more<\/h2>\n\t\t\t<\/div>\n<\/div><\/div><\/div><\/div><\/div><div class=\"vc_row wpb_row vc_row-fluid vc_custom_1558540778549 vc_column-gap-30\"><div class=\"wpb_column vc_column_container vc_col-sm-4 vc_col-has-fill\"><div class=\"vc_column-inner vc_custom_1580913341869\"><div class=\"wpb_wrapper\">\n\t<div class=\"wpb_text_column wpb_content_element\" >\n\t\t<div class=\"wpb_wrapper\">\n\t\t\t<div class=\"eds-animate\" data-eds-entry-animation=\"zoomIn\" data-eds-entry-delay=\"0\" data-eds-entry-duration=\"1\" data-eds-entry-timing=\"linear\" data-eds-exit-animation=\"\" data-eds-exit-delay=\"\" data-eds-exit-duration=\"\" data-eds-exit-timing=\"\" data-eds-repeat-count=\"1\" data-eds-keep=\"yes\" data-eds-animate-on=\"hover\" data-eds-scroll-offset=\"\">\n<h2 style=\"text-align: center;\"><a href=\"https:\/\/cis-chad.com\/en\/developpement-durable\/\"><span style=\"color: #ffffff;\"><strong>Sustainable development<\/strong><\/span><\/a><\/h2>\n<\/div>\n\n\t\t<\/div>\n\t<\/div>\n<\/div><\/div><\/div><div class=\"wpb_column vc_column_container vc_col-sm-4 vc_col-has-fill\"><div class=\"vc_column-inner vc_custom_1580913224100\"><div class=\"wpb_wrapper\">\n\t<div class=\"wpb_text_column wpb_content_element\" >\n\t\t<div class=\"wpb_wrapper\">\n\t\t\t<div class=\"eds-animate\" data-eds-entry-animation=\"zoomIn\" data-eds-entry-delay=\"0\" data-eds-entry-duration=\"1\" data-eds-entry-timing=\"linear\" data-eds-exit-animation=\"\" data-eds-exit-delay=\"\" data-eds-exit-duration=\"\" data-eds-exit-timing=\"\" data-eds-repeat-count=\"1\" data-eds-keep=\"yes\" data-eds-animate-on=\"hover\" data-eds-scroll-offset=\"\">\n<h2 style=\"text-align: center;\"><a href=\"https:\/\/cis-chad.com\/en\/engagements-qhse\/\"><span style=\"color: #ffffff;\"><strong>QHSE Commitments<\/strong><\/span><\/a><\/h2>\n<\/div>\n\n\t\t<\/div>\n\t<\/div>\n<\/div><\/div><\/div><div class=\"wpb_column vc_column_container vc_col-sm-4 vc_col-has-fill\"><div class=\"vc_column-inner vc_custom_1579690917506\"><div class=\"wpb_wrapper\">\n\t<div class=\"wpb_text_column wpb_content_element\" >\n\t\t<div class=\"wpb_wrapper\">\n\t\t\t<div class=\"eds-animate\" data-eds-entry-animation=\"zoomIn\" data-eds-entry-delay=\"0\" data-eds-entry-duration=\"1\" data-eds-entry-timing=\"linear\" data-eds-exit-animation=\"\" data-eds-exit-delay=\"\" data-eds-exit-duration=\"\" data-eds-exit-timing=\"\" data-eds-repeat-count=\"1\" data-eds-keep=\"yes\" data-eds-animate-on=\"hover\" data-eds-scroll-offset=\"\">\n<h2 style=\"text-align: center;\"><a href=\"https:\/\/cis-chad.com\/en\/chiffres-cles\/\"><span style=\"color: #ffffff;\"><strong>Key Figures<\/strong><\/span><\/a><\/h2>\n<\/div>\n\n\t\t<\/div>\n\t<\/div>\n<\/div><\/div><\/div><\/div>\n<\/section>","protected":false},"excerpt":{"rendered":"\u00ab Nous sommes tr\u00e8s attach\u00e9s aux sujets de l\u2019enfance, de l\u2019\u00e9ducation, de la scolarisation et de la formation des jeunes adultes. Les valeurs et les principes de la Fondation Grand C\u0153ur rejoignent les id\u00e9aux de CIS Tchad. \u00bb Lutte contre les in\u00e9galit\u00e9s sociales Bien-\u00eatre &amp; D\u00e9veloppement Promotion du m\u00e9rite &amp; de l'excellence CIS Tchad, partenaire [...]","protected":false},"author":2,"featured_media":0,"parent":0,"menu_order":0,"comment_status":"closed","ping_status":"closed","template":"","meta":{"footnotes":""},"class_list":["post-5922","page","type-page","status-publish","hentry"],"yoast_head":"<!-- This site is optimized with the Yoast SEO plugin v27.3 - https:\/\/yoast.com\/product\/yoast-seo-wordpress\/ -->\n<title>Fondation Grand Coeur - CIS Tchad<\/title>\n<meta name=\"robots\" content=\"index, follow, max-snippet:-1, max-image-preview:large, max-video-preview:-1\" \/>\n<link rel=\"canonical\" href=\"https:\/\/cis-chad.com\/en\/fondation-grand-coeur\/\" \/>\n<meta property=\"og:locale\" content=\"en_GB\" \/>\n<meta property=\"og:type\" content=\"article\" \/>\n<meta property=\"og:title\" content=\"Fondation Grand Coeur - CIS Tchad\" \/>\n<meta property=\"og:url\" content=\"https:\/\/cis-chad.com\/en\/fondation-grand-coeur\/\" \/>\n<meta property=\"og:site_name\" content=\"CIS Tchad\" \/>\n<meta property=\"article:modified_time\" content=\"2020-03-16T10:47:12+00:00\" \/>\n<meta name=\"twitter:card\" content=\"summary_large_image\" \/>\n<meta name=\"twitter:label1\" content=\"Est. reading time\" \/>\n\t<meta name=\"twitter:data1\" content=\"4 minutes\" \/>\n<!-- \/ Yoast SEO plugin. -->","yoast_head_json":{"title":"Fondation Grand Coeur - CIS Tchad","robots":{"index":"index","follow":"follow","max-snippet":"max-snippet:-1","max-image-preview":"max-image-preview:large","max-video-preview":"max-video-preview:-1"},"canonical":"https:\/\/cis-chad.com\/en\/fondation-grand-coeur\/","og_locale":"en_GB","og_type":"article","og_title":"Fondation Grand Coeur - CIS Tchad","og_url":"https:\/\/cis-chad.com\/en\/fondation-grand-coeur\/","og_site_name":"CIS Tchad","article_modified_time":"2020-03-16T10:47:12+00:00","twitter_card":"summary_large_image","twitter_misc":{"Est. reading time":"4 minutes"},"schema":{"@context":"https:\/\/schema.org","@graph":[{"@type":"WebPage","@id":"https:\/\/cis-chad.com\/en\/fondation-grand-coeur\/","url":"https:\/\/cis-chad.com\/en\/fondation-grand-coeur\/","name":"Fondation Grand Coeur - CIS Tchad","isPartOf":{"@id":"https:\/\/cis-chad.com\/#website"},"datePublished":"2020-01-30T17:07:20+00:00","dateModified":"2020-03-16T10:47:12+00:00","breadcrumb":{"@id":"https:\/\/cis-chad.com\/en\/fondation-grand-coeur\/#breadcrumb"},"inLanguage":"en-GB","potentialAction":[{"@type":"ReadAction","target":["https:\/\/cis-chad.com\/en\/fondation-grand-coeur\/"]}]},{"@type":"BreadcrumbList","@id":"https:\/\/cis-chad.com\/en\/fondation-grand-coeur\/#breadcrumb","itemListElement":[{"@type":"ListItem","position":1,"name":"Accueil","item":"https:\/\/cis-chad.com\/"},{"@type":"ListItem","position":2,"name":"Fondation Grand Coeur"}]},{"@type":"WebSite","@id":"https:\/\/cis-chad.com\/#website","url":"https:\/\/cis-chad.com\/","name":"CIS Chad","description":"Integrated Life Support Services","potentialAction":[{"@type":"SearchAction","target":{"@type":"EntryPoint","urlTemplate":"https:\/\/cis-chad.com\/?s={search_term_string}"},"query-input":{"@type":"PropertyValueSpecification","valueRequired":true,"valueName":"search_term_string"}}],"inLanguage":"en-GB"}]}},"_links":{"self":[{"href":"https:\/\/cis-chad.com\/en\/wp-json\/wp\/v2\/pages\/5922","targetHints":{"allow":["GET"]}}],"collection":[{"href":"https:\/\/cis-chad.com\/en\/wp-json\/wp\/v2\/pages"}],"about":[{"href":"https:\/\/cis-chad.com\/en\/wp-json\/wp\/v2\/types\/page"}],"author":[{"embeddable":true,"href":"https:\/\/cis-chad.com\/en\/wp-json\/wp\/v2\/users\/2"}],"replies":[{"embeddable":true,"href":"https:\/\/cis-chad.com\/en\/wp-json\/wp\/v2\/comments?post=5922"}],"version-history":[{"count":33,"href":"https:\/\/cis-chad.com\/en\/wp-json\/wp\/v2\/pages\/5922\/revisions"}],"predecessor-version":[{"id":6413,"href":"https:\/\/cis-chad.com\/en\/wp-json\/wp\/v2\/pages\/5922\/revisions\/6413"}],"wp:attachment":[{"href":"https:\/\/cis-chad.com\/en\/wp-json\/wp\/v2\/media?parent=5922"}],"curies":[{"name":"wp","href":"https:\/\/api.w.org\/{rel}","templated":true}]}}