{"id":5688,"date":"2020-01-23T09:53:35","date_gmt":"2020-01-23T09:53:35","guid":{"rendered":"https:\/\/cis-chad.com\/?page_id=5688"},"modified":"2021-02-12T11:05:57","modified_gmt":"2021-02-12T11:05:57","slug":"recompenses","status":"publish","type":"page","link":"https:\/\/cis-chad.com\/en\/recompenses\/","title":{"rendered":"Awards"},"content":{"rendered":"<section class=\"wpb-content-wrapper\"><div class=\"vc_row wpb_row vc_row-fluid\"><div class=\"wpb_column vc_column_container vc_col-sm-12\"><div class=\"vc_column-inner\"><div class=\"wpb_wrapper\"><div class=\"vc_empty_space\"   style=\"height: 100px\"><span class=\"vc_empty_space_inner\"><\/span><\/div><\/div><\/div><\/div><\/div><div class=\"vc_row wpb_row vc_row-fluid vc_custom_1579778082794\"><div class=\"wpb_column vc_column_container vc_col-sm-4\"><div class=\"vc_column-inner\"><div class=\"wpb_wrapper\">\n\t<div  class=\"wpb_single_image wpb_content_element vc_align_left\">\n\t\t\n\t\t<figure class=\"wpb_wrapper vc_figure\">\n\t\t\t<div class=\"vc_single_image-wrapper   vc_box_border_grey\"><img decoding=\"async\" width=\"360\" height=\"200\" src=\"https:\/\/cis-chad.com\/wp-content\/uploads\/2020\/02\/CIS-CHAD-r\u00e9compenses-14-and-sans-LTI-2020.jpg\" class=\"vc_single_image-img attachment-full\" alt=\"\" title=\"CIS-CHAD-r\u00e9compenses-14-and-sans-LTI-2020\" srcset=\"https:\/\/cis-chad.com\/wp-content\/uploads\/2020\/02\/CIS-CHAD-r\u00e9compenses-14-and-sans-LTI-2020.jpg 360w, https:\/\/cis-chad.com\/wp-content\/uploads\/2020\/02\/CIS-CHAD-r\u00e9compenses-14-and-sans-LTI-2020-300x167.jpg 300w\" sizes=\"(max-width: 360px) 100vw, 360px\" \/><\/div>\n\t\t<\/figure>\n\t<\/div>\n<\/div><\/div><\/div><div class=\"wpb_column vc_column_container vc_col-sm-8\"><div class=\"vc_column-inner vc_custom_1581087740812\"><div class=\"wpb_wrapper\">\n\t<div class=\"wpb_text_column wpb_content_element\" >\n\t\t<div class=\"wpb_wrapper\">\n\t\t\t<h2 style=\"text-align: justify;\"><strong>2020 <\/strong>14 years without LTI<\/h2>\n<p style=\"text-align: justify;\">\u00a0En 2018, CIS Tchad enregistre ses 14 ans sans LTI (Lost Time Injuries) sur le site de KOME 5, une performance salu\u00e9e par notre client.<\/p>\n\n\t\t<\/div>\n\t<\/div>\n<\/div><\/div><\/div><\/div><div class=\"vc_row wpb_row vc_row-fluid vc_custom_1579778060342\"><div class=\"wpb_column vc_column_container vc_col-sm-4\"><div class=\"vc_column-inner\"><div class=\"wpb_wrapper\">\n\t<div  class=\"wpb_single_image wpb_content_element vc_align_left\">\n\t\t\n\t\t<figure class=\"wpb_wrapper vc_figure\">\n\t\t\t<div class=\"vc_single_image-wrapper   vc_box_border_grey\"><img decoding=\"async\" width=\"360\" height=\"200\" src=\"https:\/\/cis-chad.com\/wp-content\/uploads\/2020\/01\/CIS-CHAD-r\u00e9compenses-contractor-security-award-EEPCI-ESSO-2018.jpg\" class=\"vc_single_image-img attachment-full\" alt=\"\" title=\"CIS-CHAD-r\u00e9compenses-contractor-security-award-EEPCI-ESSO-2018\" srcset=\"https:\/\/cis-chad.com\/wp-content\/uploads\/2020\/01\/CIS-CHAD-r\u00e9compenses-contractor-security-award-EEPCI-ESSO-2018.jpg 360w, https:\/\/cis-chad.com\/wp-content\/uploads\/2020\/01\/CIS-CHAD-r\u00e9compenses-contractor-security-award-EEPCI-ESSO-2018-300x167.jpg 300w\" sizes=\"(max-width: 360px) 100vw, 360px\" \/><\/div>\n\t\t<\/figure>\n\t<\/div>\n<\/div><\/div><\/div><div class=\"wpb_column vc_column_container vc_col-sm-8 vc_col-has-fill\"><div class=\"vc_column-inner vc_custom_1579774862185\"><div class=\"wpb_wrapper\">\n\t<div class=\"wpb_text_column wpb_content_element\" >\n\t\t<div class=\"wpb_wrapper\">\n\t\t\t<h2><span style=\"color: #ffffff;\"><strong>2019-2018 <\/strong>Contractor Security Award<\/span><\/h2>\n<p style=\"text-align: justify;\"><span style=\"color: #ffffff;\">CIS Tchad received the \u201cContractor Security Award 2018-2019\u201d in recognition of its active participation in the Security EEPCI program (Exxon) for the years 2018 &amp; 2019. In 2019, CIS Tchad recorded its 13 years without LTI (Lost Time Injuries) on the KOME 5 site.<\/span><\/p>\n\n\t\t<\/div>\n\t<\/div>\n<\/div><\/div><\/div><\/div><div class=\"vc_row wpb_row vc_row-fluid vc_custom_1579778082794\"><div class=\"wpb_column vc_column_container vc_col-sm-4\"><div class=\"vc_column-inner\"><div class=\"wpb_wrapper\">\n\t<div  class=\"wpb_single_image wpb_content_element vc_align_left\">\n\t\t\n\t\t<figure class=\"wpb_wrapper vc_figure\">\n\t\t\t<div class=\"vc_single_image-wrapper   vc_box_border_grey\"><img decoding=\"async\" width=\"360\" height=\"200\" src=\"https:\/\/cis-chad.com\/wp-content\/uploads\/2020\/01\/CIS-CHAD-r\u00e9compenses-contractor-security-award-EEPCI-ESSO-2019.jpg\" class=\"vc_single_image-img attachment-full\" alt=\"\" title=\"CIS-CHAD-r\u00e9compenses-contractor-security-award-EEPCI-ESSO-2019\" srcset=\"https:\/\/cis-chad.com\/wp-content\/uploads\/2020\/01\/CIS-CHAD-r\u00e9compenses-contractor-security-award-EEPCI-ESSO-2019.jpg 360w, https:\/\/cis-chad.com\/wp-content\/uploads\/2020\/01\/CIS-CHAD-r\u00e9compenses-contractor-security-award-EEPCI-ESSO-2019-300x167.jpg 300w\" sizes=\"(max-width: 360px) 100vw, 360px\" \/><\/div>\n\t\t<\/figure>\n\t<\/div>\n<\/div><\/div><\/div><div class=\"wpb_column vc_column_container vc_col-sm-8\"><div class=\"vc_column-inner vc_custom_1581087740812\"><div class=\"wpb_wrapper\">\n\t<div class=\"wpb_text_column wpb_content_element\" >\n\t\t<div class=\"wpb_wrapper\">\n\t\t\t<h2 style=\"text-align: justify;\"><strong>2018 <\/strong>Contractor Safety Award<\/h2>\n<p style=\"text-align: justify;\">CIS Tchad a re\u00e7u le \u00abContractor Safety Award 2018\u00bb pour ses performances en mati\u00e8re de s\u00e9curit\u00e9 par son client EEPCI (ExxonMobil) sur le site de KOME 5. Le Directeur G\u00e9n\u00e9ral d&#8217;EEPCI a f\u00e9licit\u00e9 les \u00e9quipes CIS pour leur professionnalisme et leur implication. En 2018, CIS Tchad enregistre ses 12 ans sans LTI (Lost Time Injuries) sur le site de KOME 5.<\/p>\n\n\t\t<\/div>\n\t<\/div>\n<\/div><\/div><\/div><\/div><div class=\"vc_row wpb_row vc_row-fluid vc_custom_1579778060342\"><div class=\"wpb_column vc_column_container vc_col-sm-4\"><div class=\"vc_column-inner\"><div class=\"wpb_wrapper\">\n\t<div  class=\"wpb_single_image wpb_content_element vc_align_left\">\n\t\t\n\t\t<figure class=\"wpb_wrapper vc_figure\">\n\t\t\t<div class=\"vc_single_image-wrapper   vc_box_border_grey\"><img decoding=\"async\" width=\"360\" height=\"200\" src=\"https:\/\/cis-chad.com\/wp-content\/uploads\/2020\/02\/CIS-CHAD-r\u00e9compenses-contractor-safety-award-EEPCI-ESSO-2017.jpg\" class=\"vc_single_image-img attachment-full\" alt=\"\" title=\"CIS-CHAD-r\u00e9compenses-contractor-safety-award-EEPCI-ESSO-2017\" srcset=\"https:\/\/cis-chad.com\/wp-content\/uploads\/2020\/02\/CIS-CHAD-r\u00e9compenses-contractor-safety-award-EEPCI-ESSO-2017.jpg 360w, https:\/\/cis-chad.com\/wp-content\/uploads\/2020\/02\/CIS-CHAD-r\u00e9compenses-contractor-safety-award-EEPCI-ESSO-2017-300x167.jpg 300w\" sizes=\"(max-width: 360px) 100vw, 360px\" \/><\/div>\n\t\t<\/figure>\n\t<\/div>\n<\/div><\/div><\/div><div class=\"wpb_column vc_column_container vc_col-sm-8 vc_col-has-fill\"><div class=\"vc_column-inner vc_custom_1581088933794\"><div class=\"wpb_wrapper\">\n\t<div class=\"wpb_text_column wpb_content_element\" >\n\t\t<div class=\"wpb_wrapper\">\n\t\t\t<h2 style=\"text-align: justify;\"><span style=\"color: #ffffff;\"><strong>2017 <\/strong>Contractor Safety Award<\/span><\/h2>\n<p style=\"text-align: justify;\"><span style=\"color: #ffffff;\">CIS Tchad a re\u00e7u le \u00abContractor Safety Award 2017\u00bb pour ses performances en mati\u00e8re de s\u00e9curit\u00e9 par son client EEPCI (ExxonMobil) sur le site de KOME 5. Le Directeur G\u00e9n\u00e9ral d&#8217;EEPCI a f\u00e9licit\u00e9 les \u00e9quipes CIS pour leur professionnalisme et leur implication. En 2017, CIS Tchad enregistre ses 11 ans sans LTI (Lost Time Injuries) sur le site de KOME 5.<\/span><\/p>\n\n\t\t<\/div>\n\t<\/div>\n<\/div><\/div><\/div><\/div><div class=\"vc_row wpb_row vc_row-fluid vc_custom_1579778082794\"><div class=\"wpb_column vc_column_container vc_col-sm-4\"><div class=\"vc_column-inner\"><div class=\"wpb_wrapper\">\n\t<div  class=\"wpb_single_image wpb_content_element vc_align_left\">\n\t\t\n\t\t<figure class=\"wpb_wrapper vc_figure\">\n\t\t\t<div class=\"vc_single_image-wrapper   vc_box_border_grey\"><img decoding=\"async\" width=\"360\" height=\"200\" src=\"https:\/\/cis-chad.com\/wp-content\/uploads\/2020\/02\/CIS-CHAD-r\u00e9compenses-contractor-safety-award-EEPCI-ESSO-2016.jpg\" class=\"vc_single_image-img attachment-full\" alt=\"\" title=\"CIS-CHAD-r\u00e9compenses-contractor-safety-award-EEPCI-ESSO-2016\" srcset=\"https:\/\/cis-chad.com\/wp-content\/uploads\/2020\/02\/CIS-CHAD-r\u00e9compenses-contractor-safety-award-EEPCI-ESSO-2016.jpg 360w, https:\/\/cis-chad.com\/wp-content\/uploads\/2020\/02\/CIS-CHAD-r\u00e9compenses-contractor-safety-award-EEPCI-ESSO-2016-300x167.jpg 300w\" sizes=\"(max-width: 360px) 100vw, 360px\" \/><\/div>\n\t\t<\/figure>\n\t<\/div>\n<\/div><\/div><\/div><div class=\"wpb_column vc_column_container vc_col-sm-8\"><div class=\"vc_column-inner vc_custom_1581088941722\"><div class=\"wpb_wrapper\">\n\t<div class=\"wpb_text_column wpb_content_element\" >\n\t\t<div class=\"wpb_wrapper\">\n\t\t\t<h2><strong>2016 <\/strong>Contractor Safety Award<\/h2>\n<p style=\"text-align: justify;\">CIS Tchad a re\u00e7u le \u00abContractor Safety Award 2016\u00bb pour ses performances en mati\u00e8re de s\u00e9curit\u00e9 par son client EEPCI (ExxonMobil) sur le site de KOME 5. Le Directeur G\u00e9n\u00e9ral d&#8217;EEPCI a f\u00e9licit\u00e9 les \u00e9quipes CIS pour leur professionnalisme et leur implication. En 2016, CIS Tchad enregistre ses 11 ans sans LTI (Lost Time Injuries) sur le site de KOME 5.<\/p>\n\n\t\t<\/div>\n\t<\/div>\n<\/div><\/div><\/div><\/div><div class=\"vc_row wpb_row vc_row-fluid vc_custom_1579778060342\"><div class=\"wpb_column vc_column_container vc_col-sm-4\"><div class=\"vc_column-inner\"><div class=\"wpb_wrapper\">\n\t<div  class=\"wpb_single_image wpb_content_element vc_align_left\">\n\t\t\n\t\t<figure class=\"wpb_wrapper vc_figure\">\n\t\t\t<div class=\"vc_single_image-wrapper   vc_box_border_grey\"><img decoding=\"async\" width=\"360\" height=\"200\" src=\"https:\/\/cis-chad.com\/wp-content\/uploads\/2020\/02\/CIS-CHAD-r\u00e9compenses-contractor-safety-award-EEPCI-ESSO-2015.jpg\" class=\"vc_single_image-img attachment-full\" alt=\"\" title=\"CIS-CHAD-r\u00e9compenses-contractor-safety-award-EEPCI-ESSO-2015\" srcset=\"https:\/\/cis-chad.com\/wp-content\/uploads\/2020\/02\/CIS-CHAD-r\u00e9compenses-contractor-safety-award-EEPCI-ESSO-2015.jpg 360w, https:\/\/cis-chad.com\/wp-content\/uploads\/2020\/02\/CIS-CHAD-r\u00e9compenses-contractor-safety-award-EEPCI-ESSO-2015-300x167.jpg 300w\" sizes=\"(max-width: 360px) 100vw, 360px\" \/><\/div>\n\t\t<\/figure>\n\t<\/div>\n<\/div><\/div><\/div><div class=\"wpb_column vc_column_container vc_col-sm-8 vc_col-has-fill\"><div class=\"vc_column-inner vc_custom_1581088949551\"><div class=\"wpb_wrapper\">\n\t<div class=\"wpb_text_column wpb_content_element\" >\n\t\t<div class=\"wpb_wrapper\">\n\t\t\t<h2 style=\"text-align: justify;\"><span style=\"color: #ffffff;\"><strong>2015 <\/strong>Contractor Safety Award<\/span><\/h2>\n<p style=\"text-align: justify;\"><span style=\"color: #ffffff;\"> CIS Tchad a re\u00e7u le \u00abContractor Safety Award 2015\u00bb pour ses performances en mati\u00e8re de s\u00e9curit\u00e9 par son client EEPCI (ExxonMobil) sur le site de KOME 5. Le Directeur G\u00e9n\u00e9ral d&#8217;EEPCI a f\u00e9licit\u00e9 les \u00e9quipes CIS pour leur professionnalisme et leur implication. En 2015, CIS Tchad enregistre ses 10 ans sans LTI (Lost Time Injuries) sur le site de KOME 5.<\/span><\/p>\n\n\t\t<\/div>\n\t<\/div>\n<\/div><\/div><\/div><\/div><div class=\"vc_row wpb_row vc_row-fluid vc_custom_1579778082794\"><div class=\"wpb_column vc_column_container vc_col-sm-4\"><div class=\"vc_column-inner\"><div class=\"wpb_wrapper\">\n\t<div  class=\"wpb_single_image wpb_content_element vc_align_left\">\n\t\t\n\t\t<figure class=\"wpb_wrapper vc_figure\">\n\t\t\t<div class=\"vc_single_image-wrapper   vc_box_border_grey\"><img decoding=\"async\" width=\"360\" height=\"200\" src=\"https:\/\/cis-chad.com\/wp-content\/uploads\/2020\/02\/CIS-CHAD-r\u00e9compenses-contractor-safety-award-EEPCI-ESSO-2014.jpg\" class=\"vc_single_image-img attachment-full\" alt=\"\" title=\"CIS-CHAD-r\u00e9compenses-contractor-safety-award-EEPCI-ESSO-2014\" srcset=\"https:\/\/cis-chad.com\/wp-content\/uploads\/2020\/02\/CIS-CHAD-r\u00e9compenses-contractor-safety-award-EEPCI-ESSO-2014.jpg 360w, https:\/\/cis-chad.com\/wp-content\/uploads\/2020\/02\/CIS-CHAD-r\u00e9compenses-contractor-safety-award-EEPCI-ESSO-2014-300x167.jpg 300w\" sizes=\"(max-width: 360px) 100vw, 360px\" \/><\/div>\n\t\t<\/figure>\n\t<\/div>\n<\/div><\/div><\/div><div class=\"wpb_column vc_column_container vc_col-sm-8\"><div class=\"vc_column-inner vc_custom_1581090044168\"><div class=\"wpb_wrapper\">\n\t<div class=\"wpb_text_column wpb_content_element\" >\n\t\t<div class=\"wpb_wrapper\">\n\t\t\t<h2 style=\"text-align: justify;\"><strong>2014 <\/strong>Contractor Safety Award<\/h2>\n<p style=\"text-align: justify;\">CIS Tchad a re\u00e7u le \u00abContractor Safety Award 2014\u00bb pour ses performances en mati\u00e8re de s\u00e9curit\u00e9 par son client EEPCI (ExxonMobil) sur le site de KOME 5. Le Directeur G\u00e9n\u00e9ral d&#8217;EEPCI a f\u00e9licit\u00e9 les \u00e9quipes CIS pour leur professionnalisme et leur implication. En 2014, CIS Tchad enregistre ses 9 ans sans LTI (Lost Time Injuries) sur le site de KOME 5.<\/p>\n\n\t\t<\/div>\n\t<\/div>\n<\/div><\/div><\/div><\/div><div class=\"vc_row wpb_row vc_row-fluid vc_custom_1579778060342\"><div class=\"wpb_column vc_column_container vc_col-sm-4\"><div class=\"vc_column-inner\"><div class=\"wpb_wrapper\">\n\t<div  class=\"wpb_single_image wpb_content_element vc_align_left\">\n\t\t\n\t\t<figure class=\"wpb_wrapper vc_figure\">\n\t\t\t<div class=\"vc_single_image-wrapper   vc_box_border_grey\"><img decoding=\"async\" width=\"360\" height=\"200\" src=\"https:\/\/cis-chad.com\/wp-content\/uploads\/2020\/02\/CIS-CHAD-r\u00e9compenses-contractor-safety-award-EEPCI-ESSO-2013.jpg\" class=\"vc_single_image-img attachment-full\" alt=\"\" title=\"CIS-CHAD-r\u00e9compenses-contractor-safety-award-EEPCI-ESSO-2013\" srcset=\"https:\/\/cis-chad.com\/wp-content\/uploads\/2020\/02\/CIS-CHAD-r\u00e9compenses-contractor-safety-award-EEPCI-ESSO-2013.jpg 360w, https:\/\/cis-chad.com\/wp-content\/uploads\/2020\/02\/CIS-CHAD-r\u00e9compenses-contractor-safety-award-EEPCI-ESSO-2013-300x167.jpg 300w\" sizes=\"(max-width: 360px) 100vw, 360px\" \/><\/div>\n\t\t<\/figure>\n\t<\/div>\n<\/div><\/div><\/div><div class=\"wpb_column vc_column_container vc_col-sm-8 vc_col-has-fill\"><div class=\"vc_column-inner vc_custom_1581088956697\"><div class=\"wpb_wrapper\">\n\t<div class=\"wpb_text_column wpb_content_element\" >\n\t\t<div class=\"wpb_wrapper\">\n\t\t\t<h2><span style=\"color: #ffffff;\"><strong>2013 <\/strong>Contractor Safety Award<\/span><\/h2>\n<p><span style=\"color: #ffffff;\">CIS Tchad a re\u00e7u le \u00abContractor Safety Award 2013\u00bb pour ses performances en mati\u00e8re de s\u00e9curit\u00e9 par son client EEPCI (ExxonMobil) sur le site de KOME 5. Le Directeur G\u00e9n\u00e9ral d&#8217;EEPCI a f\u00e9licit\u00e9 les \u00e9quipes CIS pour leur professionnalisme et leur implication. En 2013, CIS Tchad enregistre ses 8 ans sans LTI (Lost Time Injuries) sur le site de KOME 5.<\/span><\/p>\n\n\t\t<\/div>\n\t<\/div>\n<\/div><\/div><\/div><\/div><div class=\"vc_row wpb_row vc_row-fluid vc_custom_1579778082794\"><div class=\"wpb_column vc_column_container vc_col-sm-4\"><div class=\"vc_column-inner\"><div class=\"wpb_wrapper\">\n\t<div  class=\"wpb_single_image wpb_content_element vc_align_left\">\n\t\t\n\t\t<figure class=\"wpb_wrapper vc_figure\">\n\t\t\t<div class=\"vc_single_image-wrapper   vc_box_border_grey\"><img decoding=\"async\" width=\"360\" height=\"200\" src=\"https:\/\/cis-chad.com\/wp-content\/uploads\/2020\/03\/CIS-CHAD-r\u00e9compenses-contractor-safety-award-EEPCI-ESSO-2012.jpg\" class=\"vc_single_image-img attachment-full\" alt=\"\" title=\"CIS-CHAD-r\u00e9compenses-contractor-safety-award-EEPCI-ESSO-2012\" srcset=\"https:\/\/cis-chad.com\/wp-content\/uploads\/2020\/03\/CIS-CHAD-r\u00e9compenses-contractor-safety-award-EEPCI-ESSO-2012.jpg 360w, https:\/\/cis-chad.com\/wp-content\/uploads\/2020\/03\/CIS-CHAD-r\u00e9compenses-contractor-safety-award-EEPCI-ESSO-2012-300x167.jpg 300w\" sizes=\"(max-width: 360px) 100vw, 360px\" \/><\/div>\n\t\t<\/figure>\n\t<\/div>\n<\/div><\/div><\/div><div class=\"wpb_column vc_column_container vc_col-sm-8\"><div class=\"vc_column-inner vc_custom_1581088966771\"><div class=\"wpb_wrapper\">\n\t<div class=\"wpb_text_column wpb_content_element\" >\n\t\t<div class=\"wpb_wrapper\">\n\t\t\t<h2 style=\"text-align: justify;\"><strong>2012 <\/strong>Contractor Safety Award<\/h2>\n<p style=\"text-align: justify;\">CIS Tchad a re\u00e7u le \u00abContractor Safety Award 2012\u00bb pour ses performances en mati\u00e8re de s\u00e9curit\u00e9 par son client EEPCI (ExxonMobil) sur le site de KOME 5. Le Directeur G\u00e9n\u00e9ral d&#8217;EEPCI a f\u00e9licit\u00e9 les \u00e9quipes CIS pour leur professionnalisme et leur implication. En 2012, CIS Tchad enregistre ses 7 ans sans LTI (Lost Time Injuries) sur le site de KOME 5.<\/p>\n\n\t\t<\/div>\n\t<\/div>\n<\/div><\/div><\/div><\/div><div class=\"vc_row wpb_row vc_row-fluid vc_custom_1579875314517\"><div class=\"wpb_column vc_column_container vc_col-sm-12\"><div class=\"vc_column-inner\"><div class=\"wpb_wrapper\"><div class=\"\">\n\t<div class=\"rt-vc-title rtin-section-title-left\">\n\t\t\t\t\t<h2 class=\"rt-section-title-vc\" style=\"font-size:30px; color:#222222;\">Learn more<\/h2>\n\t\t\t<\/div>\n<\/div><\/div><\/div><\/div><\/div><div class=\"vc_row wpb_row vc_row-fluid vc_custom_1558541187104 vc_column-gap-30\"><div class=\"wpb_column vc_column_container vc_col-sm-4 vc_col-has-fill\"><div class=\"vc_column-inner vc_custom_1579016211445\"><div class=\"wpb_wrapper\">\n\t<div class=\"wpb_text_column wpb_content_element\" >\n\t\t<div class=\"wpb_wrapper\">\n\t\t\t<div class=\"eds-animate\" data-eds-entry-animation=\"zoomIn\" data-eds-entry-delay=\"0\" data-eds-entry-duration=\"1\" data-eds-entry-timing=\"linear\" data-eds-exit-animation=\"\" data-eds-exit-delay=\"\" data-eds-exit-duration=\"\" data-eds-exit-timing=\"\" data-eds-repeat-count=\"1\" data-eds-keep=\"yes\" data-eds-animate-on=\"hover\" data-eds-scroll-offset=\"\">\n<h2 style=\"text-align: center;\"><span style=\"color: #ffffff;\"><a style=\"color: #ffffff;\" href=\"https:\/\/cis-chad.com\/en\/presentation\/\"><strong>Presentation<\/strong><\/a><\/span><\/h2>\n<\/div>\n\n\t\t<\/div>\n\t<\/div>\n<\/div><\/div><\/div><div class=\"wpb_column vc_column_container vc_col-sm-4 vc_col-has-fill\"><div class=\"vc_column-inner vc_custom_1613128266764\"><div class=\"wpb_wrapper\">\n\t<div class=\"wpb_text_column wpb_content_element\" >\n\t\t<div class=\"wpb_wrapper\">\n\t\t\t<div class=\"eds-animate\" data-eds-entry-animation=\"zoomIn\" data-eds-entry-delay=\"0\" data-eds-entry-duration=\"1\" data-eds-entry-timing=\"linear\" data-eds-exit-animation=\"\" data-eds-exit-delay=\"\" data-eds-exit-duration=\"\" data-eds-exit-timing=\"\" data-eds-repeat-count=\"1\" data-eds-keep=\"yes\" data-eds-animate-on=\"hover\" data-eds-scroll-offset=\"\">\n<h2 style=\"text-align: center;\"><span style=\"color: #ffffff;\"><a style=\"color: #ffffff;\" href=\"https:\/\/cis-chad.com\/en\/mot-du-directeur-general\/\"><strong>General Manager Foreword<\/strong><\/a><\/span><\/h2>\n<\/div>\n\n\t\t<\/div>\n\t<\/div>\n<\/div><\/div><\/div><div class=\"wpb_column vc_column_container vc_col-sm-4 vc_col-has-fill\"><div class=\"vc_column-inner vc_custom_1579016237487\"><div class=\"wpb_wrapper\">\n\t<div class=\"wpb_text_column wpb_content_element\" >\n\t\t<div class=\"wpb_wrapper\">\n\t\t\t<div class=\"eds-animate\" data-eds-entry-animation=\"zoomIn\" data-eds-entry-delay=\"0\" data-eds-entry-duration=\"1\" data-eds-entry-timing=\"linear\" data-eds-exit-animation=\"\" data-eds-exit-delay=\"\" data-eds-exit-duration=\"\" data-eds-exit-timing=\"\" data-eds-repeat-count=\"1\" data-eds-keep=\"yes\" data-eds-animate-on=\"hover\" data-eds-scroll-offset=\"\">\n<h2 style=\"text-align: center;\"><span style=\"color: #ffffff;\"><a style=\"color: #ffffff;\" href=\"https:\/\/cis-chad.com\/en\/chiffres-cles\/\"><strong>Key figures<\/strong><\/a><\/span><\/h2>\n<\/div>\n\n\t\t<\/div>\n\t<\/div>\n<\/div><\/div><\/div><\/div>\n<\/section>","protected":false},"excerpt":{"rendered":"2020 14 ans sans LTI \u00a0En 2018, CIS Tchad enregistre ses 14 ans sans LTI (Lost Time Injuries) sur le site de KOME 5, une performance salu\u00e9e par notre client. 2019-2018 Contractor Security Award CIS Tchad a re\u00e7u le \u00abContractor Security Award 2018-2019\u00bb en reconnaissance de sa participation active au programme Security EEPCI (Exxon) sur [...]","protected":false},"author":2,"featured_media":0,"parent":0,"menu_order":0,"comment_status":"closed","ping_status":"closed","template":"","meta":{"footnotes":""},"class_list":["post-5688","page","type-page","status-publish","hentry"],"yoast_head":"<!-- This site is optimized with the Yoast SEO plugin v27.3 - https:\/\/yoast.com\/product\/yoast-seo-wordpress\/ -->\n<title>R\u00e9compenses - CIS Tchad<\/title>\n<meta name=\"robots\" content=\"index, follow, max-snippet:-1, max-image-preview:large, max-video-preview:-1\" \/>\n<link rel=\"canonical\" href=\"https:\/\/cis-chad.com\/en\/recompenses\/\" \/>\n<meta property=\"og:locale\" content=\"en_GB\" \/>\n<meta property=\"og:type\" content=\"article\" \/>\n<meta property=\"og:title\" content=\"R\u00e9compenses - CIS Tchad\" \/>\n<meta property=\"og:url\" content=\"https:\/\/cis-chad.com\/en\/recompenses\/\" \/>\n<meta property=\"og:site_name\" content=\"CIS Tchad\" \/>\n<meta property=\"article:modified_time\" content=\"2021-02-12T11:05:57+00:00\" \/>\n<meta name=\"twitter:card\" content=\"summary_large_image\" \/>\n<meta name=\"twitter:label1\" content=\"Est. reading time\" \/>\n\t<meta name=\"twitter:data1\" content=\"4 minutes\" \/>\n<!-- \/ Yoast SEO plugin. -->","yoast_head_json":{"title":"R\u00e9compenses - CIS Tchad","robots":{"index":"index","follow":"follow","max-snippet":"max-snippet:-1","max-image-preview":"max-image-preview:large","max-video-preview":"max-video-preview:-1"},"canonical":"https:\/\/cis-chad.com\/en\/recompenses\/","og_locale":"en_GB","og_type":"article","og_title":"R\u00e9compenses - CIS Tchad","og_url":"https:\/\/cis-chad.com\/en\/recompenses\/","og_site_name":"CIS Tchad","article_modified_time":"2021-02-12T11:05:57+00:00","twitter_card":"summary_large_image","twitter_misc":{"Est. reading time":"4 minutes"},"schema":{"@context":"https:\/\/schema.org","@graph":[{"@type":"WebPage","@id":"https:\/\/cis-chad.com\/en\/recompenses\/","url":"https:\/\/cis-chad.com\/en\/recompenses\/","name":"R\u00e9compenses - CIS Tchad","isPartOf":{"@id":"https:\/\/cis-chad.com\/#website"},"datePublished":"2020-01-23T09:53:35+00:00","dateModified":"2021-02-12T11:05:57+00:00","breadcrumb":{"@id":"https:\/\/cis-chad.com\/en\/recompenses\/#breadcrumb"},"inLanguage":"en-GB","potentialAction":[{"@type":"ReadAction","target":["https:\/\/cis-chad.com\/en\/recompenses\/"]}]},{"@type":"BreadcrumbList","@id":"https:\/\/cis-chad.com\/en\/recompenses\/#breadcrumb","itemListElement":[{"@type":"ListItem","position":1,"name":"Accueil","item":"https:\/\/cis-chad.com\/"},{"@type":"ListItem","position":2,"name":"R\u00e9compenses"}]},{"@type":"WebSite","@id":"https:\/\/cis-chad.com\/#website","url":"https:\/\/cis-chad.com\/","name":"CIS Chad","description":"Integrated Life Support Services","potentialAction":[{"@type":"SearchAction","target":{"@type":"EntryPoint","urlTemplate":"https:\/\/cis-chad.com\/?s={search_term_string}"},"query-input":{"@type":"PropertyValueSpecification","valueRequired":true,"valueName":"search_term_string"}}],"inLanguage":"en-GB"}]}},"_links":{"self":[{"href":"https:\/\/cis-chad.com\/en\/wp-json\/wp\/v2\/pages\/5688","targetHints":{"allow":["GET"]}}],"collection":[{"href":"https:\/\/cis-chad.com\/en\/wp-json\/wp\/v2\/pages"}],"about":[{"href":"https:\/\/cis-chad.com\/en\/wp-json\/wp\/v2\/types\/page"}],"author":[{"embeddable":true,"href":"https:\/\/cis-chad.com\/en\/wp-json\/wp\/v2\/users\/2"}],"replies":[{"embeddable":true,"href":"https:\/\/cis-chad.com\/en\/wp-json\/wp\/v2\/comments?post=5688"}],"version-history":[{"count":33,"href":"https:\/\/cis-chad.com\/en\/wp-json\/wp\/v2\/pages\/5688\/revisions"}],"predecessor-version":[{"id":6761,"href":"https:\/\/cis-chad.com\/en\/wp-json\/wp\/v2\/pages\/5688\/revisions\/6761"}],"wp:attachment":[{"href":"https:\/\/cis-chad.com\/en\/wp-json\/wp\/v2\/media?parent=5688"}],"curies":[{"name":"wp","href":"https:\/\/api.w.org\/{rel}","templated":true}]}}