{"id":5667,"date":"2020-01-22T14:12:09","date_gmt":"2020-01-22T14:12:09","guid":{"rendered":"https:\/\/cis-chad.com\/?page_id=5667"},"modified":"2021-02-12T11:10:18","modified_gmt":"2021-02-12T11:10:18","slug":"developpement-durable","status":"publish","type":"page","link":"https:\/\/cis-chad.com\/en\/developpement-durable\/","title":{"rendered":"Sustainable development"},"content":{"rendered":"<section class=\"wpb-content-wrapper\"><div class=\"vc_row wpb_row vc_row-fluid vc_custom_1580830431473 vc_row-has-fill\"><div class=\"wpb_column vc_column_container vc_col-sm-4\"><div class=\"vc_column-inner vc_custom_1580828924817\"><div class=\"wpb_wrapper\">\n\t<div  class=\"wpb_single_image wpb_content_element vc_align_center\">\n\t\t\n\t\t<figure class=\"wpb_wrapper vc_figure\">\n\t\t\t<div class=\"vc_single_image-wrapper   vc_box_border_grey\"><img decoding=\"async\" width=\"300\" height=\"110\" src=\"https:\/\/cis-chad.com\/wp-content\/uploads\/2020\/02\/CIS-CHAD-d\u00e9veloppement-durable-A-Brighter-Future-300x110.png\" class=\"vc_single_image-img attachment-medium\" alt=\"\" title=\"CIS-CHAD-d\u00e9veloppement-durable-A-Brighter-Future\" srcset=\"https:\/\/cis-chad.com\/wp-content\/uploads\/2020\/02\/CIS-CHAD-d\u00e9veloppement-durable-A-Brighter-Future-300x110.png 300w, https:\/\/cis-chad.com\/wp-content\/uploads\/2020\/02\/CIS-CHAD-d\u00e9veloppement-durable-A-Brighter-Future.png 713w\" sizes=\"(max-width: 300px) 100vw, 300px\" \/><\/div>\n\t\t<\/figure>\n\t<\/div>\n<\/div><\/div><\/div><div class=\"wpb_column vc_column_container vc_col-sm-8\"><div class=\"vc_column-inner vc_custom_1580830495065\"><div class=\"wpb_wrapper\">\n\t<div class=\"wpb_text_column wpb_content_element\" >\n\t\t<div class=\"wpb_wrapper\">\n\t\t\t<h2 style=\"text-align: center;\">CIS Chad commits to a real sustainable development approach through its program<br \/>\n\u201cA Brighter Future\u201d<\/h2>\n\n\t\t<\/div>\n\t<\/div>\n<\/div><\/div><\/div><\/div><div data-vc-full-width=\"true\" data-vc-full-width-init=\"false\" data-vc-stretch-content=\"true\" data-vc-parallax=\"1\" data-vc-parallax-image=\"https:\/\/cis-chad.com\/wp-content\/uploads\/2020\/02\/CIS-CHAD-header-d\u00e9veloppement-durable-2.jpg\" class=\"vc_row wpb_row vc_row-fluid vc_row-has-fill vc_general vc_parallax vc_parallax-content-moving\"><div class=\"wpb_column vc_column_container vc_col-sm-4\"><div class=\"vc_column-inner vc_custom_1580834495104\"><div class=\"wpb_wrapper\">\n\t<div class=\"wpb_text_column wpb_content_element\" >\n\t\t<div class=\"wpb_wrapper\">\n\t\t\t<h2 style=\"text-align: center;\"><span style=\"color: #ffffff;\"><strong>1 project<\/strong><\/span><br \/>\n<span style=\"color: #ffffff;\">per mouth<\/span><\/h2>\n\n\t\t<\/div>\n\t<\/div>\n<\/div><\/div><\/div><div class=\"wpb_column vc_column_container vc_col-sm-4\"><div class=\"vc_column-inner vc_custom_1581676745425\"><div class=\"wpb_wrapper\">\n\t<div class=\"wpb_text_column wpb_content_element\" >\n\t\t<div class=\"wpb_wrapper\">\n\t\t\t<h2 style=\"text-align: center;\"><span style=\"color: #ffffff;\"><strong>Support<\/strong><\/span><br \/>\n<span style=\"color: #ffffff;\">to local organizations<\/span><\/h2>\n\n\t\t<\/div>\n\t<\/div>\n<\/div><\/div><\/div><div class=\"wpb_column vc_column_container vc_col-sm-4\"><div class=\"vc_column-inner vc_custom_1581676750756\"><div class=\"wpb_wrapper\">\n\t<div class=\"wpb_text_column wpb_content_element\" >\n\t\t<div class=\"wpb_wrapper\">\n\t\t\t<h2 style=\"text-align: center;\"><span style=\"color: #ffffff;\"><strong>Improving<\/strong><\/span><br \/>\n<span style=\"color: #ffffff;\">education &amp; well-being<\/span><\/h2>\n\n\t\t<\/div>\n\t<\/div>\n<\/div><\/div><\/div><\/div><div class=\"vc_row-full-width vc_clearfix\"><\/div><div class=\"vc_row wpb_row vc_row-fluid vc_custom_1580483188954\"><div class=\"wpb_column vc_column_container vc_col-sm-12\"><div class=\"vc_column-inner\"><div class=\"wpb_wrapper\"><div class=\"\">\r\n\t<div class=\"rt-text-with-image\">\r\n\t\t<div class=\"row\">\r\n\t\t\t<div class=\"col-lg-6 col-md-6 col-sm-6 col-xs-12\">\r\n\t\t\t\t<div class=\"rtin-text-part\">\r\n\t\t\t\t\t\t\t\t\t\t<h2 style=\"color:#000000\">Improve the standard of living of local populations<\/h2>\r\n\t\t\t\t\t\t\t\t\t\t<\/p>\n<p style=\"text-align: justify\">CIS Tchad r\u00e9alise chaque mois des actions sociales pour aider les populations d\u00e9favoris\u00e9es tant \u00e0 N\u2019Djamena qu\u2019autour de nos zones d\u2019op\u00e9rations (cours d&#8217;alphab\u00e9tisation, forage d&#8217;eau, donations, &#8230;).<\/p>\n<p style=\"text-align: justify\">We remain proud of the Vegetable Cooperative project that CIS developed with the populations of the regions of Doba, Moundou and B\u00e9bedja during the construction phase of Kom\u00e9's infrastructure, a project welcomed by the IFC, International Finance Corporation.<\/p>\n<p style=\"text-align: justify\">For more than 20 years, CIS activities have created more than a thousand jobs, particularly in the Doba basin. CIS has long been engaged in the nationalization of its positions of responsibility: 97% of the staff of CIS Chad is Chadian, thus participating in the development of Chad.<\/p>\n<p>\t\t\t\t<\/div>\r\n\t\t\t<\/div>\r\n\t\t\t<div class=\"col-lg-6 col-md-6 col-sm-6 col-xs-12\">\r\n\t\t\t\t<img decoding=\"async\" width=\"550\" height=\"450\" src=\"https:\/\/cis-chad.com\/wp-content\/uploads\/2020\/02\/CIS-CHAD-d\u00e9veloppement-durable-4.jpg\" class=\"attachment-full size-full\" alt=\"\" srcset=\"https:\/\/cis-chad.com\/wp-content\/uploads\/2020\/02\/CIS-CHAD-d\u00e9veloppement-durable-4.jpg 550w, https:\/\/cis-chad.com\/wp-content\/uploads\/2020\/02\/CIS-CHAD-d\u00e9veloppement-durable-4-300x245.jpg 300w\" sizes=\"(max-width: 550px) 100vw, 550px\" \/>\t\t\t<\/div>\r\n\t\t<\/div>\r\n\t<\/div>\r\n<\/div><\/div><\/div><\/div><\/div><div class=\"vc_row wpb_row vc_row-fluid vc_custom_1581675960973\"><div class=\"wpb_column vc_column_container vc_col-sm-12\"><div class=\"vc_column-inner\"><div class=\"wpb_wrapper\"><div class=\"vc_custom_1580915739322\">\r\n\t<div class=\"rt-text-with-image\">\r\n\t\t<div class=\"row\">\r\n\t\t\t<div class=\"col-lg-6 col-md-6 col-sm-6 col-xs-12\">\r\n\t\t\t\t<img decoding=\"async\" width=\"550\" height=\"450\" src=\"https:\/\/cis-chad.com\/wp-content\/uploads\/2020\/01\/CIS-CHAD-d\u00e9veloppement-durable-orphelina-dieu-b\u00e9nit.jpg\" class=\"attachment-full size-full\" alt=\"\" srcset=\"https:\/\/cis-chad.com\/wp-content\/uploads\/2020\/01\/CIS-CHAD-d\u00e9veloppement-durable-orphelina-dieu-b\u00e9nit.jpg 550w, https:\/\/cis-chad.com\/wp-content\/uploads\/2020\/01\/CIS-CHAD-d\u00e9veloppement-durable-orphelina-dieu-b\u00e9nit-300x245.jpg 300w\" sizes=\"(max-width: 550px) 100vw, 550px\" \/>\t\t\t<\/div>\t\t\t\t\t\r\n\t\t\t<div class=\"col-lg-6 col-md-6 col-sm-6 col-xs-12\">\r\n\t\t\t\t<div class=\"rtin-text-part\">\r\n\t\t\t\t\t\t\t\t\t\t<h2 style=\"color:#000000\">Education and well-being of children<\/h2>\r\n\t\t\t\t\t\t\t\t\t\t<\/p>\n<p style=\"text-align: justify\">Particuli\u00e8rement attach\u00e9 aux sujets de l\u2019enfance, de l\u2019\u00e9ducation, de la scolarisation et de la formation des jeunes adultes, CIS Tchad soutient et accompagne plusieurs orphelinats \u00e0 N&#8217;djamena.<\/p>\n<p style=\"text-align: justify\">Dons de livres et mat\u00e9riels scolaires, dons de v\u00eatements, r\u00e9novation de salles de classe, cr\u00e9ation d\u2019une biblioth\u00e8que, dons de nourriture, acc\u00e8s \u00e0 l&#8217;\u00e9lectricit\u00e9&#8230; : autant d&#8217;actions men\u00e9e par CIS Tchad pour offrir aux enfants tchadiens, une meilleure chance de r\u00e9ussir leur parcours scolaire et am\u00e9liorer les conditions de vie.<\/p>\n<p style=\"text-align: justify\">Depuis plusieurs ann\u00e9es,\u00a8CIS Tchad soutient l\u2019orphelinat \u00abDieu B\u00e9nit\u00bb \u00e0 N\u2019Djam\u00e9na qui accueille et prend en charge une centaine d&#8217;enfants orphelins. Au-del\u00e0 de couvrir leurs besoins primaires,S\u00e9phora, responsable de l\u2019orphelinat, leur apporte toute l\u2019\u00e9ducation n\u00e9cessaire jusqu\u2019\u00e0 leur 18 ans, l\u2019objectif \u00e9tant que chaque enfant termine son parcours scolaire avec une formation professionnelle.<\/p>\n<p>\t\t\t\t<\/div>\r\n\t\t\t<\/div>\r\n\t\t<\/div>\r\n\t<\/div>\r\n<\/div><\/div><\/div><\/div><\/div><div class=\"vc_row wpb_row vc_row-fluid vc_custom_1584353873381\"><div class=\"wpb_column vc_column_container vc_col-sm-4\"><div class=\"vc_column-inner\"><div class=\"wpb_wrapper\">\n\t<div  class=\"wpb_single_image wpb_content_element vc_align_center\">\n\t\t\n\t\t<figure class=\"wpb_wrapper vc_figure\">\n\t\t\t<div class=\"vc_single_image-wrapper vc_box_circle  vc_box_border_grey\"><img decoding=\"async\" class=\"vc_single_image-img\" src=\"https:\/\/cis-chad.com\/wp-content\/uploads\/2020\/02\/CIS-CHAD-d\u00e9veloppement-durable-orphalina-fondation-dieu-b\u00e9nit-sephora-220x220.jpg\" width=\"220\" height=\"220\" alt=\"CIS-CHAD-d\u00e9veloppement-durable-orphalina-fondation-dieu-b\u00e9nit-sephora\" title=\"CIS-CHAD-d\u00e9veloppement-durable-orphalina-fondation-dieu-b\u00e9nit-sephora\" \/><\/div>\n\t\t<\/figure>\n\t<\/div>\n<\/div><\/div><\/div><div class=\"wpb_column vc_column_container vc_col-sm-8 vc_col-has-fill\"><div class=\"vc_column-inner vc_custom_1581675902159\"><div class=\"wpb_wrapper\">\n\t<div class=\"wpb_text_column wpb_content_element  vc_custom_1581676118081\" >\n\t\t<div class=\"wpb_wrapper\">\n\t\t\t<p style=\"text-align: justify;\"><span style=\"color: #ffffff;\"><em><strong>&#8220;<\/strong> For these children, I am a mother, a sister, a friend they can always count on. They grow up to the age of 18 before going on their own if they wish. My role is not to cut ties with parents, but on the contrary to reinsert them with the assurance that they are protected.<strong>&#8221; <\/strong><\/em><\/span><\/p>\n<p style=\"text-align: justify;\"><span style=\"color: #ffffff;\"><strong>S\u00e9phora,<br \/>\n<\/strong><strong>Head of the Orphanage \u201cDieu-B\u00e9nit\u201d<\/strong><\/span><\/p>\n\n\t\t<\/div>\n\t<\/div>\n<\/div><\/div><\/div><\/div><div class=\"vc_row wpb_row vc_row-fluid\"><div class=\"wpb_column vc_column_container vc_col-sm-12\"><div class=\"vc_column-inner vc_custom_1580463616603\"><div class=\"wpb_wrapper\"><div class=\"\">\n\t<div class=\"rt-vc-title rtin-section-title-left\">\n\t\t\t\t\t<h2 class=\"rt-section-title-vc\" style=\"font-size:30px; color:#222222;\">Learn more<\/h2>\n\t\t\t<\/div>\n<\/div><\/div><\/div><\/div><\/div><div class=\"vc_row wpb_row vc_row-fluid vc_custom_1558540778549 vc_column-gap-30\"><div class=\"wpb_column vc_column_container vc_col-sm-4 vc_col-has-fill\"><div class=\"vc_column-inner vc_custom_1613128528805\"><div class=\"wpb_wrapper\">\n\t<div class=\"wpb_text_column wpb_content_element\" >\n\t\t<div class=\"wpb_wrapper\">\n\t\t\t<div class=\"eds-animate\" data-eds-entry-animation=\"zoomIn\" data-eds-entry-delay=\"0\" data-eds-entry-duration=\"1\" data-eds-entry-timing=\"linear\" data-eds-exit-animation=\"\" data-eds-exit-delay=\"\" data-eds-exit-duration=\"\" data-eds-exit-timing=\"\" data-eds-repeat-count=\"1\" data-eds-keep=\"yes\" data-eds-animate-on=\"hover\" data-eds-scroll-offset=\"\">\n<h2 style=\"text-align: center;\"><a href=\"https:\/\/cis-chad.com\/en\/mot-du-directeur-general\/\"><span style=\"color: #ffffff;\"><strong>General Manager<br \/>\nForeword<\/strong><\/span><\/a><\/h2>\n<\/div>\n\n\t\t<\/div>\n\t<\/div>\n<\/div><\/div><\/div><div class=\"wpb_column vc_column_container vc_col-sm-4 vc_col-has-fill\"><div class=\"vc_column-inner vc_custom_1580891728827\"><div class=\"wpb_wrapper\">\n\t<div class=\"wpb_text_column wpb_content_element\" >\n\t\t<div class=\"wpb_wrapper\">\n\t\t\t<div class=\"eds-animate\" data-eds-entry-animation=\"zoomIn\" data-eds-entry-delay=\"0\" data-eds-entry-duration=\"1\" data-eds-entry-timing=\"linear\" data-eds-exit-animation=\"\" data-eds-exit-delay=\"\" data-eds-exit-duration=\"\" data-eds-exit-timing=\"\" data-eds-repeat-count=\"1\" data-eds-keep=\"yes\" data-eds-animate-on=\"hover\" data-eds-scroll-offset=\"\">\n<h2 style=\"text-align: center;\"><a href=\"https:\/\/cis-chad.com\/en\/formation\/\"><span style=\"color: #ffffff;\"><strong>Training<\/strong><\/span><\/a><\/h2>\n<\/div>\n\n\t\t<\/div>\n\t<\/div>\n<\/div><\/div><\/div><div class=\"wpb_column vc_column_container vc_col-sm-4 vc_col-has-fill\"><div class=\"vc_column-inner vc_custom_1580891477376\"><div class=\"wpb_wrapper\">\n\t<div class=\"wpb_text_column wpb_content_element\" >\n\t\t<div class=\"wpb_wrapper\">\n\t\t\t<div class=\"eds-animate\" data-eds-entry-animation=\"zoomIn\" data-eds-entry-delay=\"0\" data-eds-entry-duration=\"1\" data-eds-entry-timing=\"linear\" data-eds-exit-animation=\"\" data-eds-exit-delay=\"\" data-eds-exit-duration=\"\" data-eds-exit-timing=\"\" data-eds-repeat-count=\"1\" data-eds-keep=\"yes\" data-eds-animate-on=\"hover\" data-eds-scroll-offset=\"\">\n<h2 style=\"text-align: center;\"><span style=\"color: #ffffff;\"><strong><span style=\"color: #ffffff;\"><a style=\"color: #ffffff;\" href=\"https:\/\/cis-chad.com\/en\/fondation-grand-coeur\/\">Foundation <\/a><\/span><br \/>\nGrand Coeur<\/strong><\/span><\/h2>\n<\/div>\n\n\t\t<\/div>\n\t<\/div>\n<\/div><\/div><\/div><\/div>\n<\/section>","protected":false},"excerpt":{"rendered":"CIS Tchad s\u2019engage dans une r\u00e9elle d\u00e9marche de d\u00e9veloppement durable \u00e0 travers son programme \u201cA Brighter Future\u201d 1 projet par mois Support aux organisations locales Am\u00e9liorer l\u2019\u00e9ducation &amp; le bien-\u00eatre Am\u00e9liorer le niveau de vie des populations locales CIS Tchad r\u00e9alise chaque mois des actions sociales pour aider les populations d\u00e9favoris\u00e9es tant \u00e0 N\u2019Djamena qu\u2019autour [...]","protected":false},"author":2,"featured_media":0,"parent":0,"menu_order":0,"comment_status":"closed","ping_status":"closed","template":"","meta":{"footnotes":""},"class_list":["post-5667","page","type-page","status-publish","hentry"],"yoast_head":"<!-- This site is optimized with the Yoast SEO plugin v27.3 - https:\/\/yoast.com\/product\/yoast-seo-wordpress\/ -->\n<title>D\u00e9veloppement Durable - CIS Tchad<\/title>\n<meta name=\"robots\" content=\"index, follow, max-snippet:-1, max-image-preview:large, max-video-preview:-1\" \/>\n<link rel=\"canonical\" href=\"https:\/\/cis-chad.com\/en\/developpement-durable\/\" \/>\n<meta property=\"og:locale\" content=\"en_GB\" \/>\n<meta property=\"og:type\" content=\"article\" \/>\n<meta property=\"og:title\" content=\"D\u00e9veloppement Durable - CIS Tchad\" \/>\n<meta property=\"og:url\" content=\"https:\/\/cis-chad.com\/en\/developpement-durable\/\" \/>\n<meta property=\"og:site_name\" content=\"CIS Tchad\" \/>\n<meta property=\"article:modified_time\" content=\"2021-02-12T11:10:18+00:00\" \/>\n<meta name=\"twitter:card\" content=\"summary_large_image\" \/>\n<meta name=\"twitter:label1\" content=\"Est. reading time\" \/>\n\t<meta name=\"twitter:data1\" content=\"3 minutes\" \/>\n<!-- \/ Yoast SEO plugin. -->","yoast_head_json":{"title":"D\u00e9veloppement Durable - CIS Tchad","robots":{"index":"index","follow":"follow","max-snippet":"max-snippet:-1","max-image-preview":"max-image-preview:large","max-video-preview":"max-video-preview:-1"},"canonical":"https:\/\/cis-chad.com\/en\/developpement-durable\/","og_locale":"en_GB","og_type":"article","og_title":"D\u00e9veloppement Durable - CIS Tchad","og_url":"https:\/\/cis-chad.com\/en\/developpement-durable\/","og_site_name":"CIS Tchad","article_modified_time":"2021-02-12T11:10:18+00:00","twitter_card":"summary_large_image","twitter_misc":{"Est. reading time":"3 minutes"},"schema":{"@context":"https:\/\/schema.org","@graph":[{"@type":"WebPage","@id":"https:\/\/cis-chad.com\/en\/developpement-durable\/","url":"https:\/\/cis-chad.com\/en\/developpement-durable\/","name":"D\u00e9veloppement Durable - CIS Tchad","isPartOf":{"@id":"https:\/\/cis-chad.com\/#website"},"datePublished":"2020-01-22T14:12:09+00:00","dateModified":"2021-02-12T11:10:18+00:00","breadcrumb":{"@id":"https:\/\/cis-chad.com\/en\/developpement-durable\/#breadcrumb"},"inLanguage":"en-GB","potentialAction":[{"@type":"ReadAction","target":["https:\/\/cis-chad.com\/en\/developpement-durable\/"]}]},{"@type":"BreadcrumbList","@id":"https:\/\/cis-chad.com\/en\/developpement-durable\/#breadcrumb","itemListElement":[{"@type":"ListItem","position":1,"name":"Accueil","item":"https:\/\/cis-chad.com\/"},{"@type":"ListItem","position":2,"name":"D\u00e9veloppement Durable"}]},{"@type":"WebSite","@id":"https:\/\/cis-chad.com\/#website","url":"https:\/\/cis-chad.com\/","name":"CIS Chad","description":"Integrated Life Support Services","potentialAction":[{"@type":"SearchAction","target":{"@type":"EntryPoint","urlTemplate":"https:\/\/cis-chad.com\/?s={search_term_string}"},"query-input":{"@type":"PropertyValueSpecification","valueRequired":true,"valueName":"search_term_string"}}],"inLanguage":"en-GB"}]}},"_links":{"self":[{"href":"https:\/\/cis-chad.com\/en\/wp-json\/wp\/v2\/pages\/5667","targetHints":{"allow":["GET"]}}],"collection":[{"href":"https:\/\/cis-chad.com\/en\/wp-json\/wp\/v2\/pages"}],"about":[{"href":"https:\/\/cis-chad.com\/en\/wp-json\/wp\/v2\/types\/page"}],"author":[{"embeddable":true,"href":"https:\/\/cis-chad.com\/en\/wp-json\/wp\/v2\/users\/2"}],"replies":[{"embeddable":true,"href":"https:\/\/cis-chad.com\/en\/wp-json\/wp\/v2\/comments?post=5667"}],"version-history":[{"count":95,"href":"https:\/\/cis-chad.com\/en\/wp-json\/wp\/v2\/pages\/5667\/revisions"}],"predecessor-version":[{"id":6763,"href":"https:\/\/cis-chad.com\/en\/wp-json\/wp\/v2\/pages\/5667\/revisions\/6763"}],"wp:attachment":[{"href":"https:\/\/cis-chad.com\/en\/wp-json\/wp\/v2\/media?parent=5667"}],"curies":[{"name":"wp","href":"https:\/\/api.w.org\/{rel}","templated":true}]}}