{"id":4207,"date":"2019-05-09T11:59:49","date_gmt":"2019-05-09T11:59:49","guid":{"rendered":"https:\/\/www.cieptal.com\/?page_id=4207"},"modified":"2021-02-12T11:36:18","modified_gmt":"2021-02-12T11:36:18","slug":"certifications","status":"publish","type":"page","link":"https:\/\/cis-chad.com\/en\/certifications\/","title":{"rendered":"Certifications"},"content":{"rendered":"<section class=\"wpb-content-wrapper\"><div data-vc-full-width=\"true\" data-vc-full-width-init=\"false\" data-vc-stretch-content=\"true\" class=\"vc_row wpb_row vc_row-fluid vc_custom_1580379922129 vc_row-has-fill\"><div class=\"wpb_column vc_column_container vc_col-sm-4\"><div class=\"vc_column-inner vc_custom_1580480812918\"><div class=\"wpb_wrapper\">\n\t<div  class=\"wpb_single_image wpb_content_element vc_align_center\">\n\t\t\n\t\t<figure class=\"wpb_wrapper vc_figure\">\n\t\t\t<div class=\"vc_single_image-wrapper   vc_box_border_grey\"><img decoding=\"async\" width=\"300\" height=\"132\" src=\"https:\/\/cis-chad.com\/wp-content\/uploads\/2020\/01\/CIS-CHAD-certifications-iso-9001-blanc-300x132.png\" class=\"vc_single_image-img attachment-medium\" alt=\"\" title=\"CIS-CHAD-certifications-iso-9001-blanc\" srcset=\"https:\/\/cis-chad.com\/wp-content\/uploads\/2020\/01\/CIS-CHAD-certifications-iso-9001-blanc-300x132.png 300w, https:\/\/cis-chad.com\/wp-content\/uploads\/2020\/01\/CIS-CHAD-certifications-iso-9001-blanc.png 440w\" sizes=\"(max-width: 300px) 100vw, 300px\" \/><\/div>\n\t\t<\/figure>\n\t<\/div>\n<\/div><\/div><\/div><div class=\"wpb_column vc_column_container vc_col-sm-4\"><div class=\"vc_column-inner vc_custom_1580480819236\"><div class=\"wpb_wrapper\">\n\t<div  class=\"wpb_single_image wpb_content_element vc_align_center\">\n\t\t\n\t\t<figure class=\"wpb_wrapper vc_figure\">\n\t\t\t<div class=\"vc_single_image-wrapper   vc_box_border_grey\"><img decoding=\"async\" width=\"300\" height=\"132\" src=\"https:\/\/cis-chad.com\/wp-content\/uploads\/2020\/01\/CIS-CHAD-certifications-iso-14001-blanc-300x132.png\" class=\"vc_single_image-img attachment-medium\" alt=\"\" title=\"CIS-CHAD-certifications-iso-14001-blanc\" srcset=\"https:\/\/cis-chad.com\/wp-content\/uploads\/2020\/01\/CIS-CHAD-certifications-iso-14001-blanc-300x132.png 300w, https:\/\/cis-chad.com\/wp-content\/uploads\/2020\/01\/CIS-CHAD-certifications-iso-14001-blanc.png 440w\" sizes=\"(max-width: 300px) 100vw, 300px\" \/><\/div>\n\t\t<\/figure>\n\t<\/div>\n<\/div><\/div><\/div><div class=\"wpb_column vc_column_container vc_col-sm-4\"><div class=\"vc_column-inner vc_custom_1580480826656\"><div class=\"wpb_wrapper\">\n\t<div  class=\"wpb_single_image wpb_content_element vc_align_center\">\n\t\t\n\t\t<figure class=\"wpb_wrapper vc_figure\">\n\t\t\t<div class=\"vc_single_image-wrapper   vc_box_border_grey\"><img decoding=\"async\" width=\"300\" height=\"132\" src=\"https:\/\/cis-chad.com\/wp-content\/uploads\/2020\/01\/CIS-CHAD-certifications-ohsas-18001-blanc-300x132.png\" class=\"vc_single_image-img attachment-medium\" alt=\"\" title=\"CIS-CHAD-certifications-ohsas-18001-blanc\" srcset=\"https:\/\/cis-chad.com\/wp-content\/uploads\/2020\/01\/CIS-CHAD-certifications-ohsas-18001-blanc-300x132.png 300w, https:\/\/cis-chad.com\/wp-content\/uploads\/2020\/01\/CIS-CHAD-certifications-ohsas-18001-blanc.png 440w\" sizes=\"(max-width: 300px) 100vw, 300px\" \/><\/div>\n\t\t<\/figure>\n\t<\/div>\n<\/div><\/div><\/div><\/div><div class=\"vc_row-full-width vc_clearfix\"><\/div><div class=\"vc_row wpb_row vc_row-fluid vc_custom_1580735775522\"><div class=\"wpb_column vc_column_container vc_col-sm-12\"><div class=\"vc_column-inner\"><div class=\"wpb_wrapper\"><div class=\"\">\r\n\t<div class=\"rt-text-with-image\">\r\n\t\t<div class=\"row\">\r\n\t\t\t<div class=\"col-lg-6 col-md-6 col-sm-6 col-xs-12\">\r\n\t\t\t\t<img decoding=\"async\" width=\"550\" height=\"450\" src=\"https:\/\/cis-chad.com\/wp-content\/uploads\/2020\/01\/CIS-CHAD-engagement-QHSE-2.jpg\" class=\"attachment-full size-full\" alt=\"\" srcset=\"https:\/\/cis-chad.com\/wp-content\/uploads\/2020\/01\/CIS-CHAD-engagement-QHSE-2.jpg 550w, https:\/\/cis-chad.com\/wp-content\/uploads\/2020\/01\/CIS-CHAD-engagement-QHSE-2-300x245.jpg 300w\" sizes=\"(max-width: 550px) 100vw, 550px\" \/>\t\t\t<\/div>\t\t\t\t\t\r\n\t\t\t<div class=\"col-lg-6 col-md-6 col-sm-6 col-xs-12\">\r\n\t\t\t\t<div class=\"rtin-text-part\">\r\n\t\t\t\t\t\t\t\t\t\t<h2 style=\"color:#000000\">CIS Chad, triple certification ISO 9001, ISO 14001, OHSAS 18001<\/h2>\r\n\t\t\t\t\t\t\t\t\t\t<\/p>\n<p style=\"text-align: justify\">Our approach is based on the analysis of risks related to Quality, Safety and the Environment and the analysis of Quality Health Safety and Environment standards (ISO 9001 - OHSAS18001 - ISO14001). To meet this daily challenge, our Quality, Safety and Environment policy is as follows:<\/p>\n<ul style=\"text-align: justify\">\n<li style=\"text-align: justify\">Taking into account and compliance with contractual requirements, and seeking customer satisfaction as well as that of users (Residents and non-residents)<\/li>\n<li style=\"text-align: justify\">Maintaining a high level of food hygiene and guaranteeing food security<\/li>\n<li style=\"text-align: justify\">Involvement of all our employees in our occupational health and safety performance (OHSAS)<\/li>\n<li style=\"text-align: justify\">Respect of our budget and monitoring of our activity<\/li>\n<li style=\"text-align: justify\">Training of our staff and enabling our employees to acquire new skills<\/li>\n<li style=\"text-align: justify\">Minimization of organic waste emissions, and deployment of software solutions to minimize our consumption of ink and paper<\/li>\n<\/ul>\n<p>\t\t\t\t<\/div>\r\n\t\t\t<\/div>\r\n\t\t<\/div>\r\n\t<\/div>\r\n<\/div><\/div><\/div><\/div><\/div><div class=\"vc_row wpb_row vc_row-fluid vc_custom_1580735613627\"><div class=\"wpb_column vc_column_container vc_col-sm-4\"><div class=\"vc_column-inner vc_custom_1557404085081\"><div class=\"wpb_wrapper\">\n\t<div class=\"wpb_text_column wpb_content_element\" >\n\t\t<div class=\"wpb_wrapper\">\n\t\t\t<h2 style=\"text-align: center;\"><strong>ISO 9001<\/strong><\/h2>\n\n\t\t<\/div>\n\t<\/div>\n\n\t<div class=\"wpb_text_column wpb_content_element  vc_custom_1562591367309\" >\n\t\t<div class=\"wpb_wrapper\">\n\t\t\t<p style=\"text-align: justify;\"><img decoding=\"async\" class=\"wp-image-4287 alignnone\" src=\"https:\/\/www.cieptal.com\/wp-content\/uploads\/2019\/05\/CIEPTAL-picto-fleche-v3.png\" alt=\"\" width=\"20\" height=\"19\" srcset=\"https:\/\/cis-chad.com\/wp-content\/uploads\/2019\/05\/CIEPTAL-picto-fleche-v3.png 180w, https:\/\/cis-chad.com\/wp-content\/uploads\/2019\/05\/CIEPTAL-picto-fleche-v3-150x150.png 150w, https:\/\/cis-chad.com\/wp-content\/uploads\/2019\/05\/CIEPTAL-picto-fleche-v3-92x92.png 92w\" sizes=\"(max-width: 20px) 100vw, 20px\" \/> The ISO 9001 standard,<br \/>\nis a a standard that defines the criteria for a quality management system, notably involving a strong customer orientation and the continuous improvement of the services offered, with the commitment and motivation of the management.<\/p>\n\n\t\t<\/div>\n\t<\/div>\n<\/div><\/div><\/div><div class=\"wpb_column vc_column_container vc_col-sm-4\"><div class=\"vc_column-inner\"><div class=\"wpb_wrapper\">\n\t<div class=\"wpb_text_column wpb_content_element\" >\n\t\t<div class=\"wpb_wrapper\">\n\t\t\t<h2 style=\"text-align: center;\"><strong>ISO 14001<\/strong><\/h2>\n\n\t\t<\/div>\n\t<\/div>\n\n\t<div class=\"wpb_text_column wpb_content_element  vc_custom_1562591465705\" >\n\t\t<div class=\"wpb_wrapper\">\n\t\t\t<p style=\"text-align: justify;\"><img decoding=\"async\" class=\"alignnone wp-image-4287\" src=\"https:\/\/www.cieptal.com\/wp-content\/uploads\/2019\/05\/CIEPTAL-picto-fleche-v3.png\" alt=\"\" width=\"20\" height=\"19\" srcset=\"https:\/\/cis-chad.com\/wp-content\/uploads\/2019\/05\/CIEPTAL-picto-fleche-v3.png 180w, https:\/\/cis-chad.com\/wp-content\/uploads\/2019\/05\/CIEPTAL-picto-fleche-v3-150x150.png 150w, https:\/\/cis-chad.com\/wp-content\/uploads\/2019\/05\/CIEPTAL-picto-fleche-v3-92x92.png 92w\" sizes=\"(max-width: 20px) 100vw, 20px\" \/>The ISO 14001 standard,<br \/>\n(established by the International Organization for Standardization) is part of sustainable development and is based on the establishment of an environmental management system (continuous improvement and specific requirements).<\/p>\n\n\t\t<\/div>\n\t<\/div>\n<\/div><\/div><\/div><div class=\"wpb_column vc_column_container vc_col-sm-4\"><div class=\"vc_column-inner\"><div class=\"wpb_wrapper\">\n\t<div class=\"wpb_text_column wpb_content_element\" >\n\t\t<div class=\"wpb_wrapper\">\n\t\t\t<h2 style=\"text-align: center;\"><strong>OHSAS 18001<\/strong><\/h2>\n\n\t\t<\/div>\n\t<\/div>\n\n\t<div class=\"wpb_text_column wpb_content_element  vc_custom_1562591529718\" >\n\t\t<div class=\"wpb_wrapper\">\n\t\t\t<p style=\"text-align: justify;\"><img decoding=\"async\" class=\"alignnone wp-image-4287\" src=\"https:\/\/www.cieptal.com\/wp-content\/uploads\/2019\/05\/CIEPTAL-picto-fleche-v3.png\" alt=\"\" width=\"20\" height=\"19\" srcset=\"https:\/\/cis-chad.com\/wp-content\/uploads\/2019\/05\/CIEPTAL-picto-fleche-v3.png 180w, https:\/\/cis-chad.com\/wp-content\/uploads\/2019\/05\/CIEPTAL-picto-fleche-v3-150x150.png 150w, https:\/\/cis-chad.com\/wp-content\/uploads\/2019\/05\/CIEPTAL-picto-fleche-v3-92x92.png 92w\" sizes=\"(max-width: 20px) 100vw, 20px\" \/>The OHSAS 18001 standard,<br \/>\nindicates the method of setting up a management system of health and safety at work. The aim is to achieve better prevent and manage risks to reduce the number of accidents, improve health and safety performance at work, and comply with legislation.<\/p>\n\n\t\t<\/div>\n\t<\/div>\n<\/div><\/div><\/div><\/div><div class=\"vc_row wpb_row vc_row-fluid\"><div class=\"wpb_column vc_column_container vc_col-sm-12\"><div class=\"vc_column-inner\"><div class=\"wpb_wrapper\"><div class=\"vc_empty_space\"   style=\"height: 50px\"><span class=\"vc_empty_space_inner\"><\/span><\/div><\/div><\/div><\/div><\/div><div class=\"vc_row wpb_row vc_row-fluid\"><div class=\"wpb_column vc_column_container vc_col-sm-12\"><div class=\"vc_column-inner\"><div class=\"wpb_wrapper\">\n\t<div class=\"wpb_text_column wpb_content_element\" >\n\t\t<div class=\"wpb_wrapper\">\n\t\t\t<h2>General Manager Foreword<\/h2>\n\n\t\t<\/div>\n\t<\/div>\n<\/div><\/div><\/div><\/div><div class=\"vc_row wpb_row vc_row-fluid\"><div class=\"wpb_column vc_column_container vc_col-sm-2\"><div class=\"vc_column-inner\"><div class=\"wpb_wrapper\"><\/div><\/div><\/div><div class=\"wpb_column vc_column_container vc_col-sm-2\"><div class=\"vc_column-inner\"><div class=\"wpb_wrapper\"><div class=\"vc_empty_space\"   style=\"height: 20px\"><span class=\"vc_empty_space_inner\"><\/span><\/div>\n\t<div  class=\"wpb_single_image wpb_content_element vc_align_right\">\n\t\t\n\t\t<figure class=\"wpb_wrapper vc_figure\">\n\t\t\t<div class=\"vc_single_image-wrapper vc_box_circle  vc_box_border_grey\"><img decoding=\"async\" width=\"200\" height=\"200\" src=\"https:\/\/cis-chad.com\/wp-content\/uploads\/2021\/02\/CIS-CHAD-Directeur-General-Alfredo-BALDOLINI-200x200-1.jpg\" class=\"vc_single_image-img attachment-medium\" alt=\"\" title=\"CIS-CHAD-Directeur-G\u00e9n\u00e9ral-Alfredo-BALDOLINI-200x200\" srcset=\"https:\/\/cis-chad.com\/wp-content\/uploads\/2021\/02\/CIS-CHAD-Directeur-General-Alfredo-BALDOLINI-200x200-1.jpg 200w, https:\/\/cis-chad.com\/wp-content\/uploads\/2021\/02\/CIS-CHAD-Directeur-General-Alfredo-BALDOLINI-200x200-1-150x150.jpg 150w, https:\/\/cis-chad.com\/wp-content\/uploads\/2021\/02\/CIS-CHAD-Directeur-General-Alfredo-BALDOLINI-200x200-1-12x12.jpg 12w, https:\/\/cis-chad.com\/wp-content\/uploads\/2021\/02\/CIS-CHAD-Directeur-General-Alfredo-BALDOLINI-200x200-1-92x92.jpg 92w\" sizes=\"(max-width: 200px) 100vw, 200px\" \/><\/div>\n\t\t<\/figure>\n\t<\/div>\n<\/div><\/div><\/div><div class=\"wpb_column vc_column_container vc_col-sm-6 vc_col-has-fill\"><div class=\"vc_column-inner vc_custom_1556548016059\"><div class=\"wpb_wrapper\">\n\t<div class=\"wpb_text_column wpb_content_element\" >\n\t\t<div class=\"wpb_wrapper\">\n\t\t\t<h3><span style=\"color: #000000;\"><strong>Alfredo BALDOLINI<br \/>\n<\/strong><b><\/b><b><\/b><b>General Manager CIS Chad<\/b><\/span><\/h3>\n<p style=\"text-align: left;\"><em>The future: a positive word that unites. A word that calls for empowerment, motivation. CIS Chad is involved in a support process with its\u2026<\/em><\/p>\n\n\t\t<\/div>\n\t<\/div>\n<div class=\"vc_btn3-container vc_btn3-inline vc_custom_1579623009403\" ><a onmouseleave=\"this.style.borderColor='#0d496f'; this.style.backgroundColor='transparent'; this.style.color='#0d496f'\" onmouseenter=\"this.style.borderColor='#0d496f'; this.style.backgroundColor='#0d496f'; this.style.color='#ffffff';\" style=\"border-color:#0d496f; color:#0d496f;\" class=\"vc_general vc_btn3 vc_btn3-size-md vc_btn3-shape-square vc_btn3-style-outline-custom\" href=\"https:\/\/cis-chad.com\/en\/mot-du-directeur-general\/\" title=\"General Manager Foreword\">Learn more<\/a><\/div><\/div><\/div><\/div><div class=\"wpb_column vc_column_container vc_col-sm-2\"><div class=\"vc_column-inner\"><div class=\"wpb_wrapper\"><\/div><\/div><\/div><\/div><div class=\"vc_row wpb_row vc_row-fluid\"><div class=\"wpb_column vc_column_container vc_col-sm-12\"><div class=\"vc_column-inner vc_custom_1580377446858\"><div class=\"wpb_wrapper\"><div class=\"\">\n\t<div class=\"rt-vc-title rtin-section-title-left\">\n\t\t\t\t\t<h2 class=\"rt-section-title-vc\" style=\"font-size:30px; color:#222222;\">Learn more<\/h2>\n\t\t\t<\/div>\n<\/div><\/div><\/div><\/div><\/div><div class=\"vc_row wpb_row vc_row-fluid vc_custom_1558702009119 vc_column-gap-30\"><div class=\"wpb_column vc_column_container vc_col-sm-4 vc_col-has-fill\"><div class=\"vc_column-inner vc_custom_1580897355636\"><div class=\"wpb_wrapper\">\n\t<div class=\"wpb_text_column wpb_content_element\" >\n\t\t<div class=\"wpb_wrapper\">\n\t\t\t<div class=\"eds-animate\" data-eds-entry-animation=\"zoomIn\" data-eds-entry-delay=\"0\" data-eds-entry-duration=\"1\" data-eds-entry-timing=\"linear\" data-eds-exit-animation=\"\" data-eds-exit-delay=\"\" data-eds-exit-duration=\"\" data-eds-exit-timing=\"\" data-eds-repeat-count=\"1\" data-eds-keep=\"yes\" data-eds-animate-on=\"hover\" data-eds-scroll-offset=\"\">\n<h2 style=\"text-align: center;\"><a href=\"https:\/\/cis-chad.com\/en\/engagements-qhse\/\"><strong><span style=\"color: #ffffff;\">QHSE Commitments<\/span><\/strong><\/a><\/h2>\n<\/div>\n\n\t\t<\/div>\n\t<\/div>\n<\/div><\/div><\/div><div class=\"wpb_column vc_column_container vc_col-sm-4 vc_col-has-fill\"><div class=\"vc_column-inner vc_custom_1579187386153\"><div class=\"wpb_wrapper\">\n\t<div class=\"wpb_text_column wpb_content_element\" >\n\t\t<div class=\"wpb_wrapper\">\n\t\t\t<div class=\"eds-animate\" data-eds-entry-animation=\"zoomIn\" data-eds-entry-delay=\"0\" data-eds-entry-duration=\"1\" data-eds-entry-timing=\"linear\" data-eds-exit-animation=\"\" data-eds-exit-delay=\"\" data-eds-exit-duration=\"\" data-eds-exit-timing=\"\" data-eds-repeat-count=\"1\" data-eds-keep=\"yes\" data-eds-animate-on=\"hover\" data-eds-scroll-offset=\"\">\n<h2 style=\"text-align: center;\"><a href=\"https:\/\/cis-chad.com\/en\/formation\/\"><strong><span style=\"color: #ffffff;\">Training<\/span><\/strong><\/a><\/h2>\n<\/div>\n\n\t\t<\/div>\n\t<\/div>\n<\/div><\/div><\/div><div class=\"wpb_column vc_column_container vc_col-sm-4 vc_col-has-fill\"><div class=\"vc_column-inner vc_custom_1579623208719\"><div class=\"wpb_wrapper\">\n\t<div class=\"wpb_text_column wpb_content_element\" >\n\t\t<div class=\"wpb_wrapper\">\n\t\t\t<div class=\"eds-animate\" data-eds-entry-animation=\"zoomIn\" data-eds-entry-delay=\"0\" data-eds-entry-duration=\"1\" data-eds-entry-timing=\"linear\" data-eds-exit-animation=\"\" data-eds-exit-delay=\"\" data-eds-exit-duration=\"\" data-eds-exit-timing=\"\" data-eds-repeat-count=\"1\" data-eds-keep=\"yes\" data-eds-animate-on=\"hover\" data-eds-scroll-offset=\"\">\n<h2 style=\"text-align: center;\"><span style=\"color: #ffffff;\"><a style=\"color: #ffffff;\" href=\"https:\/\/cis-chad.com\/en\/politique-qhse\/\"><strong>QHSE Policy<\/strong><\/a><\/span><\/h2>\n<\/div>\n\n\t\t<\/div>\n\t<\/div>\n<\/div><\/div><\/div><\/div>\n<\/section>","protected":false},"excerpt":{"rendered":"CIS Tchad, triple certification ISO 9001, ISO 14001, OHSAS 18001 Notre d\u00e9marche est bas\u00e9e sur l\u2019analyse des risques li\u00e9s \u00e0 la Qualit\u00e9, la S\u00e9curit\u00e9 et l\u2019Environnement et l\u2019analyse des r\u00e9f\u00e9rentiels Qualit\u00e9 Sant\u00e9 S\u00e9curit\u00e9 et Environnement (ISO 9001 \u2013 OHSAS18001 \u2013 ISO14001). Pour relever ce challenge quotidien, notre politique Qualit\u00e9, S\u00e9curit\u00e9 et Environnement se d\u00e9cline de [...]","protected":false},"author":2,"featured_media":0,"parent":0,"menu_order":0,"comment_status":"closed","ping_status":"closed","template":"","meta":{"footnotes":""},"class_list":["post-4207","page","type-page","status-publish","hentry"],"yoast_head":"<!-- This site is optimized with the Yoast SEO plugin v27.4 - https:\/\/yoast.com\/product\/yoast-seo-wordpress\/ -->\n<title>Certifications - CIS Tchad<\/title>\n<meta name=\"robots\" content=\"index, follow, max-snippet:-1, max-image-preview:large, max-video-preview:-1\" \/>\n<link rel=\"canonical\" href=\"https:\/\/cis-chad.com\/en\/certifications\/\" \/>\n<meta property=\"og:locale\" content=\"en_GB\" \/>\n<meta property=\"og:type\" content=\"article\" \/>\n<meta property=\"og:title\" content=\"Certifications - CIS Tchad\" \/>\n<meta property=\"og:url\" content=\"https:\/\/cis-chad.com\/en\/certifications\/\" \/>\n<meta property=\"og:site_name\" content=\"CIS Tchad\" \/>\n<meta property=\"article:modified_time\" content=\"2021-02-12T11:36:18+00:00\" \/>\n<meta property=\"og:image\" content=\"https:\/\/www.cieptal.com\/wp-content\/uploads\/2019\/05\/CIEPTAL-picto-fleche-v3.png\" \/>\n<meta name=\"twitter:card\" content=\"summary_large_image\" \/>\n<meta name=\"twitter:label1\" content=\"Est. reading time\" \/>\n\t<meta name=\"twitter:data1\" content=\"3 minutes\" \/>\n<!-- \/ Yoast SEO plugin. -->","yoast_head_json":{"title":"Certifications - CIS Tchad","robots":{"index":"index","follow":"follow","max-snippet":"max-snippet:-1","max-image-preview":"max-image-preview:large","max-video-preview":"max-video-preview:-1"},"canonical":"https:\/\/cis-chad.com\/en\/certifications\/","og_locale":"en_GB","og_type":"article","og_title":"Certifications - CIS Tchad","og_url":"https:\/\/cis-chad.com\/en\/certifications\/","og_site_name":"CIS Tchad","article_modified_time":"2021-02-12T11:36:18+00:00","og_image":[{"url":"https:\/\/www.cieptal.com\/wp-content\/uploads\/2019\/05\/CIEPTAL-picto-fleche-v3.png","type":"","width":"","height":""}],"twitter_card":"summary_large_image","twitter_misc":{"Est. reading time":"3 minutes"},"schema":{"@context":"https:\/\/schema.org","@graph":[{"@type":"WebPage","@id":"https:\/\/cis-chad.com\/en\/certifications\/","url":"https:\/\/cis-chad.com\/en\/certifications\/","name":"Certifications - CIS Tchad","isPartOf":{"@id":"https:\/\/cis-chad.com\/#website"},"primaryImageOfPage":{"@id":"https:\/\/cis-chad.com\/en\/certifications\/#primaryimage"},"image":{"@id":"https:\/\/cis-chad.com\/en\/certifications\/#primaryimage"},"thumbnailUrl":"https:\/\/www.cieptal.com\/wp-content\/uploads\/2019\/05\/CIEPTAL-picto-fleche-v3.png","datePublished":"2019-05-09T11:59:49+00:00","dateModified":"2021-02-12T11:36:18+00:00","breadcrumb":{"@id":"https:\/\/cis-chad.com\/en\/certifications\/#breadcrumb"},"inLanguage":"en-GB","potentialAction":[{"@type":"ReadAction","target":["https:\/\/cis-chad.com\/en\/certifications\/"]}]},{"@type":"ImageObject","inLanguage":"en-GB","@id":"https:\/\/cis-chad.com\/en\/certifications\/#primaryimage","url":"https:\/\/www.cieptal.com\/wp-content\/uploads\/2019\/05\/CIEPTAL-picto-fleche-v3.png","contentUrl":"https:\/\/www.cieptal.com\/wp-content\/uploads\/2019\/05\/CIEPTAL-picto-fleche-v3.png"},{"@type":"BreadcrumbList","@id":"https:\/\/cis-chad.com\/en\/certifications\/#breadcrumb","itemListElement":[{"@type":"ListItem","position":1,"name":"Accueil","item":"https:\/\/cis-chad.com\/"},{"@type":"ListItem","position":2,"name":"Certifications"}]},{"@type":"WebSite","@id":"https:\/\/cis-chad.com\/#website","url":"https:\/\/cis-chad.com\/","name":"CIS Chad","description":"Integrated Life Support Services","potentialAction":[{"@type":"SearchAction","target":{"@type":"EntryPoint","urlTemplate":"https:\/\/cis-chad.com\/?s={search_term_string}"},"query-input":{"@type":"PropertyValueSpecification","valueRequired":true,"valueName":"search_term_string"}}],"inLanguage":"en-GB"}]}},"_links":{"self":[{"href":"https:\/\/cis-chad.com\/en\/wp-json\/wp\/v2\/pages\/4207","targetHints":{"allow":["GET"]}}],"collection":[{"href":"https:\/\/cis-chad.com\/en\/wp-json\/wp\/v2\/pages"}],"about":[{"href":"https:\/\/cis-chad.com\/en\/wp-json\/wp\/v2\/types\/page"}],"author":[{"embeddable":true,"href":"https:\/\/cis-chad.com\/en\/wp-json\/wp\/v2\/users\/2"}],"replies":[{"embeddable":true,"href":"https:\/\/cis-chad.com\/en\/wp-json\/wp\/v2\/comments?post=4207"}],"version-history":[{"count":86,"href":"https:\/\/cis-chad.com\/en\/wp-json\/wp\/v2\/pages\/4207\/revisions"}],"predecessor-version":[{"id":6767,"href":"https:\/\/cis-chad.com\/en\/wp-json\/wp\/v2\/pages\/4207\/revisions\/6767"}],"wp:attachment":[{"href":"https:\/\/cis-chad.com\/en\/wp-json\/wp\/v2\/media?parent=4207"}],"curies":[{"name":"wp","href":"https:\/\/api.w.org\/{rel}","templated":true}]}}