{"id":4199,"date":"2019-05-09T11:50:05","date_gmt":"2019-05-09T11:50:05","guid":{"rendered":"https:\/\/www.cieptal.com\/?page_id=4199"},"modified":"2022-01-05T13:21:26","modified_gmt":"2022-01-05T13:21:26","slug":"services-support","status":"publish","type":"page","link":"https:\/\/cis-chad.com\/en\/services-support\/","title":{"rendered":"Support Services"},"content":{"rendered":"<section class=\"wpb-content-wrapper\"><div class=\"vc_row wpb_row vc_row-fluid\"><div class=\"wpb_column vc_column_container vc_col-sm-12\"><div class=\"vc_column-inner\"><div class=\"wpb_wrapper\"><div class=\"vc_empty_space\"   style=\"height: 90px\"><span class=\"vc_empty_space_inner\"><\/span><\/div>\n\t<div class=\"wpb_text_column wpb_content_element\" >\n\t\t<div class=\"wpb_wrapper\">\n\t\t\t<h2 style=\"text-align: center;\"><b>CIS Chad, innovative solutions for a more efficient mode of operation<\/b><\/h2>\n<p>&nbsp;<\/p>\n<h2 style=\"text-align: center;\"><b><\/b>Digital solutions, Engineering, Design &amp; construction, logistics &amp; shipchandling, Manpower, Fleet management, Staff transportation, Fuel supply, Access control, Entertainment &amp; recreation services<\/h2>\n\n\t\t<\/div>\n\t<\/div>\n<\/div><\/div><\/div><\/div><div class=\"vc_row wpb_row vc_row-fluid\"><div class=\"wpb_column vc_column_container vc_col-sm-12\"><div class=\"vc_column-inner\"><div class=\"wpb_wrapper\"><div class=\"vc_empty_space\"   style=\"height: 90px\"><span class=\"vc_empty_space_inner\"><\/span><\/div><\/div><\/div><\/div><\/div><div data-vc-full-width=\"true\" data-vc-full-width-init=\"false\" data-vc-stretch-content=\"true\" class=\"vc_row wpb_row vc_row-fluid vc_custom_1581610174362 vc_row-has-fill\"><div class=\"wpb_column vc_column_container vc_col-sm-4\"><div class=\"vc_column-inner vc_custom_1560263821246\"><div class=\"wpb_wrapper\">\n\t<div class=\"wpb_text_column wpb_content_element\" >\n\t\t<div class=\"wpb_wrapper\">\n\t\t\t<h2 style=\"text-align: center;\"><span style=\"color: #ffffff;\"><strong>800 tons<\/strong><br \/>\nfood imported<\/span><\/h2>\n\n\t\t<\/div>\n\t<\/div>\n<\/div><\/div><\/div><div class=\"wpb_column vc_column_container vc_col-sm-4\"><div class=\"vc_column-inner vc_custom_1560263831708\"><div class=\"wpb_wrapper\">\n\t<div class=\"wpb_text_column wpb_content_element\" >\n\t\t<div class=\"wpb_wrapper\">\n\t\t\t<h2 style=\"text-align: center;\"><span style=\"color: #ffffff;\"><strong>Managing solution<\/strong><br \/>\nfor 100% of our vehicles<\/span><\/h2>\n\n\t\t<\/div>\n\t<\/div>\n<\/div><\/div><\/div><div class=\"wpb_column vc_column_container vc_col-sm-4\"><div class=\"vc_column-inner vc_custom_1560263837997\"><div class=\"wpb_wrapper\">\n\t<div class=\"wpb_text_column wpb_content_element\" >\n\t\t<div class=\"wpb_wrapper\">\n\t\t\t<h2 style=\"text-align: center;\"><span style=\"color: #ffffff;\"><strong>88 000 km<\/strong><\/span><br \/>\n<span style=\"color: #ffffff;\">tracked in real time<\/span><\/h2>\n\n\t\t<\/div>\n\t<\/div>\n<\/div><\/div><\/div><\/div><div class=\"vc_row-full-width vc_clearfix\"><\/div><div class=\"vc_row wpb_row vc_row-fluid\"><div class=\"wpb_column vc_column_container vc_col-sm-12\"><div class=\"vc_column-inner\"><div class=\"wpb_wrapper\"><div class=\"vc_empty_space\"   style=\"height: 90px\"><span class=\"vc_empty_space_inner\"><\/span><\/div><div class=\"\">\r\n\t<div class=\"rt-text-with-image\">\r\n\t\t<div class=\"row\">\r\n\t\t\t<div class=\"col-lg-6 col-md-6 col-sm-6 col-xs-12\">\r\n\t\t\t\t<div class=\"rtin-text-part\">\r\n\t\t\t\t\t\t\t\t\t\t<h2 style=\"color:#000000\">Supply &amp; logistics<\/h2>\r\n\t\t\t\t\t\t\t\t\t\t<\/p>\n<p style=\"text-align: justify\">Inventory management is an extremely important aspect in the world of base management. In order to deal with supply disruptions or unforeseen events related to the local context, CIS ensures the control of its supply chain thanks to local and international reference partners.<\/p>\n<p style=\"text-align: justify\">In addition, CIS Chad is a local economic player of prime importance and allows many Chadian suppliers to develop while training in the rigorous standards of CIS. Each supplier is regularly audited and supported through advice and training provided by our teams.<\/p>\n<p style=\"text-align: justify\">Our digital inventory monitoring allows our teams to follow in real time our consumption, and rationalize our orders to be always closer to the needs of our customers.<\/p>\n<p>\t\t\t\t<\/div>\r\n\t\t\t<\/div>\r\n\t\t\t<div class=\"col-lg-6 col-md-6 col-sm-6 col-xs-12\">\r\n\t\t\t\t<img decoding=\"async\" width=\"550\" height=\"450\" src=\"https:\/\/cis-chad.com\/wp-content\/uploads\/2020\/01\/CIS-CHAD-services-support-1.jpg\" class=\"attachment-full size-full\" alt=\"\" srcset=\"https:\/\/cis-chad.com\/wp-content\/uploads\/2020\/01\/CIS-CHAD-services-support-1.jpg 550w, https:\/\/cis-chad.com\/wp-content\/uploads\/2020\/01\/CIS-CHAD-services-support-1-300x245.jpg 300w\" sizes=\"(max-width: 550px) 100vw, 550px\" \/>\t\t\t<\/div>\r\n\t\t<\/div>\r\n\t<\/div>\r\n<\/div><div class=\"vc_empty_space\"   style=\"height: 45px\"><span class=\"vc_empty_space_inner\"><\/span><\/div><\/div><\/div><\/div><\/div><div class=\"vc_row wpb_row vc_row-fluid\"><div class=\"wpb_column vc_column_container vc_col-sm-12\"><div class=\"vc_column-inner\"><div class=\"wpb_wrapper\"><div class=\"\">\r\n\t<div class=\"rt-text-with-image\">\r\n\t\t<div class=\"row\">\r\n\t\t\t<div class=\"col-lg-6 col-md-6 col-sm-6 col-xs-12\">\r\n\t\t\t\t<img decoding=\"async\" width=\"550\" height=\"450\" src=\"https:\/\/cis-chad.com\/wp-content\/uploads\/2020\/01\/CIS-CHAD-services-support-services-digitaux.jpg\" class=\"attachment-full size-full\" alt=\"\" srcset=\"https:\/\/cis-chad.com\/wp-content\/uploads\/2020\/01\/CIS-CHAD-services-support-services-digitaux.jpg 550w, https:\/\/cis-chad.com\/wp-content\/uploads\/2020\/01\/CIS-CHAD-services-support-services-digitaux-300x245.jpg 300w\" sizes=\"(max-width: 550px) 100vw, 550px\" \/>\t\t\t<\/div>\t\t\t\t\t\r\n\t\t\t<div class=\"col-lg-6 col-md-6 col-sm-6 col-xs-12\">\r\n\t\t\t\t<div class=\"rtin-text-part\">\r\n\t\t\t\t\t\t\t\t\t\t<h2 style=\"color:#000000\">Solutions digitales int\u00e9gr\u00e9es<\/h2>\r\n\t\t\t\t\t\t\t\t\t\t<\/p>\n<p class=\"rtecenter\" style=\"text-align: justify\">Combination of integrated digital solutions that meet two needs: improve the daily management of sites and improve the well-being of residents.<\/p>\n<p style=\"text-align: justify\">For our residents, it is to make easier and safer living conditions on the site and facilitates access to digital entertainment and personal development.<\/p>\n<p>For our customers, we offer them security and safety solutions as well as better management of their data in order to improve the management of their activities.\t\t\t\t<\/div>\r\n\t\t\t<\/div>\r\n\t\t<\/div>\r\n\t<\/div>\r\n<\/div><\/div><\/div><\/div><\/div><div class=\"vc_row wpb_row vc_row-fluid\"><div class=\"wpb_column vc_column_container vc_col-sm-12\"><div class=\"vc_column-inner vc_custom_1580217477415\"><div class=\"wpb_wrapper\"><div class=\"\">\n\t<div class=\"rt-vc-title rtin-section-title-left\">\n\t\t\t\t\t<h2 class=\"rt-section-title-vc\" style=\"font-size:30px; color:#222222;\">Our other areas of expertise<\/h2>\n\t\t\t<\/div>\n<\/div><\/div><\/div><\/div><\/div><div class=\"vc_row wpb_row vc_row-fluid vc_custom_1558534549080 vc_column-gap-30\"><div class=\"wpb_column vc_column_container vc_col-sm-4 vc_col-has-fill\"><div class=\"vc_column-inner vc_custom_1589475818064\"><div class=\"wpb_wrapper\">\n\t<div class=\"wpb_text_column wpb_content_element\" >\n\t\t<div class=\"wpb_wrapper\">\n\t\t\t<div class=\"eds-animate\" data-eds-entry-animation=\"zoomIn\" data-eds-entry-delay=\"0\" data-eds-entry-duration=\"1\" data-eds-entry-timing=\"linear\" data-eds-exit-animation=\"\" data-eds-exit-delay=\"\" data-eds-exit-duration=\"\" data-eds-exit-timing=\"\" data-eds-repeat-count=\"1\" data-eds-keep=\"yes\" data-eds-animate-on=\"hover\" data-eds-scroll-offset=\"\">\n<h2 style=\"text-align: center;\"><strong><a href=\"https:\/\/cis-chad.com\/en\/restauration-2\/\"><img decoding=\"async\" class=\"aligncenter wp-image-4299\" src=\"https:\/\/cis-chad.com\/wp-content\/uploads\/2019\/05\/CIEPTAL-picto-restauration-e1589464035628.png\" alt=\"\" width=\"48\" height=\"87\" \/><\/a><a href=\"https:\/\/cis-chad.com\/en\/restauration-2\/\"><span style=\"color: #ffffff;\">Catering<\/span><\/a><\/strong><\/h2>\n<\/div>\n\n\t\t<\/div>\n\t<\/div>\n<\/div><\/div><\/div><div class=\"wpb_column vc_column_container vc_col-sm-4 vc_col-has-fill\"><div class=\"vc_column-inner vc_custom_1579168092606\"><div class=\"wpb_wrapper\">\n\t<div class=\"wpb_text_column wpb_content_element\" >\n\t\t<div class=\"wpb_wrapper\">\n\t\t\t<div class=\"eds-animate\" data-eds-entry-animation=\"zoomIn\" data-eds-entry-delay=\"0\" data-eds-entry-duration=\"1\" data-eds-entry-timing=\"linear\" data-eds-exit-animation=\"\" data-eds-exit-delay=\"\" data-eds-exit-duration=\"\" data-eds-exit-timing=\"\" data-eds-repeat-count=\"1\" data-eds-keep=\"yes\" data-eds-animate-on=\"hover\" data-eds-scroll-offset=\"\">\n<h2 style=\"text-align: center;\"><a href=\"https:\/\/cis-chad.com\/en\/hotellerie\/\"><strong><span style=\"color: #ffffff;\"><img decoding=\"async\" class=\"aligncenter wp-image-4296\" src=\"https:\/\/cis-chad.com\/wp-content\/uploads\/2019\/05\/CIEPTAL-picto-h\u00f4tellerie-e1589464145802.png\" alt=\"\" width=\"113\" height=\"50\" \/>Accommodation<\/span><\/strong><\/a><\/h2>\n<\/div>\n\n\t\t<\/div>\n\t<\/div>\n<\/div><\/div><\/div><div class=\"wpb_column vc_column_container vc_col-sm-4 vc_col-has-fill\"><div class=\"vc_column-inner vc_custom_1589476354429\"><div class=\"wpb_wrapper\">\n\t<div class=\"wpb_text_column wpb_content_element  vc_custom_1589476096520\" >\n\t\t<div class=\"wpb_wrapper\">\n\t\t\t<div class=\"eds-animate\" data-eds-entry-animation=\"zoomIn\" data-eds-entry-delay=\"0\" data-eds-entry-duration=\"1\" data-eds-entry-timing=\"linear\" data-eds-exit-animation=\"\" data-eds-exit-delay=\"\" data-eds-exit-duration=\"\" data-eds-exit-timing=\"\" data-eds-repeat-count=\"1\" data-eds-keep=\"yes\" data-eds-animate-on=\"hover\" data-eds-scroll-offset=\"\">\n<h2 style=\"text-align: center;\"><strong><span style=\"color: #ffffff;\"><span style=\"color: #ffffff;\"><a href=\"https:\/\/cis-chad.com\/en\/facility-management\/\"><img decoding=\"async\" class=\"aligncenter wp-image-6512\" src=\"https:\/\/cis-chad.com\/wp-content\/uploads\/2020\/05\/CIEPTAL-picto-facility-management-e1589466786420.png\" alt=\"\" width=\"83\" height=\"75\" \/><\/a><a style=\"color: #ffffff;\" href=\"https:\/\/cis-chad.com\/en\/facility-management\/\">Facility<\/a><br \/>\n<a style=\"color: #ffffff;\" href=\"https:\/\/cis-chad.com\/en\/facility-management\/\">Management<\/a><\/span> <\/span><\/strong><\/h2>\n<\/div>\n\n\t\t<\/div>\n\t<\/div>\n<\/div><\/div><\/div><\/div>\n<\/section>","protected":false},"excerpt":{"rendered":"CIS Tchad, des solutions innovantes pour un mode de fonctionnement plus performant &nbsp; Solutions digitales, Ing\u00e9nierie, Design &amp; construction, Sourcing &amp; Logistique, Shipchandling, Mise \u00e0 disposition de personnel, Transport du personnel, Gestion de flotte de v\u00e9hicules, Contr\u00f4le d\u2019acc\u00e8s &amp; Solutions IT, Loisirs &amp; bien \u00eatre 800 tonnes produits alimentaires import\u00e9s Solution de gestion de flotte [...]","protected":false},"author":2,"featured_media":0,"parent":0,"menu_order":0,"comment_status":"closed","ping_status":"closed","template":"","meta":{"footnotes":""},"class_list":["post-4199","page","type-page","status-publish","hentry"],"yoast_head":"<!-- This site is optimized with the Yoast SEO plugin v27.3 - https:\/\/yoast.com\/product\/yoast-seo-wordpress\/ -->\n<title>Services support - CIS Tchad<\/title>\n<meta name=\"robots\" content=\"index, follow, max-snippet:-1, max-image-preview:large, max-video-preview:-1\" \/>\n<link rel=\"canonical\" href=\"https:\/\/cis-chad.com\/en\/services-support\/\" \/>\n<meta property=\"og:locale\" content=\"en_GB\" \/>\n<meta property=\"og:type\" content=\"article\" \/>\n<meta property=\"og:title\" content=\"Services support - CIS Tchad\" \/>\n<meta property=\"og:url\" content=\"https:\/\/cis-chad.com\/en\/services-support\/\" \/>\n<meta property=\"og:site_name\" content=\"CIS Tchad\" \/>\n<meta property=\"article:modified_time\" content=\"2022-01-05T13:21:26+00:00\" \/>\n<meta property=\"og:image\" content=\"https:\/\/cis-chad.com\/wp-content\/uploads\/2019\/05\/CIEPTAL-picto-restauration-e1589464035628.png\" \/>\n<meta name=\"twitter:card\" content=\"summary_large_image\" \/>\n<meta name=\"twitter:label1\" content=\"Est. reading time\" \/>\n\t<meta name=\"twitter:data1\" content=\"3 minutes\" \/>\n<!-- \/ Yoast SEO plugin. -->","yoast_head_json":{"title":"Services support - CIS Tchad","robots":{"index":"index","follow":"follow","max-snippet":"max-snippet:-1","max-image-preview":"max-image-preview:large","max-video-preview":"max-video-preview:-1"},"canonical":"https:\/\/cis-chad.com\/en\/services-support\/","og_locale":"en_GB","og_type":"article","og_title":"Services support - CIS Tchad","og_url":"https:\/\/cis-chad.com\/en\/services-support\/","og_site_name":"CIS Tchad","article_modified_time":"2022-01-05T13:21:26+00:00","og_image":[{"url":"https:\/\/cis-chad.com\/wp-content\/uploads\/2019\/05\/CIEPTAL-picto-restauration-e1589464035628.png","type":"","width":"","height":""}],"twitter_card":"summary_large_image","twitter_misc":{"Est. reading time":"3 minutes"},"schema":{"@context":"https:\/\/schema.org","@graph":[{"@type":"WebPage","@id":"https:\/\/cis-chad.com\/services-support\/","url":"https:\/\/cis-chad.com\/services-support\/","name":"Services support - CIS Tchad","isPartOf":{"@id":"https:\/\/cis-chad.com\/#website"},"primaryImageOfPage":{"@id":"https:\/\/cis-chad.com\/services-support\/#primaryimage"},"image":{"@id":"https:\/\/cis-chad.com\/services-support\/#primaryimage"},"thumbnailUrl":"https:\/\/cis-chad.com\/wp-content\/uploads\/2019\/05\/CIEPTAL-picto-restauration-e1589464035628.png","datePublished":"2019-05-09T11:50:05+00:00","dateModified":"2022-01-05T13:21:26+00:00","breadcrumb":{"@id":"https:\/\/cis-chad.com\/services-support\/#breadcrumb"},"inLanguage":"en-GB","potentialAction":[{"@type":"ReadAction","target":["https:\/\/cis-chad.com\/services-support\/"]}]},{"@type":"ImageObject","inLanguage":"en-GB","@id":"https:\/\/cis-chad.com\/services-support\/#primaryimage","url":"https:\/\/cis-chad.com\/wp-content\/uploads\/2019\/05\/CIEPTAL-picto-restauration-e1589464035628.png","contentUrl":"https:\/\/cis-chad.com\/wp-content\/uploads\/2019\/05\/CIEPTAL-picto-restauration-e1589464035628.png"},{"@type":"BreadcrumbList","@id":"https:\/\/cis-chad.com\/services-support\/#breadcrumb","itemListElement":[{"@type":"ListItem","position":1,"name":"Accueil","item":"https:\/\/cis-chad.com\/"},{"@type":"ListItem","position":2,"name":"Services support"}]},{"@type":"WebSite","@id":"https:\/\/cis-chad.com\/#website","url":"https:\/\/cis-chad.com\/","name":"CIS Chad","description":"Integrated Life Support Services","potentialAction":[{"@type":"SearchAction","target":{"@type":"EntryPoint","urlTemplate":"https:\/\/cis-chad.com\/?s={search_term_string}"},"query-input":{"@type":"PropertyValueSpecification","valueRequired":true,"valueName":"search_term_string"}}],"inLanguage":"en-GB"}]}},"_links":{"self":[{"href":"https:\/\/cis-chad.com\/en\/wp-json\/wp\/v2\/pages\/4199","targetHints":{"allow":["GET"]}}],"collection":[{"href":"https:\/\/cis-chad.com\/en\/wp-json\/wp\/v2\/pages"}],"about":[{"href":"https:\/\/cis-chad.com\/en\/wp-json\/wp\/v2\/types\/page"}],"author":[{"embeddable":true,"href":"https:\/\/cis-chad.com\/en\/wp-json\/wp\/v2\/users\/2"}],"replies":[{"embeddable":true,"href":"https:\/\/cis-chad.com\/en\/wp-json\/wp\/v2\/comments?post=4199"}],"version-history":[{"count":73,"href":"https:\/\/cis-chad.com\/en\/wp-json\/wp\/v2\/pages\/4199\/revisions"}],"predecessor-version":[{"id":6824,"href":"https:\/\/cis-chad.com\/en\/wp-json\/wp\/v2\/pages\/4199\/revisions\/6824"}],"wp:attachment":[{"href":"https:\/\/cis-chad.com\/en\/wp-json\/wp\/v2\/media?parent=4199"}],"curies":[{"name":"wp","href":"https:\/\/api.w.org\/{rel}","templated":true}]}}