{"id":4196,"date":"2019-05-09T11:45:54","date_gmt":"2019-05-09T11:45:54","guid":{"rendered":"https:\/\/www.cieptal.com\/?page_id=4196"},"modified":"2020-05-14T16:53:55","modified_gmt":"2020-05-14T16:53:55","slug":"facility-management","status":"publish","type":"page","link":"https:\/\/cis-chad.com\/en\/facility-management\/","title":{"rendered":"Facility Management"},"content":{"rendered":"<section class=\"wpb-content-wrapper\"><div class=\"vc_row wpb_row vc_row-fluid\"><div class=\"wpb_column vc_column_container vc_col-sm-12\"><div class=\"vc_column-inner\"><div class=\"wpb_wrapper\"><div class=\"vc_empty_space\"   style=\"height: 90px\"><span class=\"vc_empty_space_inner\"><\/span><\/div>\n\t<div class=\"wpb_text_column wpb_content_element\" >\n\t\t<div class=\"wpb_wrapper\">\n\t\t\t<h2 style=\"text-align: center;\"><b>CIS Chad supports the complete management of the facilities on site<\/b><\/h2>\n<p>&nbsp;<\/p>\n<h2 style=\"text-align: center;\"><b><\/b>Maintenance, Water treatment, Waste management, Landscaping, Pest control, fire safety, Facilities cleaning<\/h2>\n\n\t\t<\/div>\n\t<\/div>\n<\/div><\/div><\/div><\/div><div class=\"vc_row wpb_row vc_row-fluid\"><div class=\"wpb_column vc_column_container vc_col-sm-12\"><div class=\"vc_column-inner\"><div class=\"wpb_wrapper\"><div class=\"vc_empty_space\"   style=\"height: 90px\"><span class=\"vc_empty_space_inner\"><\/span><\/div><\/div><\/div><\/div><\/div><div data-vc-full-width=\"true\" data-vc-full-width-init=\"false\" data-vc-stretch-content=\"true\" class=\"vc_row wpb_row vc_row-fluid vc_custom_1581608032420 vc_row-has-fill\"><div class=\"wpb_column vc_column_container vc_col-sm-4\"><div class=\"vc_column-inner vc_custom_1560263131160\"><div class=\"wpb_wrapper\">\n\t<div class=\"wpb_text_column wpb_content_element\" >\n\t\t<div class=\"wpb_wrapper\">\n\t\t\t<h2 style=\"text-align: center;\"><span style=\"color: #ffffff;\"><strong>18 m3 food waste<\/strong><\/span><br \/>\n<span style=\"color: #ffffff;\">composted in 2019<\/span><\/h2>\n\n\t\t<\/div>\n\t<\/div>\n<\/div><\/div><\/div><div class=\"wpb_column vc_column_container vc_col-sm-4\"><div class=\"vc_column-inner vc_custom_1560263166600\"><div class=\"wpb_wrapper\">\n\t<div class=\"wpb_text_column wpb_content_element\" >\n\t\t<div class=\"wpb_wrapper\">\n\t\t\t<h2 style=\"text-align: center;\"><span style=\"color: #ffffff;\"><strong>2893 Hours<br \/>\n<\/strong>of training in 2019<\/span><\/h2>\n\n\t\t<\/div>\n\t<\/div>\n<\/div><\/div><\/div><div class=\"wpb_column vc_column_container vc_col-sm-4\"><div class=\"vc_column-inner vc_custom_1581608059838\"><div class=\"wpb_wrapper\">\n\t<div class=\"wpb_text_column wpb_content_element\" >\n\t\t<div class=\"wpb_wrapper\">\n\t\t\t<h2 style=\"text-align: center;\"><span style=\"color: #ffffff;\"><strong>+3 000 requests<br \/>\n<\/strong>for maintenances cars in 2019<\/span><\/h2>\n\n\t\t<\/div>\n\t<\/div>\n<\/div><\/div><\/div><\/div><div class=\"vc_row-full-width vc_clearfix\"><\/div><div class=\"vc_row wpb_row vc_row-fluid\"><div class=\"wpb_column vc_column_container vc_col-sm-12\"><div class=\"vc_column-inner\"><div class=\"wpb_wrapper\"><div class=\"vc_empty_space\"   style=\"height: 90px\"><span class=\"vc_empty_space_inner\"><\/span><\/div><div class=\"\">\r\n\t<div class=\"rt-text-with-image\">\r\n\t\t<div class=\"row\">\r\n\t\t\t<div class=\"col-lg-6 col-md-6 col-sm-6 col-xs-12\">\r\n\t\t\t\t<div class=\"rtin-text-part\">\r\n\t\t\t\t\t\t\t\t\t\t<h2 style=\"color:#000000\">A wide range of services<\/h2>\r\n\t\t\t\t\t\t\t\t\t\t<\/p>\n<p style=\"text-align: justify\">CIS Chad offers a wide range of facility management services: maintenance, water treatment, waste management, Landscaping, pest control, fire safety and facilities cleaning.<\/p>\n<p style=\"text-align: justify\">Letting our customers are free to focus on their core business, with facility management in good hands.<\/p>\n<p>\t\t\t\t<\/div>\r\n\t\t\t<\/div>\r\n\t\t\t<div class=\"col-lg-6 col-md-6 col-sm-6 col-xs-12\">\r\n\t\t\t\t<img decoding=\"async\" width=\"550\" height=\"450\" src=\"https:\/\/cis-chad.com\/wp-content\/uploads\/2020\/01\/CIS-CHAD-facility-management-1-1.jpg\" class=\"attachment-full size-full\" alt=\"\" srcset=\"https:\/\/cis-chad.com\/wp-content\/uploads\/2020\/01\/CIS-CHAD-facility-management-1-1.jpg 550w, https:\/\/cis-chad.com\/wp-content\/uploads\/2020\/01\/CIS-CHAD-facility-management-1-1-300x245.jpg 300w\" sizes=\"(max-width: 550px) 100vw, 550px\" \/>\t\t\t<\/div>\r\n\t\t<\/div>\r\n\t<\/div>\r\n<\/div><div class=\"vc_empty_space\"   style=\"height: 45px\"><span class=\"vc_empty_space_inner\"><\/span><\/div><\/div><\/div><\/div><\/div><div class=\"vc_row wpb_row vc_row-fluid\"><div class=\"wpb_column vc_column_container vc_col-sm-12\"><div class=\"vc_column-inner\"><div class=\"wpb_wrapper\"><div class=\"\">\r\n\t<div class=\"rt-text-with-image\">\r\n\t\t<div class=\"row\">\r\n\t\t\t<div class=\"col-lg-6 col-md-6 col-sm-6 col-xs-12\">\r\n\t\t\t\t<img decoding=\"async\" width=\"550\" height=\"450\" src=\"https:\/\/cis-chad.com\/wp-content\/uploads\/2020\/01\/CIS-CHAD-facility-management-3.jpg\" class=\"attachment-full size-full\" alt=\"\" srcset=\"https:\/\/cis-chad.com\/wp-content\/uploads\/2020\/01\/CIS-CHAD-facility-management-3.jpg 550w, https:\/\/cis-chad.com\/wp-content\/uploads\/2020\/01\/CIS-CHAD-facility-management-3-300x245.jpg 300w\" sizes=\"(max-width: 550px) 100vw, 550px\" \/>\t\t\t<\/div>\t\t\t\t\t\r\n\t\t\t<div class=\"col-lg-6 col-md-6 col-sm-6 col-xs-12\">\r\n\t\t\t\t<div class=\"rtin-text-part\">\r\n\t\t\t\t\t\t\t\t\t\t<h2 style=\"color:#000000\">Dedicated teams to maintain your installations<\/h2>\r\n\t\t\t\t\t\t\t\t\t\t<\/p>\n<p style=\"text-align: justify\">CIS Chad manages the upkeep and maintenance of the facilities to ensure smooth daily operation.<\/p>\n<p style=\"text-align: justify\">Inspections r\u00e9guli\u00e8res, travaux d\u2019entretien, analyse des rapports d&#8217;incidents : nous fournissons des solutions efficaces pour garantir la s\u00e9curit\u00e9 et la performance n\u00e9cessaire \u00e0 chaque op\u00e9ration.<\/p>\n<p>\t\t\t\t<\/div>\r\n\t\t\t<\/div>\r\n\t\t<\/div>\r\n\t<\/div>\r\n<\/div><\/div><\/div><\/div><\/div><div class=\"vc_row wpb_row vc_row-fluid\"><div class=\"wpb_column vc_column_container vc_col-sm-12\"><div class=\"vc_column-inner vc_custom_1580207240403\"><div class=\"wpb_wrapper\"><div class=\"\">\n\t<div class=\"rt-vc-title rtin-section-title-left\">\n\t\t\t\t\t<h2 class=\"rt-section-title-vc\" style=\"font-size:30px; color:#222222;\">Our other areas of expertise<\/h2>\n\t\t\t<\/div>\n<\/div><\/div><\/div><\/div><\/div><div class=\"vc_row wpb_row vc_row-fluid vc_custom_1560263506725 vc_column-gap-30\"><div class=\"wpb_column vc_column_container vc_col-sm-4 vc_col-has-fill\"><div class=\"vc_column-inner vc_custom_1579163915380\"><div class=\"wpb_wrapper\">\n\t<div class=\"wpb_text_column wpb_content_element  vc_custom_1589475112854\" >\n\t\t<div class=\"wpb_wrapper\">\n\t\t\t<div class=\"eds-animate\" data-eds-entry-animation=\"zoomIn\" data-eds-entry-delay=\"0\" data-eds-entry-duration=\"1\" data-eds-entry-timing=\"linear\" data-eds-exit-animation=\"\" data-eds-exit-delay=\"\" data-eds-exit-duration=\"\" data-eds-exit-timing=\"\" data-eds-repeat-count=\"1\" data-eds-keep=\"yes\" data-eds-animate-on=\"hover\" data-eds-scroll-offset=\"\">\n<h2 style=\"text-align: center;\"><strong><span style=\"color: #ffffff;\"><a href=\"https:\/\/cis-chad.com\/en\/restauration-2\/\"><span style=\"color: #ffffff;\"><img decoding=\"async\" class=\"aligncenter wp-image-4299\" src=\"https:\/\/cis-chad.com\/wp-content\/uploads\/2019\/05\/CIEPTAL-picto-restauration-e1589464035628.png\" alt=\"\" width=\"48\" height=\"86\" \/>Catering<\/span><\/a> <\/span><\/strong><\/h2>\n<\/div>\n\n\t\t<\/div>\n\t<\/div>\n<\/div><\/div><\/div><div class=\"wpb_column vc_column_container vc_col-sm-4 vc_col-has-fill\"><div class=\"vc_column-inner vc_custom_1579163930142\"><div class=\"wpb_wrapper\">\n\t<div class=\"wpb_text_column wpb_content_element\" >\n\t\t<div class=\"wpb_wrapper\">\n\t\t\t<div class=\"eds-animate\" data-eds-entry-animation=\"zoomIn\" data-eds-entry-delay=\"0\" data-eds-entry-duration=\"1\" data-eds-entry-timing=\"linear\" data-eds-exit-animation=\"\" data-eds-exit-delay=\"\" data-eds-exit-duration=\"\" data-eds-exit-timing=\"\" data-eds-repeat-count=\"1\" data-eds-keep=\"yes\" data-eds-animate-on=\"hover\" data-eds-scroll-offset=\"\">\n<h2 style=\"text-align: center;\"><a href=\"https:\/\/cis-chad.com\/en\/hotellerie\/\"><strong><span style=\"color: #ffffff;\"><img decoding=\"async\" class=\"aligncenter wp-image-4296\" src=\"https:\/\/cis-chad.com\/wp-content\/uploads\/2019\/05\/CIEPTAL-picto-h\u00f4tellerie-e1589464145802.png\" alt=\"\" width=\"113\" height=\"50\" \/>Accommodation<\/span><\/strong><\/a><\/h2>\n<\/div>\n\n\t\t<\/div>\n\t<\/div>\n<\/div><\/div><\/div><div class=\"wpb_column vc_column_container vc_col-sm-4 vc_col-has-fill\"><div class=\"vc_column-inner vc_custom_1579605981896\"><div class=\"wpb_wrapper\">\n\t<div class=\"wpb_text_column wpb_content_element\" >\n\t\t<div class=\"wpb_wrapper\">\n\t\t\t<div class=\"eds-animate\" data-eds-entry-animation=\"zoomIn\" data-eds-entry-delay=\"0\" data-eds-entry-duration=\"1\" data-eds-entry-timing=\"linear\" data-eds-exit-animation=\"\" data-eds-exit-delay=\"\" data-eds-exit-duration=\"\" data-eds-exit-timing=\"\" data-eds-repeat-count=\"1\" data-eds-keep=\"yes\" data-eds-animate-on=\"hover\" data-eds-scroll-offset=\"\">\n<h2 style=\"text-align: center;\"><a href=\"https:\/\/cis-chad.com\/en\/services-support\/\"><strong><span style=\"color: #ffffff;\"><img decoding=\"async\" class=\"aligncenter wp-image-4312\" src=\"https:\/\/cis-chad.com\/wp-content\/uploads\/2019\/05\/CIETPAL-picto-services-support-e1589464678330.png\" alt=\"\" width=\"105\" height=\"56\" \/>Support Services<\/span><\/strong><\/a><\/h2>\n<p>&nbsp;<\/p>\n<\/div>\n\n\t\t<\/div>\n\t<\/div>\n<\/div><\/div><\/div><\/div>\n<\/section>","protected":false},"excerpt":{"rendered":"CIS Tchad prend en charge la gestion compl\u00e8te des installations sur site &nbsp; Maintenance, Traitement de l\u2019eau, Gestion des d\u00e9chets, Entretien des espaces verts, Traitement des nuisibles, S\u00e9curit\u00e9 incendie, Nettoyage industriel 18 m3 de d\u00e9chets alimentaires compost\u00e9s en 2019 2893 Heures de formation en 2019 +3 000 demandes de maintenances remont\u00e9es en 2019 Une large [...]","protected":false},"author":2,"featured_media":0,"parent":0,"menu_order":0,"comment_status":"closed","ping_status":"closed","template":"","meta":{"footnotes":""},"class_list":["post-4196","page","type-page","status-publish","hentry"],"yoast_head":"<!-- This site is optimized with the Yoast SEO plugin v27.3 - https:\/\/yoast.com\/product\/yoast-seo-wordpress\/ -->\n<title>Facility Management - CIS Tchad<\/title>\n<meta name=\"robots\" content=\"index, follow, max-snippet:-1, max-image-preview:large, max-video-preview:-1\" \/>\n<link rel=\"canonical\" href=\"https:\/\/cis-chad.com\/en\/facility-management\/\" \/>\n<meta property=\"og:locale\" content=\"en_GB\" \/>\n<meta property=\"og:type\" content=\"article\" \/>\n<meta property=\"og:title\" content=\"Facility Management - CIS Tchad\" \/>\n<meta property=\"og:url\" content=\"https:\/\/cis-chad.com\/en\/facility-management\/\" \/>\n<meta property=\"og:site_name\" content=\"CIS Tchad\" \/>\n<meta property=\"article:modified_time\" content=\"2020-05-14T16:53:55+00:00\" \/>\n<meta property=\"og:image\" content=\"https:\/\/cis-chad.com\/wp-content\/uploads\/2019\/05\/CIEPTAL-picto-restauration-e1589464035628.png\" \/>\n<meta name=\"twitter:card\" content=\"summary_large_image\" \/>\n<meta name=\"twitter:label1\" content=\"Est. reading time\" \/>\n\t<meta name=\"twitter:data1\" content=\"3 minutes\" \/>\n<!-- \/ Yoast SEO plugin. -->","yoast_head_json":{"title":"Facility Management - CIS Tchad","robots":{"index":"index","follow":"follow","max-snippet":"max-snippet:-1","max-image-preview":"max-image-preview:large","max-video-preview":"max-video-preview:-1"},"canonical":"https:\/\/cis-chad.com\/en\/facility-management\/","og_locale":"en_GB","og_type":"article","og_title":"Facility Management - CIS Tchad","og_url":"https:\/\/cis-chad.com\/en\/facility-management\/","og_site_name":"CIS Tchad","article_modified_time":"2020-05-14T16:53:55+00:00","og_image":[{"url":"https:\/\/cis-chad.com\/wp-content\/uploads\/2019\/05\/CIEPTAL-picto-restauration-e1589464035628.png","type":"","width":"","height":""}],"twitter_card":"summary_large_image","twitter_misc":{"Est. reading time":"3 minutes"},"schema":{"@context":"https:\/\/schema.org","@graph":[{"@type":"WebPage","@id":"https:\/\/cis-chad.com\/en\/facility-management\/","url":"https:\/\/cis-chad.com\/en\/facility-management\/","name":"Facility Management - CIS Tchad","isPartOf":{"@id":"https:\/\/cis-chad.com\/#website"},"primaryImageOfPage":{"@id":"https:\/\/cis-chad.com\/en\/facility-management\/#primaryimage"},"image":{"@id":"https:\/\/cis-chad.com\/en\/facility-management\/#primaryimage"},"thumbnailUrl":"https:\/\/cis-chad.com\/wp-content\/uploads\/2019\/05\/CIEPTAL-picto-restauration-e1589464035628.png","datePublished":"2019-05-09T11:45:54+00:00","dateModified":"2020-05-14T16:53:55+00:00","breadcrumb":{"@id":"https:\/\/cis-chad.com\/en\/facility-management\/#breadcrumb"},"inLanguage":"en-GB","potentialAction":[{"@type":"ReadAction","target":["https:\/\/cis-chad.com\/en\/facility-management\/"]}]},{"@type":"ImageObject","inLanguage":"en-GB","@id":"https:\/\/cis-chad.com\/en\/facility-management\/#primaryimage","url":"https:\/\/cis-chad.com\/wp-content\/uploads\/2019\/05\/CIEPTAL-picto-restauration-e1589464035628.png","contentUrl":"https:\/\/cis-chad.com\/wp-content\/uploads\/2019\/05\/CIEPTAL-picto-restauration-e1589464035628.png"},{"@type":"BreadcrumbList","@id":"https:\/\/cis-chad.com\/en\/facility-management\/#breadcrumb","itemListElement":[{"@type":"ListItem","position":1,"name":"Accueil","item":"https:\/\/cis-chad.com\/"},{"@type":"ListItem","position":2,"name":"Facility Management"}]},{"@type":"WebSite","@id":"https:\/\/cis-chad.com\/#website","url":"https:\/\/cis-chad.com\/","name":"CIS Chad","description":"Integrated Life Support Services","potentialAction":[{"@type":"SearchAction","target":{"@type":"EntryPoint","urlTemplate":"https:\/\/cis-chad.com\/?s={search_term_string}"},"query-input":{"@type":"PropertyValueSpecification","valueRequired":true,"valueName":"search_term_string"}}],"inLanguage":"en-GB"}]}},"_links":{"self":[{"href":"https:\/\/cis-chad.com\/en\/wp-json\/wp\/v2\/pages\/4196","targetHints":{"allow":["GET"]}}],"collection":[{"href":"https:\/\/cis-chad.com\/en\/wp-json\/wp\/v2\/pages"}],"about":[{"href":"https:\/\/cis-chad.com\/en\/wp-json\/wp\/v2\/types\/page"}],"author":[{"embeddable":true,"href":"https:\/\/cis-chad.com\/en\/wp-json\/wp\/v2\/users\/2"}],"replies":[{"embeddable":true,"href":"https:\/\/cis-chad.com\/en\/wp-json\/wp\/v2\/comments?post=4196"}],"version-history":[{"count":74,"href":"https:\/\/cis-chad.com\/en\/wp-json\/wp\/v2\/pages\/4196\/revisions"}],"predecessor-version":[{"id":6568,"href":"https:\/\/cis-chad.com\/en\/wp-json\/wp\/v2\/pages\/4196\/revisions\/6568"}],"wp:attachment":[{"href":"https:\/\/cis-chad.com\/en\/wp-json\/wp\/v2\/media?parent=4196"}],"curies":[{"name":"wp","href":"https:\/\/api.w.org\/{rel}","templated":true}]}}