{"id":4086,"date":"2019-04-29T10:26:54","date_gmt":"2019-04-29T10:26:54","guid":{"rendered":"https:\/\/www.cieptal.com\/?page_id=4086"},"modified":"2020-05-14T16:26:06","modified_gmt":"2020-05-14T16:26:06","slug":"restauration-2","status":"publish","type":"page","link":"https:\/\/cis-chad.com\/en\/restauration-2\/","title":{"rendered":"Catering"},"content":{"rendered":"<section class=\"wpb-content-wrapper\"><div class=\"vc_row wpb_row vc_row-fluid\"><div class=\"wpb_column vc_column_container vc_col-sm-12\"><div class=\"vc_column-inner\"><div class=\"wpb_wrapper\"><div class=\"vc_empty_space\"   style=\"height: 90px\"><span class=\"vc_empty_space_inner\"><\/span><\/div>\n\t<div class=\"wpb_text_column wpb_content_element\" >\n\t\t<div class=\"wpb_wrapper\">\n\t\t\t<h2 style=\"text-align: center;\"><b>CIS Tchad, l&#8217;expert en restauration collective<\/b><\/h2>\n<p>&nbsp;<\/p>\n<h2 style=\"text-align: center;\"><b><\/b>Institutional catering, packed meals, themed menus and quality controls<\/h2>\n\n\t\t<\/div>\n\t<\/div>\n<\/div><\/div><\/div><\/div><div class=\"vc_row wpb_row vc_row-fluid\"><div class=\"wpb_column vc_column_container vc_col-sm-12\"><div class=\"vc_column-inner\"><div class=\"wpb_wrapper\"><div class=\"vc_empty_space\"   style=\"height: 90px\"><span class=\"vc_empty_space_inner\"><\/span><\/div><\/div><\/div><\/div><\/div><div data-vc-full-width=\"true\" data-vc-full-width-init=\"false\" data-vc-stretch-content=\"true\" class=\"vc_row wpb_row vc_row-fluid vc_custom_1579087377920 vc_row-has-fill\"><div class=\"wpb_column vc_column_container vc_col-sm-4\"><div class=\"vc_column-inner vc_custom_1560263036205\"><div class=\"wpb_wrapper\">\n\t<div class=\"wpb_text_column wpb_content_element\" >\n\t\t<div class=\"wpb_wrapper\">\n\t\t\t<h2 style=\"text-align: center;\"><span style=\"color: #ffffff;\"><strong>+1 500 000<\/strong><br \/>\nmeals served in 2019<\/span><\/h2>\n\n\t\t<\/div>\n\t<\/div>\n<\/div><\/div><\/div><div class=\"wpb_column vc_column_container vc_col-sm-4\"><div class=\"vc_column-inner vc_custom_1560263062579\"><div class=\"wpb_wrapper\">\n\t<div class=\"wpb_text_column wpb_content_element\" >\n\t\t<div class=\"wpb_wrapper\">\n\t\t\t<h2 style=\"text-align: center;\"><span style=\"color: #ffffff;\"><strong>Selection<\/strong><br \/>\nof local products<\/span><\/h2>\n\n\t\t<\/div>\n\t<\/div>\n<\/div><\/div><\/div><div class=\"wpb_column vc_column_container vc_col-sm-4\"><div class=\"vc_column-inner vc_custom_1560263075929\"><div class=\"wpb_wrapper\">\n\t<div class=\"wpb_text_column wpb_content_element\" >\n\t\t<div class=\"wpb_wrapper\">\n\t\t\t<h2 style=\"text-align: center;\"><span style=\"color: #ffffff;\"><strong>96%<\/strong><br \/>\ncustomer satisfaction in 2019<\/span><\/h2>\n\n\t\t<\/div>\n\t<\/div>\n<\/div><\/div><\/div><\/div><div class=\"vc_row-full-width vc_clearfix\"><\/div><div class=\"vc_row wpb_row vc_row-fluid\"><div class=\"wpb_column vc_column_container vc_col-sm-12\"><div class=\"vc_column-inner\"><div class=\"wpb_wrapper\"><div class=\"vc_empty_space\"   style=\"height: 90px\"><span class=\"vc_empty_space_inner\"><\/span><\/div><div class=\"\">\r\n\t<div class=\"rt-text-with-image\">\r\n\t\t<div class=\"row\">\r\n\t\t\t<div class=\"col-lg-6 col-md-6 col-sm-6 col-xs-12\">\r\n\t\t\t\t<div class=\"rtin-text-part\">\r\n\t\t\t\t\t\t\t\t\t\t<h2 style=\"color:#000000\">Catering: expertise for 20 years<\/h2>\r\n\t\t\t\t\t\t\t\t\t\t<\/p>\n<p style=\"text-align: justify\">Depuis sa cr\u00e9ation, CIS Tchad est devenue l&#8217;une des principales entreprises de restauration collective au Tchad.<\/p>\n<p style=\"text-align: justify\">Thanks to its know-how, CIS Chad is able to offer a comprehensive service to its customers and is committed to offering products guaranteeing compliance with international quality standards in force throughout Chad even in the most remote areas.<\/p>\n<p style=\"text-align: justify\">With more than 1,500,000 meals served per year, CIS Chad plays an essential role and must meet a double requirement: to offer balanced meals and meet current nutritional requirements.<\/p>\n<p style=\"text-align: justify\">CIS Chad concentrates all its efforts to provide its customers with catering solutions adapted to traditions and customs, combining culinary know-how, quality of service and operational excellence.<\/p>\n<p>\t\t\t\t<\/div>\r\n\t\t\t<\/div>\r\n\t\t\t<div class=\"col-lg-6 col-md-6 col-sm-6 col-xs-12\">\r\n\t\t\t\t<img decoding=\"async\" width=\"550\" height=\"450\" src=\"https:\/\/cis-chad.com\/wp-content\/uploads\/2020\/01\/CIS-CHAD-restauration-1.jpg\" class=\"attachment-full size-full\" alt=\"\" srcset=\"https:\/\/cis-chad.com\/wp-content\/uploads\/2020\/01\/CIS-CHAD-restauration-1.jpg 550w, https:\/\/cis-chad.com\/wp-content\/uploads\/2020\/01\/CIS-CHAD-restauration-1-300x245.jpg 300w\" sizes=\"(max-width: 550px) 100vw, 550px\" \/>\t\t\t<\/div>\r\n\t\t<\/div>\r\n\t<\/div>\r\n<\/div><\/div><\/div><\/div><\/div><div class=\"vc_row wpb_row vc_row-fluid\"><div class=\"wpb_column vc_column_container vc_col-sm-12\"><div class=\"vc_column-inner vc_custom_1581090417287\"><div class=\"wpb_wrapper\"><div class=\"\">\r\n\t<div class=\"rt-text-with-image\">\r\n\t\t<div class=\"row\">\r\n\t\t\t<div class=\"col-lg-6 col-md-6 col-sm-6 col-xs-12\">\r\n\t\t\t\t<img decoding=\"async\" width=\"550\" height=\"450\" src=\"https:\/\/cis-chad.com\/wp-content\/uploads\/2020\/01\/CIS-CHAD-restauration-2.jpg\" class=\"attachment-full size-full\" alt=\"\" srcset=\"https:\/\/cis-chad.com\/wp-content\/uploads\/2020\/01\/CIS-CHAD-restauration-2.jpg 550w, https:\/\/cis-chad.com\/wp-content\/uploads\/2020\/01\/CIS-CHAD-restauration-2-300x245.jpg 300w\" sizes=\"(max-width: 550px) 100vw, 550px\" \/>\t\t\t<\/div>\t\t\t\t\t\r\n\t\t\t<div class=\"col-lg-6 col-md-6 col-sm-6 col-xs-12\">\r\n\t\t\t\t<div class=\"rtin-text-part\">\r\n\t\t\t\t\t\t\t\t\t\t<h2 style=\"color:#000000\">Food Safety<\/h2>\r\n\t\t\t\t\t\t\t\t\t\t<\/p>\n<p style=\"text-align: justify\">Food security is a fundamental pillar of our collective catering activity. For this reason, CIS Chad complies with HACCP standards, but also with legislation drawn from the Hygiene Package and European regulations in order to ensure a standard of excellence to our customers in terms of hygiene, sanitation, while respecting good practices. Beyond daily, weekly inspections and monthly audits in its manufacturing units, CIS Chad performs more than 200 analysis per year to verify the conformity of its production processes to European standards.<\/p>\n<p style=\"text-align: justify\">Respect for the cold chain and the hot link are prerequisites that are monitored and controlled, thanks to the introduction of new technologies still unheard of in Chad (Thermopuce &amp; Live control via radio frequency, monitoring of storage temperature on the cloud\u2026). Our tools allow automatic alerts in the event of a hardware malfunction, which allows us greater control of our activity.<\/p>\n<p style=\"text-align: justify\">CIS Chad has put in place regular training based on food security through a rigorous training program conducted customized for our business. And because hygiene is everyone's business, CIS carries out frequent awareness campaigns for residents using communication media adapted to the multiculturalism that characterizes our operating sites.<\/p>\n<p>\t\t\t\t<\/div>\r\n\t\t\t<\/div>\r\n\t\t<\/div>\r\n\t<\/div>\r\n<\/div><\/div><\/div><\/div><\/div><div class=\"vc_row wpb_row vc_row-fluid vc_custom_1580200302767\"><div class=\"wpb_column vc_column_container vc_col-sm-12\"><div class=\"vc_column-inner vc_custom_1581603326815\"><div class=\"wpb_wrapper\"><div class=\"\">\n\t<div class=\"rt-vc-title rtin-section-title-left\">\n\t\t\t\t\t<h2 class=\"rt-section-title-vc\" style=\"font-size:30px; color:#222222;\">Our other areas of expertise<\/h2>\n\t\t\t<\/div>\n<\/div><\/div><\/div><\/div><\/div><div class=\"vc_row wpb_row vc_row-fluid vc_custom_1560249803264 vc_column-gap-30\"><div class=\"wpb_column vc_column_container vc_col-sm-4 vc_col-has-fill\"><div class=\"vc_column-inner vc_custom_1579085525539\"><div class=\"wpb_wrapper\">\n\t<div class=\"wpb_text_column wpb_content_element\" >\n\t\t<div class=\"wpb_wrapper\">\n\t\t\t<div class=\"eds-animate\" data-eds-entry-animation=\"zoomIn\" data-eds-entry-delay=\"0\" data-eds-entry-duration=\"1\" data-eds-entry-timing=\"linear\" data-eds-exit-animation=\"\" data-eds-exit-delay=\"\" data-eds-exit-duration=\"\" data-eds-exit-timing=\"\" data-eds-repeat-count=\"1\" data-eds-keep=\"yes\" data-eds-animate-on=\"hover\" data-eds-scroll-offset=\"\">\n<h2 style=\"text-align: center;\"><strong><a href=\"https:\/\/cis-chad.com\/en\/hotellerie\/\"><span style=\"color: #ffffff;\"><img decoding=\"async\" class=\"aligncenter wp-image-4296\" src=\"https:\/\/cis-chad.com\/wp-content\/uploads\/2019\/05\/CIEPTAL-picto-h\u00f4tellerie-e1589464145802.png\" alt=\"\" width=\"113\" height=\"50\" \/><\/span><\/a><\/strong><\/h2>\n<h2 style=\"text-align: center;\"><strong><a href=\"https:\/\/cis-chad.com\/en\/hotellerie\/\"><span style=\"color: #ffffff;\">Accommodation<\/span><\/a><\/strong><\/h2>\n<\/div>\n\n\t\t<\/div>\n\t<\/div>\n<\/div><\/div><\/div><div class=\"wpb_column vc_column_container vc_col-sm-4 vc_col-has-fill\"><div class=\"vc_column-inner vc_custom_1589473555923\"><div class=\"wpb_wrapper\">\n\t<div class=\"wpb_text_column wpb_content_element  vc_custom_1589473087073\" >\n\t\t<div class=\"wpb_wrapper\">\n\t\t\t<div class=\"eds-animate\" data-eds-entry-animation=\"zoomIn\" data-eds-entry-delay=\"0\" data-eds-entry-duration=\"1\" data-eds-entry-timing=\"linear\" data-eds-exit-animation=\"\" data-eds-exit-delay=\"\" data-eds-exit-duration=\"\" data-eds-exit-timing=\"\" data-eds-repeat-count=\"1\" data-eds-keep=\"yes\" data-eds-animate-on=\"hover\" data-eds-scroll-offset=\"\">\n<h2 style=\"text-align: center;\"><strong><a href=\"https:\/\/cis-chad.com\/en\/facility-management\/\"><img decoding=\"async\" class=\"aligncenter wp-image-6512\" src=\"https:\/\/cis-chad.com\/wp-content\/uploads\/2020\/05\/CIEPTAL-picto-facility-management-e1589466786420.png\" alt=\"\" width=\"83\" height=\"75\" \/><\/a><a href=\"https:\/\/cis-chad.com\/en\/facility-management\/\"><span style=\"color: #ffffff;\">Facility<\/span><\/a><\/strong><br \/>\n<strong><span style=\"color: #ffffff;\"><a style=\"color: #ffffff;\" href=\"https:\/\/cis-chad.com\/en\/facility-management\/\">Management<\/a><\/span><\/strong><\/h2>\n<p>&nbsp;<\/p>\n<\/div>\n\n\t\t<\/div>\n\t<\/div>\n<\/div><\/div><\/div><div class=\"wpb_column vc_column_container vc_col-sm-4 vc_col-has-fill\"><div class=\"vc_column-inner vc_custom_1579604544160\"><div class=\"wpb_wrapper\">\n\t<div class=\"wpb_text_column wpb_content_element  vc_custom_1589471951712\" >\n\t\t<div class=\"wpb_wrapper\">\n\t\t\t<div class=\"eds-animate\" data-eds-entry-animation=\"zoomIn\" data-eds-entry-delay=\"0\" data-eds-entry-duration=\"1\" data-eds-entry-timing=\"linear\" data-eds-exit-animation=\"\" data-eds-exit-delay=\"\" data-eds-exit-duration=\"\" data-eds-exit-timing=\"\" data-eds-repeat-count=\"1\" data-eds-keep=\"yes\" data-eds-animate-on=\"hover\" data-eds-scroll-offset=\"\">\n<h2 style=\"text-align: center;\"><strong><a href=\"https:\/\/cis-chad.com\/en\/services-support\/\"><span style=\"color: #ffffff;\"><img decoding=\"async\" class=\"aligncenter wp-image-4312\" src=\"https:\/\/cis-chad.com\/wp-content\/uploads\/2019\/05\/CIETPAL-picto-services-support-e1589464678330.png\" alt=\"\" width=\"105\" height=\"56\" \/><\/span><\/a><\/strong><strong><a href=\"https:\/\/cis-chad.com\/en\/services-support\/\"><span style=\"color: #ffffff;\">Support Services<\/span><\/a><\/strong><\/h2>\n<p>&nbsp;<\/p>\n<\/div>\n\n\t\t<\/div>\n\t<\/div>\n<\/div><\/div><\/div><\/div>\n<\/section>","protected":false},"excerpt":{"rendered":"CIS Tchad, l'expert en restauration collective &nbsp; Restauration collective, paniers repas, menus \u00e0 th\u00e8mes et contr\u00f4les qualit\u00e9 +1 500 000 repas servis en 2019 S\u00e9lection de produits locaux 96% de satisfaction client en 2019 Restauration : une expertise depuis 20 ans Depuis sa cr\u00e9ation, CIS Tchad est devenue l'une des principales entreprises de restauration collective [...]","protected":false},"author":2,"featured_media":0,"parent":0,"menu_order":0,"comment_status":"closed","ping_status":"closed","template":"","meta":{"footnotes":""},"class_list":["post-4086","page","type-page","status-publish","hentry"],"yoast_head":"<!-- This site is optimized with the Yoast SEO plugin v27.3 - https:\/\/yoast.com\/product\/yoast-seo-wordpress\/ -->\n<title>Restauration - CIS Tchad<\/title>\n<meta name=\"robots\" content=\"index, follow, max-snippet:-1, max-image-preview:large, max-video-preview:-1\" \/>\n<link rel=\"canonical\" href=\"https:\/\/cis-chad.com\/en\/restauration-2\/\" \/>\n<meta property=\"og:locale\" content=\"en_GB\" \/>\n<meta property=\"og:type\" content=\"article\" \/>\n<meta property=\"og:title\" content=\"Restauration - CIS Tchad\" \/>\n<meta property=\"og:url\" content=\"https:\/\/cis-chad.com\/en\/restauration-2\/\" \/>\n<meta property=\"og:site_name\" content=\"CIS Tchad\" \/>\n<meta property=\"article:modified_time\" content=\"2020-05-14T16:26:06+00:00\" \/>\n<meta property=\"og:image\" content=\"https:\/\/cis-chad.com\/wp-content\/uploads\/2019\/05\/CIEPTAL-picto-h\u00f4tellerie-e1589464145802.png\" \/>\n<meta name=\"twitter:card\" content=\"summary_large_image\" \/>\n<meta name=\"twitter:label1\" content=\"Est. reading time\" \/>\n\t<meta name=\"twitter:data1\" content=\"4 minutes\" \/>\n<!-- \/ Yoast SEO plugin. -->","yoast_head_json":{"title":"Restauration - CIS Tchad","robots":{"index":"index","follow":"follow","max-snippet":"max-snippet:-1","max-image-preview":"max-image-preview:large","max-video-preview":"max-video-preview:-1"},"canonical":"https:\/\/cis-chad.com\/en\/restauration-2\/","og_locale":"en_GB","og_type":"article","og_title":"Restauration - CIS Tchad","og_url":"https:\/\/cis-chad.com\/en\/restauration-2\/","og_site_name":"CIS Tchad","article_modified_time":"2020-05-14T16:26:06+00:00","og_image":[{"url":"https:\/\/cis-chad.com\/wp-content\/uploads\/2019\/05\/CIEPTAL-picto-h\u00f4tellerie-e1589464145802.png","type":"","width":"","height":""}],"twitter_card":"summary_large_image","twitter_misc":{"Est. reading time":"4 minutes"},"schema":{"@context":"https:\/\/schema.org","@graph":[{"@type":"WebPage","@id":"https:\/\/cis-chad.com\/en\/restauration-2\/","url":"https:\/\/cis-chad.com\/en\/restauration-2\/","name":"Restauration - CIS Tchad","isPartOf":{"@id":"https:\/\/cis-chad.com\/#website"},"primaryImageOfPage":{"@id":"https:\/\/cis-chad.com\/en\/restauration-2\/#primaryimage"},"image":{"@id":"https:\/\/cis-chad.com\/en\/restauration-2\/#primaryimage"},"thumbnailUrl":"https:\/\/cis-chad.com\/wp-content\/uploads\/2020\/05\/CIEPTAL-picto-facility-management-e1589466786420.png","datePublished":"2019-04-29T10:26:54+00:00","dateModified":"2020-05-14T16:26:06+00:00","breadcrumb":{"@id":"https:\/\/cis-chad.com\/en\/restauration-2\/#breadcrumb"},"inLanguage":"en-GB","potentialAction":[{"@type":"ReadAction","target":["https:\/\/cis-chad.com\/en\/restauration-2\/"]}]},{"@type":"ImageObject","inLanguage":"en-GB","@id":"https:\/\/cis-chad.com\/en\/restauration-2\/#primaryimage","url":"https:\/\/cis-chad.com\/wp-content\/uploads\/2020\/05\/CIEPTAL-picto-facility-management-e1589466786420.png","contentUrl":"https:\/\/cis-chad.com\/wp-content\/uploads\/2020\/05\/CIEPTAL-picto-facility-management-e1589466786420.png"},{"@type":"BreadcrumbList","@id":"https:\/\/cis-chad.com\/en\/restauration-2\/#breadcrumb","itemListElement":[{"@type":"ListItem","position":1,"name":"Accueil","item":"https:\/\/cis-chad.com\/"},{"@type":"ListItem","position":2,"name":"Restauration"}]},{"@type":"WebSite","@id":"https:\/\/cis-chad.com\/#website","url":"https:\/\/cis-chad.com\/","name":"CIS Chad","description":"Integrated Life Support Services","potentialAction":[{"@type":"SearchAction","target":{"@type":"EntryPoint","urlTemplate":"https:\/\/cis-chad.com\/?s={search_term_string}"},"query-input":{"@type":"PropertyValueSpecification","valueRequired":true,"valueName":"search_term_string"}}],"inLanguage":"en-GB"}]}},"_links":{"self":[{"href":"https:\/\/cis-chad.com\/en\/wp-json\/wp\/v2\/pages\/4086","targetHints":{"allow":["GET"]}}],"collection":[{"href":"https:\/\/cis-chad.com\/en\/wp-json\/wp\/v2\/pages"}],"about":[{"href":"https:\/\/cis-chad.com\/en\/wp-json\/wp\/v2\/types\/page"}],"author":[{"embeddable":true,"href":"https:\/\/cis-chad.com\/en\/wp-json\/wp\/v2\/users\/2"}],"replies":[{"embeddable":true,"href":"https:\/\/cis-chad.com\/en\/wp-json\/wp\/v2\/comments?post=4086"}],"version-history":[{"count":172,"href":"https:\/\/cis-chad.com\/en\/wp-json\/wp\/v2\/pages\/4086\/revisions"}],"predecessor-version":[{"id":6555,"href":"https:\/\/cis-chad.com\/en\/wp-json\/wp\/v2\/pages\/4086\/revisions\/6555"}],"wp:attachment":[{"href":"https:\/\/cis-chad.com\/en\/wp-json\/wp\/v2\/media?parent=4086"}],"curies":[{"name":"wp","href":"https:\/\/api.w.org\/{rel}","templated":true}]}}