{"id":4062,"date":"2019-04-29T08:33:30","date_gmt":"2019-04-29T08:33:30","guid":{"rendered":"https:\/\/www.cieptal.com\/?page_id=4062"},"modified":"2020-05-14T15:38:06","modified_gmt":"2020-05-14T15:38:06","slug":"expertise","status":"publish","type":"page","link":"https:\/\/cis-chad.com\/en\/expertise\/","title":{"rendered":"Expertise"},"content":{"rendered":"<section class=\"wpb-content-wrapper\"><div class=\"vc_row wpb_row vc_row-fluid\"><div class=\"wpb_column vc_column_container vc_col-sm-12\"><div class=\"vc_column-inner\"><div class=\"wpb_wrapper\"><div class=\"vc_empty_space\"   style=\"height: 90px\"><span class=\"vc_empty_space_inner\"><\/span><\/div><\/div><\/div><\/div><\/div><div class=\"vc_row wpb_row vc_row-fluid\"><div class=\"wpb_column vc_column_container vc_col-sm-12\"><div class=\"vc_column-inner\"><div class=\"wpb_wrapper\">\n\t<div class=\"wpb_text_column wpb_content_element\" >\n\t\t<div class=\"wpb_wrapper\">\n\t\t\t<h2 style=\"text-align: center;\">CIS Chad has developed a complete range of services and turnkey solutions to provide comfort and security for residents and contribute to the performance of its customers in the daily management of their sites.<\/h2>\n\n\t\t<\/div>\n\t<\/div>\n<div class=\"vc_empty_space\"   style=\"height: 90px\"><span class=\"vc_empty_space_inner\"><\/span><\/div><\/div><\/div><\/div><\/div><div class=\"vc_row wpb_row vc_row-fluid\"><div class=\"wpb_column vc_column_container vc_col-sm-3 vc_col-has-fill\"><div class=\"vc_column-inner vc_custom_1579082939933\"><div class=\"wpb_wrapper\"><\/div><\/div><\/div><div class=\"wpb_column vc_column_container vc_col-sm-3 vc_col-has-fill\"><div class=\"vc_column-inner vc_custom_1558431493140\"><div class=\"wpb_wrapper\">\n\t<div class=\"wpb_text_column wpb_content_element\" >\n\t\t<div class=\"wpb_wrapper\">\n\t\t\t<div class=\"eds-animate\" data-eds-entry-animation=\"zoomIn\" data-eds-entry-delay=\"0\" data-eds-entry-duration=\"1\" data-eds-entry-timing=\"linear\" data-eds-exit-animation=\"\" data-eds-exit-delay=\"\" data-eds-exit-duration=\"\" data-eds-exit-timing=\"\" data-eds-repeat-count=\"1\" data-eds-keep=\"yes\" data-eds-animate-on=\"hover\" data-eds-scroll-offset=\"\">\n<h2 style=\"text-align: center;\"><a href=\"https:\/\/cis-chad.com\/en\/restauration-2\/\"><span style=\"color: #ffffff;\"><img decoding=\"async\" class=\"wp-image-4299 size-full aligncenter\" src=\"https:\/\/cis-chad.com\/wp-content\/uploads\/2019\/05\/CIEPTAL-picto-restauration-e1589464035628.png\" alt=\"\" width=\"59\" height=\"106\" \/><\/span><\/a><\/h2>\n<h2 style=\"text-align: center;\"><a href=\"https:\/\/cis-chad.com\/en\/restauration-2\/\"><span style=\"color: #ffffff;\">Catering<\/span><\/a><\/h2>\n<\/div>\n\n\t\t<\/div>\n\t<\/div>\n<\/div><\/div><\/div><div class=\"wpb_column vc_column_container vc_col-sm-3 vc_col-has-fill\"><div class=\"vc_column-inner vc_custom_1579082953749\"><div class=\"wpb_wrapper\"><\/div><\/div><\/div><div class=\"wpb_column vc_column_container vc_col-sm-3 vc_col-has-fill\"><div class=\"vc_column-inner vc_custom_1558430843207\"><div class=\"wpb_wrapper\">\n\t<div class=\"wpb_text_column wpb_content_element\" >\n\t\t<div class=\"wpb_wrapper\">\n\t\t\t<div class=\"eds-animate\" data-eds-entry-animation=\"zoomIn\" data-eds-entry-delay=\"0\" data-eds-entry-duration=\"1\" data-eds-entry-timing=\"linear\" data-eds-exit-animation=\"\" data-eds-exit-delay=\"\" data-eds-exit-duration=\"\" data-eds-exit-timing=\"\" data-eds-repeat-count=\"1\" data-eds-keep=\"yes\" data-eds-animate-on=\"hover\" data-eds-scroll-offset=\"\">\n<h2 style=\"text-align: center;\"><a href=\"https:\/\/cis-chad.com\/en\/hotellerie\/\"><span style=\"color: #ffffff;\"><img decoding=\"async\" class=\"aligncenter wp-image-4296 size-full\" src=\"https:\/\/cis-chad.com\/wp-content\/uploads\/2019\/05\/CIEPTAL-picto-h\u00f4tellerie-e1589464145802.png\" alt=\"\" width=\"117\" height=\"52\" \/><\/span><\/a><\/h2>\n<h2 style=\"text-align: center;\"><a href=\"https:\/\/cis-chad.com\/en\/hotellerie\/\"><span style=\"color: #ffffff;\">Accommodation<\/span><\/a><\/h2>\n<\/div>\n\n\t\t<\/div>\n\t<\/div>\n<\/div><\/div><\/div><\/div><div class=\"vc_row wpb_row vc_row-fluid\"><div class=\"wpb_column vc_column_container vc_col-sm-3 vc_col-has-fill\"><div class=\"vc_column-inner vc_custom_1589470658106\"><div class=\"wpb_wrapper\">\n\t<div class=\"wpb_text_column wpb_content_element\" >\n\t\t<div class=\"wpb_wrapper\">\n\t\t\t<div class=\"eds-animate\" data-eds-entry-animation=\"zoomIn\" data-eds-entry-delay=\"0\" data-eds-entry-duration=\"1\" data-eds-entry-timing=\"linear\" data-eds-exit-animation=\"\" data-eds-exit-delay=\"\" data-eds-exit-duration=\"\" data-eds-exit-timing=\"\" data-eds-repeat-count=\"1\" data-eds-keep=\"yes\" data-eds-animate-on=\"hover\" data-eds-scroll-offset=\"\">\n<h2 style=\"text-align: center;\"><\/h2>\n<h2 style=\"text-align: center;\"><a href=\"https:\/\/cis-chad.com\/en\/facility-management\/\"><img decoding=\"async\" class=\"size-full wp-image-6512 aligncenter\" src=\"https:\/\/cis-chad.com\/wp-content\/uploads\/2020\/05\/CIEPTAL-picto-facility-management-e1589466786420.png\" alt=\"\" width=\"121\" height=\"110\" \/><\/a><br \/>\n<a href=\"https:\/\/cis-chad.com\/en\/facility-management\/\"><span style=\"color: #ffffff;\">Facility<br \/>\nManagement<\/span><\/a><\/h2>\n<p>&nbsp;<\/p>\n<\/div>\n\n\t\t<\/div>\n\t<\/div>\n<\/div><\/div><\/div><div class=\"wpb_column vc_column_container vc_col-sm-3 vc_col-has-fill\"><div class=\"vc_column-inner vc_custom_1579082984330\"><div class=\"wpb_wrapper\"><\/div><\/div><\/div><div class=\"wpb_column vc_column_container vc_col-sm-3 vc_col-has-fill\"><div class=\"vc_column-inner vc_custom_1589470677482\"><div class=\"wpb_wrapper\">\n\t<div class=\"wpb_text_column wpb_content_element\" >\n\t\t<div class=\"wpb_wrapper\">\n\t\t\t<div class=\"eds-animate\" data-eds-entry-animation=\"zoomIn\" data-eds-entry-delay=\"0\" data-eds-entry-duration=\"1\" data-eds-entry-timing=\"linear\" data-eds-exit-animation=\"\" data-eds-exit-delay=\"\" data-eds-exit-duration=\"\" data-eds-exit-timing=\"\" data-eds-repeat-count=\"1\" data-eds-keep=\"yes\" data-eds-animate-on=\"hover\" data-eds-scroll-offset=\"\">\n<h2 style=\"text-align: center;\"><a href=\"https:\/\/cis-chad.com\/en\/services-support\/\"><span style=\"color: #ffffff;\"><img decoding=\"async\" class=\"wp-image-4312 size-full aligncenter\" src=\"https:\/\/cis-chad.com\/wp-content\/uploads\/2019\/05\/CIETPAL-picto-services-support-e1589464678330.png\" alt=\"\" width=\"116\" height=\"62\" \/><\/span><\/a><\/h2>\n<h2 style=\"text-align: center;\"><a href=\"https:\/\/cis-chad.com\/en\/services-support\/\"><span style=\"color: #ffffff;\">Services<br \/>\nSupport<\/span><\/a><\/h2>\n<p>&nbsp;<\/p>\n<\/div>\n\n\t\t<\/div>\n\t<\/div>\n<\/div><\/div><\/div><div class=\"wpb_column vc_column_container vc_col-sm-3 vc_col-has-fill\"><div class=\"vc_column-inner vc_custom_1579082994357\"><div class=\"wpb_wrapper\"><\/div><\/div><\/div><\/div><div class=\"vc_row wpb_row vc_row-fluid vc_custom_1579875911225\"><div class=\"wpb_column vc_column_container vc_col-sm-12\"><div class=\"vc_column-inner\"><div class=\"wpb_wrapper\"><div class=\"\">\n\t<div class=\"rt-vc-title rtin-section-title-left\">\n\t\t\t\t\t<h2 class=\"rt-section-title-vc\" style=\"font-size:30px; color:#222222;\">Learn more<\/h2>\n\t\t\t<\/div>\n<\/div><\/div><\/div><\/div><\/div><div class=\"vc_row wpb_row vc_row-fluid vc_custom_1560249157976 vc_column-gap-30\"><div class=\"wpb_column vc_column_container vc_col-sm-4 vc_col-has-fill\"><div class=\"vc_column-inner vc_custom_1579083017391\"><div class=\"wpb_wrapper\">\n\t<div class=\"wpb_text_column wpb_content_element\" >\n\t\t<div class=\"wpb_wrapper\">\n\t\t\t<div class=\"eds-animate\" data-eds-entry-animation=\"zoomIn\" data-eds-entry-delay=\"0\" data-eds-entry-duration=\"1\" data-eds-entry-timing=\"linear\" data-eds-exit-animation=\"\" data-eds-exit-delay=\"\" data-eds-exit-duration=\"\" data-eds-exit-timing=\"\" data-eds-repeat-count=\"1\" data-eds-keep=\"yes\" data-eds-animate-on=\"hover\" data-eds-scroll-offset=\"\">\n<h2 style=\"text-align: center;\"><a href=\"https:\/\/cis-chad.com\/en\/presentation\/\"><strong><span style=\"color: #ffffff;\">Presentation<\/span><\/strong><\/a><\/h2>\n<\/div>\n\n\t\t<\/div>\n\t<\/div>\n<\/div><\/div><\/div><div class=\"wpb_column vc_column_container vc_col-sm-4 vc_col-has-fill\"><div class=\"vc_column-inner vc_custom_1579083095419\"><div class=\"wpb_wrapper\">\n\t<div class=\"wpb_text_column wpb_content_element\" >\n\t\t<div class=\"wpb_wrapper\">\n\t\t\t<div class=\"eds-animate\" data-eds-entry-animation=\"zoomIn\" data-eds-entry-delay=\"0\" data-eds-entry-duration=\"1\" data-eds-entry-timing=\"linear\" data-eds-exit-animation=\"\" data-eds-exit-delay=\"\" data-eds-exit-duration=\"\" data-eds-exit-timing=\"\" data-eds-repeat-count=\"1\" data-eds-keep=\"yes\" data-eds-animate-on=\"hover\" data-eds-scroll-offset=\"\">\n<h2 style=\"text-align: center;\"><a href=\"https:\/\/cis-chad.com\/en\/engagements-qhse\/\"><strong><span style=\"color: #ffffff;\">QHSE Commitments<\/span><\/strong><\/a><\/h2>\n<p>&nbsp;<\/p>\n<\/div>\n\n\t\t<\/div>\n\t<\/div>\n<\/div><\/div><\/div><div class=\"wpb_column vc_column_container vc_col-sm-4 vc_col-has-fill\"><div class=\"vc_column-inner vc_custom_1579603012452\"><div class=\"wpb_wrapper\">\n\t<div class=\"wpb_text_column wpb_content_element\" >\n\t\t<div class=\"wpb_wrapper\">\n\t\t\t<div class=\"eds-animate\" data-eds-entry-animation=\"zoomIn\" data-eds-entry-delay=\"0\" data-eds-entry-duration=\"1\" data-eds-entry-timing=\"linear\" data-eds-exit-animation=\"\" data-eds-exit-delay=\"\" data-eds-exit-duration=\"\" data-eds-exit-timing=\"\" data-eds-repeat-count=\"1\" data-eds-keep=\"yes\" data-eds-animate-on=\"hover\" data-eds-scroll-offset=\"\">\n<h2 style=\"text-align: center;\"><a href=\"https:\/\/cis-chad.com\/en\/equipes\/\"><strong><span style=\"color: #ffffff;\">Teams<\/span><\/strong><\/a><\/h2>\n<\/div>\n\n\t\t<\/div>\n\t<\/div>\n<\/div><\/div><\/div><\/div>\n<\/section>","protected":false},"excerpt":{"rendered":"CIS Tchad a d\u00e9velopp\u00e9 une gamme compl\u00e8te de services et de solutions cl\u00e9s en main pour apporter tout le confort et la s\u00e9curit\u00e9 aux r\u00e9sidents et contribuer \u00e0 la performance de ses clients dans la gestion quotidienne de leurs sites. Restauration H\u00f4tellerie Facility Management &nbsp; Services Support &nbsp; En savoir plus Pr\u00e9sentation Engagements QHSE &nbsp; [...]","protected":false},"author":2,"featured_media":0,"parent":0,"menu_order":0,"comment_status":"closed","ping_status":"closed","template":"","meta":{"footnotes":""},"class_list":["post-4062","page","type-page","status-publish","hentry"],"yoast_head":"<!-- This site is optimized with the Yoast SEO plugin v27.3 - https:\/\/yoast.com\/product\/yoast-seo-wordpress\/ -->\n<title>Expertise - CIS Tchad<\/title>\n<meta name=\"robots\" content=\"index, follow, max-snippet:-1, max-image-preview:large, max-video-preview:-1\" \/>\n<link rel=\"canonical\" href=\"https:\/\/cis-chad.com\/en\/expertise\/\" \/>\n<meta property=\"og:locale\" content=\"en_GB\" \/>\n<meta property=\"og:type\" content=\"article\" \/>\n<meta property=\"og:title\" content=\"Expertise - CIS Tchad\" \/>\n<meta property=\"og:url\" content=\"https:\/\/cis-chad.com\/en\/expertise\/\" \/>\n<meta property=\"og:site_name\" content=\"CIS Tchad\" \/>\n<meta property=\"article:modified_time\" content=\"2020-05-14T15:38:06+00:00\" \/>\n<meta property=\"og:image\" content=\"https:\/\/cis-chad.com\/wp-content\/uploads\/2019\/05\/CIEPTAL-picto-restauration-e1589464035628.png\" \/>\n<meta name=\"twitter:card\" content=\"summary_large_image\" \/>\n<meta name=\"twitter:label1\" content=\"Est. reading time\" \/>\n\t<meta name=\"twitter:data1\" content=\"4 minutes\" \/>\n<!-- \/ Yoast SEO plugin. -->","yoast_head_json":{"title":"Expertise - CIS Tchad","robots":{"index":"index","follow":"follow","max-snippet":"max-snippet:-1","max-image-preview":"max-image-preview:large","max-video-preview":"max-video-preview:-1"},"canonical":"https:\/\/cis-chad.com\/en\/expertise\/","og_locale":"en_GB","og_type":"article","og_title":"Expertise - CIS Tchad","og_url":"https:\/\/cis-chad.com\/en\/expertise\/","og_site_name":"CIS Tchad","article_modified_time":"2020-05-14T15:38:06+00:00","og_image":[{"url":"https:\/\/cis-chad.com\/wp-content\/uploads\/2019\/05\/CIEPTAL-picto-restauration-e1589464035628.png","type":"","width":"","height":""}],"twitter_card":"summary_large_image","twitter_misc":{"Est. reading time":"4 minutes"},"schema":{"@context":"https:\/\/schema.org","@graph":[{"@type":"WebPage","@id":"https:\/\/cis-chad.com\/en\/expertise\/","url":"https:\/\/cis-chad.com\/en\/expertise\/","name":"Expertise - CIS Tchad","isPartOf":{"@id":"https:\/\/cis-chad.com\/#website"},"primaryImageOfPage":{"@id":"https:\/\/cis-chad.com\/en\/expertise\/#primaryimage"},"image":{"@id":"https:\/\/cis-chad.com\/en\/expertise\/#primaryimage"},"thumbnailUrl":"https:\/\/cis-chad.com\/wp-content\/uploads\/2019\/05\/CIEPTAL-picto-restauration-e1589464035628.png","datePublished":"2019-04-29T08:33:30+00:00","dateModified":"2020-05-14T15:38:06+00:00","breadcrumb":{"@id":"https:\/\/cis-chad.com\/en\/expertise\/#breadcrumb"},"inLanguage":"en-GB","potentialAction":[{"@type":"ReadAction","target":["https:\/\/cis-chad.com\/en\/expertise\/"]}]},{"@type":"ImageObject","inLanguage":"en-GB","@id":"https:\/\/cis-chad.com\/en\/expertise\/#primaryimage","url":"https:\/\/cis-chad.com\/wp-content\/uploads\/2019\/05\/CIEPTAL-picto-restauration-e1589464035628.png","contentUrl":"https:\/\/cis-chad.com\/wp-content\/uploads\/2019\/05\/CIEPTAL-picto-restauration-e1589464035628.png"},{"@type":"BreadcrumbList","@id":"https:\/\/cis-chad.com\/en\/expertise\/#breadcrumb","itemListElement":[{"@type":"ListItem","position":1,"name":"Accueil","item":"https:\/\/cis-chad.com\/"},{"@type":"ListItem","position":2,"name":"Expertise"}]},{"@type":"WebSite","@id":"https:\/\/cis-chad.com\/#website","url":"https:\/\/cis-chad.com\/","name":"CIS Chad","description":"Integrated Life Support Services","potentialAction":[{"@type":"SearchAction","target":{"@type":"EntryPoint","urlTemplate":"https:\/\/cis-chad.com\/?s={search_term_string}"},"query-input":{"@type":"PropertyValueSpecification","valueRequired":true,"valueName":"search_term_string"}}],"inLanguage":"en-GB"}]}},"_links":{"self":[{"href":"https:\/\/cis-chad.com\/en\/wp-json\/wp\/v2\/pages\/4062","targetHints":{"allow":["GET"]}}],"collection":[{"href":"https:\/\/cis-chad.com\/en\/wp-json\/wp\/v2\/pages"}],"about":[{"href":"https:\/\/cis-chad.com\/en\/wp-json\/wp\/v2\/types\/page"}],"author":[{"embeddable":true,"href":"https:\/\/cis-chad.com\/en\/wp-json\/wp\/v2\/users\/2"}],"replies":[{"embeddable":true,"href":"https:\/\/cis-chad.com\/en\/wp-json\/wp\/v2\/comments?post=4062"}],"version-history":[{"count":138,"href":"https:\/\/cis-chad.com\/en\/wp-json\/wp\/v2\/pages\/4062\/revisions"}],"predecessor-version":[{"id":6532,"href":"https:\/\/cis-chad.com\/en\/wp-json\/wp\/v2\/pages\/4062\/revisions\/6532"}],"wp:attachment":[{"href":"https:\/\/cis-chad.com\/en\/wp-json\/wp\/v2\/media?parent=4062"}],"curies":[{"name":"wp","href":"https:\/\/api.w.org\/{rel}","templated":true}]}}