{"id":3989,"date":"2019-04-19T07:53:02","date_gmt":"2019-04-19T07:53:02","guid":{"rendered":"https:\/\/www.cieptal.com\/?page_id=3989"},"modified":"2021-12-07T15:38:26","modified_gmt":"2021-12-07T15:38:26","slug":"chiffres-cles","status":"publish","type":"page","link":"https:\/\/cis-chad.com\/en\/chiffres-cles\/","title":{"rendered":"Key figures"},"content":{"rendered":"<section class=\"wpb-content-wrapper\"><div data-vc-full-width=\"true\" data-vc-full-width-init=\"false\" data-vc-stretch-content=\"true\" class=\"vc_row wpb_row vc_row-fluid vc_custom_1580477823425 vc_row-o-content-middle vc_row-flex\"><div class=\"wpb_column vc_column_container vc_col-sm-1\/5\"><div class=\"vc_column-inner\"><div class=\"wpb_wrapper\"><div class=\"layout6\" style=\"\" data-color=\"\" data-hover=\"#0d496f\">\n\t<div class=\"rt-infobox-6\">\n\t\t<div class=\"rtin-info-icon\" style=\"background-color:#f4f4f4\">\n\t\t\t<i class=\"flaticon-finance-avatar\" aria-hidden=\"true\" style=\"\"><\/i>\n\t\t<\/div>\n\t\t<div class=\"rtin-info-content\">\n\t\t\t<h3 style=\"font-size: 30px;\">250<\/h3>\n\t\t\t<p style=\"font-size: 22px;\">employees<\/p>\n\t\t<\/div>\n\t<\/div>\n<\/div>\n<div class=\"clear\"><\/div><\/div><\/div><\/div><div class=\"wpb_column vc_column_container vc_col-sm-1\/5\"><div class=\"vc_column-inner\"><div class=\"wpb_wrapper\"><div class=\"layout6\" style=\"\" data-color=\"\" data-hover=\"#0d496f\">\n\t<div class=\"rt-infobox-6\">\n\t\t<div class=\"rtin-info-icon\" style=\"background-color:#f4f4f4\">\n\t\t\t<i class=\"fa fa-thumbs-o-up\" aria-hidden=\"true\" style=\"\"><\/i>\n\t\t<\/div>\n\t\t<div class=\"rtin-info-content\">\n\t\t\t<h3 style=\"font-size: 30px;\">96%<\/h3>\n\t\t\t<p style=\"font-size: 22px;\">customer satisfaction in 2019<\/p>\n\t\t<\/div>\n\t<\/div>\n<\/div>\n<div class=\"clear\"><\/div><\/div><\/div><\/div><div class=\"wpb_column vc_column_container vc_col-sm-1\/5\"><div class=\"vc_column-inner\"><div class=\"wpb_wrapper\"><div class=\"layout6\" style=\"\" data-color=\"\" data-hover=\"#0d496f\">\n\t<div class=\"rt-infobox-6\">\n\t\t<div class=\"rtin-info-icon\" style=\"background-color:#f4f4f4\">\n\t\t\t<i class=\"flaticon-sam-basket\" aria-hidden=\"true\" style=\"\"><\/i>\n\t\t<\/div>\n\t\t<div class=\"rtin-info-content\">\n\t\t\t<h3 style=\"font-size: 30px;\">+1 500 000 meals<\/h3>\n\t\t\t<p style=\"font-size: 22px;\">served in 2019<\/p>\n\t\t<\/div>\n\t<\/div>\n<\/div>\n<div class=\"clear\"><\/div><\/div><\/div><\/div><div class=\"wpb_column vc_column_container vc_col-sm-1\/5\"><div class=\"vc_column-inner\"><div class=\"wpb_wrapper\"><div class=\"layout6\" style=\"\" data-color=\"\" data-hover=\"#0d496f\">\n\t<div class=\"rt-infobox-6\">\n\t\t<div class=\"rtin-info-icon\" style=\"background-color:#f4f4f4\">\n\t\t\t<i class=\"fa fa-lemon-o\" aria-hidden=\"true\" style=\"\"><\/i>\n\t\t<\/div>\n\t\t<div class=\"rtin-info-content\">\n\t\t\t<h3 style=\"font-size: 30px;\">40 000 kilos<\/h3>\n\t\t\t<p style=\"font-size: 22px;\">of fruit and vegetables per month<\/p>\n\t\t<\/div>\n\t<\/div>\n<\/div>\n<div class=\"clear\"><\/div><\/div><\/div><\/div><div class=\"wpb_column vc_column_container vc_col-sm-1\/5\"><div class=\"vc_column-inner\"><div class=\"wpb_wrapper\"><div class=\"layout6\" style=\"\" data-color=\"\" data-hover=\"#0d496f\">\n\t<div class=\"rt-infobox-6\">\n\t\t<div class=\"rtin-info-icon\" style=\"background-color:#f4f4f4\">\n\t\t\t<i class=\"flaticon-sam-screen\" aria-hidden=\"true\" style=\"\"><\/i>\n\t\t<\/div>\n\t\t<div class=\"rtin-info-content\">\n\t\t\t<h3 style=\"font-size: 30px;\">+2800 hours<\/h3>\n\t\t\t<p style=\"font-size: 22px;\">of training in 2019<\/p>\n\t\t<\/div>\n\t<\/div>\n<\/div>\n<div class=\"clear\"><\/div><\/div><\/div><\/div><\/div><div class=\"vc_row-full-width vc_clearfix\"><\/div><div data-vc-full-width=\"true\" data-vc-full-width-init=\"false\" data-vc-stretch-content=\"true\" data-vc-parallax=\"1\" data-vc-parallax-image=\"https:\/\/cis-chad.com\/wp-content\/uploads\/2020\/01\/CIS-CHAD-header-chiffres-cl\u00e9s.jpg\" class=\"vc_row wpb_row vc_row-fluid vc_custom_1580477750998 vc_row-has-fill vc_general vc_parallax vc_parallax-content-moving\"><div class=\"wpb_column vc_column_container vc_col-sm-12\"><div class=\"vc_column-inner vc_custom_1580477431508\"><div class=\"wpb_wrapper\"><\/div><\/div><\/div><\/div><div class=\"vc_row-full-width vc_clearfix\"><\/div><div data-vc-full-width=\"true\" data-vc-full-width-init=\"false\" data-vc-stretch-content=\"true\" class=\"vc_row wpb_row vc_row-fluid vc_row-o-content-middle vc_row-flex\"><div class=\"wpb_column vc_column_container vc_col-sm-1\/5\"><div class=\"vc_column-inner\"><div class=\"wpb_wrapper\"><div class=\"layout6\" style=\"\" data-color=\"\" data-hover=\"#0d496f\">\n\t<div class=\"rt-infobox-6\">\n\t\t<div class=\"rtin-info-icon\" style=\"background-color:#f4f4f4\">\n\t\t\t<i class=\"flaticon-custom-share\" aria-hidden=\"true\" style=\"\"><\/i>\n\t\t<\/div>\n\t\t<div class=\"rtin-info-content\">\n\t\t\t<h3 style=\"font-size: 30px;\">Triple certification<\/h3>\n\t\t\t<p style=\"font-size: 22px;\" class=\"translation-block\">ISO 9001, ISO 14001,<br>\nOHSAS 18001<\/p>\n\t\t<\/div>\n\t<\/div>\n<\/div>\n<div class=\"clear\"><\/div><\/div><\/div><\/div><div class=\"wpb_column vc_column_container vc_col-sm-1\/5\"><div class=\"vc_column-inner\"><div class=\"wpb_wrapper\"><div class=\"layout6\" style=\"\" data-color=\"\" data-hover=\"#0d496f\">\n\t<div class=\"rt-infobox-6\">\n\t\t<div class=\"rtin-info-icon\" style=\"background-color:#f4f4f4\">\n\t\t\t<i class=\"flaticon-sam-placeholder\" aria-hidden=\"true\" style=\"\"><\/i>\n\t\t<\/div>\n\t\t<div class=\"rtin-info-content\">\n\t\t\t<h3 style=\"font-size: 30px;\">+20 years<\/h3>\n\t\t\t<p style=\"font-size: 22px;\">of presence<br \/>\nin Chad<\/p>\n\t\t<\/div>\n\t<\/div>\n<\/div>\n<div class=\"clear\"><\/div><\/div><\/div><\/div><div class=\"wpb_column vc_column_container vc_col-sm-1\/5\"><div class=\"vc_column-inner\"><div class=\"wpb_wrapper\"><div class=\"layout6\" style=\"\" data-color=\"\" data-hover=\"#0d496f\">\n\t<div class=\"rt-infobox-6\">\n\t\t<div class=\"rtin-info-icon\" style=\"background-color:#f4f4f4\">\n\t\t\t<i class=\"flaticon-sam-trophy\" aria-hidden=\"true\" style=\"\"><\/i>\n\t\t<\/div>\n\t\t<div class=\"rtin-info-content\">\n\t\t\t<h3 style=\"font-size: 30px;\">0 LTI<\/h3>\n\t\t\t<p style=\"font-size: 22px;\">since<br \/>\n14 years<\/p>\n\t\t<\/div>\n\t<\/div>\n<\/div>\n<div class=\"clear\"><\/div><\/div><\/div><\/div><div class=\"wpb_column vc_column_container vc_col-sm-1\/5\"><div class=\"vc_column-inner\"><div class=\"wpb_wrapper\"><div class=\"layout6\" style=\"\" data-color=\"\" data-hover=\"#0d496f\">\n\t<div class=\"rt-infobox-6\">\n\t\t<div class=\"rtin-info-icon\" style=\"background-color:#f4f4f4\">\n\t\t\t<i class=\"fa fa-users\" aria-hidden=\"true\" style=\"\"><\/i>\n\t\t<\/div>\n\t\t<div class=\"rtin-info-content\">\n\t\t\t<h3 style=\"font-size: 30px;\">450<\/h3>\n\t\t\t<p style=\"font-size: 22px;\" class=\"translation-block\">people trained in<br>\nQHSE regulations<\/p>\n\t\t<\/div>\n\t<\/div>\n<\/div>\n<div class=\"clear\"><\/div><\/div><\/div><\/div><div class=\"wpb_column vc_column_container vc_col-sm-1\/5\"><div class=\"vc_column-inner\"><div class=\"wpb_wrapper\"><div class=\"layout6\" style=\"\" data-color=\"\" data-hover=\"#0d496f\">\n\t<div class=\"rt-infobox-6\">\n\t\t<div class=\"rtin-info-icon\" style=\"background-color:#f4f4f4\">\n\t\t\t<i class=\"flaticon-custom-handshake\" aria-hidden=\"true\" style=\"\"><\/i>\n\t\t<\/div>\n\t\t<div class=\"rtin-info-content\">\n\t\t\t<h3 style=\"font-size: 30px;\">97%<\/h3>\n\t\t\t<p style=\"font-size: 22px;\">d&#8217;emploi<br \/>\nlocal<\/p>\n\t\t<\/div>\n\t<\/div>\n<\/div>\n<div class=\"clear\"><\/div><\/div><\/div><\/div><\/div><div class=\"vc_row-full-width vc_clearfix\"><\/div><div data-vc-full-width=\"true\" data-vc-full-width-init=\"false\" data-vc-stretch-content=\"true\" data-vc-parallax=\"1\" data-vc-parallax-image=\"https:\/\/cis-chad.com\/wp-content\/uploads\/2020\/02\/CIS-CHAD-header-chiffres-cl\u00e9s-1.jpg\" class=\"vc_row wpb_row vc_row-fluid vc_custom_1580728584629 vc_row-has-fill vc_general vc_parallax vc_parallax-content-moving\"><div class=\"wpb_column vc_column_container vc_col-sm-12\"><div class=\"vc_column-inner vc_custom_1580477431508\"><div class=\"wpb_wrapper\"><\/div><\/div><\/div><\/div><div class=\"vc_row-full-width vc_clearfix\"><\/div><div class=\"vc_row wpb_row vc_row-fluid vc_custom_1579876640930\"><div class=\"wpb_column vc_column_container vc_col-sm-12\"><div class=\"vc_column-inner\"><div class=\"wpb_wrapper\"><div class=\"\">\n\t<div class=\"rt-vc-title rtin-section-title-left\">\n\t\t\t\t\t<h2 class=\"rt-section-title-vc\" style=\"font-size:30px; color:#222222;\">Learn more<\/h2>\n\t\t\t<\/div>\n<\/div><\/div><\/div><\/div><\/div><div class=\"vc_row wpb_row vc_row-fluid vc_custom_1558541112190 vc_column-gap-30\"><div class=\"wpb_column vc_column_container vc_col-sm-4 vc_col-has-fill\"><div class=\"vc_column-inner vc_custom_1579087455859\"><div class=\"wpb_wrapper\">\n\t<div class=\"wpb_text_column wpb_content_element\" >\n\t\t<div class=\"wpb_wrapper\">\n\t\t\t<div class=\"eds-animate\" data-eds-entry-animation=\"zoomIn\" data-eds-entry-delay=\"0\" data-eds-entry-duration=\"1\" data-eds-entry-timing=\"linear\" data-eds-exit-animation=\"\" data-eds-exit-delay=\"\" data-eds-exit-duration=\"\" data-eds-exit-timing=\"\" data-eds-repeat-count=\"1\" data-eds-keep=\"yes\" data-eds-animate-on=\"hover\" data-eds-scroll-offset=\"\">\n<h2 style=\"text-align: center;\"><a href=\"https:\/\/cis-chad.com\/en\/presentation\/\"><span style=\"color: #ffffff;\"><strong>Presentation<\/strong><\/span><\/a><\/h2>\n<\/div>\n\n\t\t<\/div>\n\t<\/div>\n<\/div><\/div><\/div><div class=\"wpb_column vc_column_container vc_col-sm-4 vc_col-has-fill\"><div class=\"vc_column-inner vc_custom_1580726124191\"><div class=\"wpb_wrapper\">\n\t<div class=\"wpb_text_column wpb_content_element\" >\n\t\t<div class=\"wpb_wrapper\">\n\t\t\t<div class=\"eds-animate\" data-eds-entry-animation=\"zoomIn\" data-eds-entry-delay=\"0\" data-eds-entry-duration=\"1\" data-eds-entry-timing=\"linear\" data-eds-exit-animation=\"\" data-eds-exit-delay=\"\" data-eds-exit-duration=\"\" data-eds-exit-timing=\"\" data-eds-repeat-count=\"1\" data-eds-keep=\"yes\" data-eds-animate-on=\"hover\" data-eds-scroll-offset=\"\">\n<h2 style=\"text-align: center;\"><a href=\"https:\/\/cis-chad.com\/en\/recompenses\/\"><span style=\"color: #ffffff;\"><strong>Awards<\/strong><\/span><\/a><\/h2>\n<\/div>\n\n\t\t<\/div>\n\t<\/div>\n<\/div><\/div><\/div><div class=\"wpb_column vc_column_container vc_col-sm-4 vc_col-has-fill\"><div class=\"vc_column-inner vc_custom_1579087478063\"><div class=\"wpb_wrapper\">\n\t<div class=\"wpb_text_column wpb_content_element\" >\n\t\t<div class=\"wpb_wrapper\">\n\t\t\t<div class=\"eds-animate\" data-eds-entry-animation=\"zoomIn\" data-eds-entry-delay=\"0\" data-eds-entry-duration=\"1\" data-eds-entry-timing=\"linear\" data-eds-exit-animation=\"\" data-eds-exit-delay=\"\" data-eds-exit-duration=\"\" data-eds-exit-timing=\"\" data-eds-repeat-count=\"1\" data-eds-keep=\"yes\" data-eds-animate-on=\"hover\" data-eds-scroll-offset=\"\">\n<h2 style=\"text-align: center;\"><a href=\"https:\/\/cis-chad.com\/en\/equipes\/\"><span style=\"color: #ffffff;\"><strong>Teams<\/strong><\/span><\/a><\/h2>\n<\/div>\n\n\t\t<\/div>\n\t<\/div>\n<\/div><\/div><\/div><\/div>\n<\/section>","protected":false},"excerpt":{"rendered":"250 employ\u00e9s 96% de satisfaction client en 2019 +1 500 000 repas servis en 2019 40 000 kilos de fruits et l\u00e9gumes par mois +2800 heures de formation en 2019 Triple certification ISO 9001, ISO 14001, OHSAS 18001 +20 ans de pr\u00e9sence au Tchad 0 LTI depuis 14 ans 450 personnes form\u00e9es aux r\u00e8glementations QHSE [...]","protected":false},"author":2,"featured_media":0,"parent":0,"menu_order":0,"comment_status":"closed","ping_status":"closed","template":"","meta":{"footnotes":""},"class_list":["post-3989","page","type-page","status-publish","hentry"],"yoast_head":"<!-- This site is optimized with the Yoast SEO plugin v27.3 - https:\/\/yoast.com\/product\/yoast-seo-wordpress\/ -->\n<title>Chiffres cl\u00e9s - CIS Tchad<\/title>\n<meta name=\"robots\" content=\"index, follow, max-snippet:-1, max-image-preview:large, max-video-preview:-1\" \/>\n<link rel=\"canonical\" href=\"https:\/\/cis-chad.com\/en\/chiffres-cles\/\" \/>\n<meta property=\"og:locale\" content=\"en_GB\" \/>\n<meta property=\"og:type\" content=\"article\" \/>\n<meta property=\"og:title\" content=\"Chiffres cl\u00e9s - CIS Tchad\" \/>\n<meta property=\"og:url\" content=\"https:\/\/cis-chad.com\/en\/chiffres-cles\/\" \/>\n<meta property=\"og:site_name\" content=\"CIS Tchad\" \/>\n<meta property=\"article:modified_time\" content=\"2021-12-07T15:38:26+00:00\" \/>\n<meta name=\"twitter:card\" content=\"summary_large_image\" \/>\n<meta name=\"twitter:label1\" content=\"Est. reading time\" \/>\n\t<meta name=\"twitter:data1\" content=\"3 minutes\" \/>\n<!-- \/ Yoast SEO plugin. -->","yoast_head_json":{"title":"Chiffres cl\u00e9s - CIS Tchad","robots":{"index":"index","follow":"follow","max-snippet":"max-snippet:-1","max-image-preview":"max-image-preview:large","max-video-preview":"max-video-preview:-1"},"canonical":"https:\/\/cis-chad.com\/en\/chiffres-cles\/","og_locale":"en_GB","og_type":"article","og_title":"Chiffres cl\u00e9s - CIS Tchad","og_url":"https:\/\/cis-chad.com\/en\/chiffres-cles\/","og_site_name":"CIS Tchad","article_modified_time":"2021-12-07T15:38:26+00:00","twitter_card":"summary_large_image","twitter_misc":{"Est. reading time":"3 minutes"},"schema":{"@context":"https:\/\/schema.org","@graph":[{"@type":"WebPage","@id":"https:\/\/cis-chad.com\/chiffres-cles\/","url":"https:\/\/cis-chad.com\/chiffres-cles\/","name":"Chiffres cl\u00e9s - CIS Tchad","isPartOf":{"@id":"https:\/\/cis-chad.com\/#website"},"datePublished":"2019-04-19T07:53:02+00:00","dateModified":"2021-12-07T15:38:26+00:00","breadcrumb":{"@id":"https:\/\/cis-chad.com\/chiffres-cles\/#breadcrumb"},"inLanguage":"en-GB","potentialAction":[{"@type":"ReadAction","target":["https:\/\/cis-chad.com\/chiffres-cles\/"]}]},{"@type":"BreadcrumbList","@id":"https:\/\/cis-chad.com\/chiffres-cles\/#breadcrumb","itemListElement":[{"@type":"ListItem","position":1,"name":"Accueil","item":"https:\/\/cis-chad.com\/"},{"@type":"ListItem","position":2,"name":"Chiffres cl\u00e9s"}]},{"@type":"WebSite","@id":"https:\/\/cis-chad.com\/#website","url":"https:\/\/cis-chad.com\/","name":"CIS Chad","description":"Integrated Life Support Services","potentialAction":[{"@type":"SearchAction","target":{"@type":"EntryPoint","urlTemplate":"https:\/\/cis-chad.com\/?s={search_term_string}"},"query-input":{"@type":"PropertyValueSpecification","valueRequired":true,"valueName":"search_term_string"}}],"inLanguage":"en-GB"}]}},"_links":{"self":[{"href":"https:\/\/cis-chad.com\/en\/wp-json\/wp\/v2\/pages\/3989","targetHints":{"allow":["GET"]}}],"collection":[{"href":"https:\/\/cis-chad.com\/en\/wp-json\/wp\/v2\/pages"}],"about":[{"href":"https:\/\/cis-chad.com\/en\/wp-json\/wp\/v2\/types\/page"}],"author":[{"embeddable":true,"href":"https:\/\/cis-chad.com\/en\/wp-json\/wp\/v2\/users\/2"}],"replies":[{"embeddable":true,"href":"https:\/\/cis-chad.com\/en\/wp-json\/wp\/v2\/comments?post=3989"}],"version-history":[{"count":198,"href":"https:\/\/cis-chad.com\/en\/wp-json\/wp\/v2\/pages\/3989\/revisions"}],"predecessor-version":[{"id":6821,"href":"https:\/\/cis-chad.com\/en\/wp-json\/wp\/v2\/pages\/3989\/revisions\/6821"}],"wp:attachment":[{"href":"https:\/\/cis-chad.com\/en\/wp-json\/wp\/v2\/media?parent=3989"}],"curies":[{"name":"wp","href":"https:\/\/api.w.org\/{rel}","templated":true}]}}