{"id":3884,"date":"2019-04-09T09:31:48","date_gmt":"2019-04-09T09:31:48","guid":{"rendered":"https:\/\/www.cieptal.com\/?page_id=3884"},"modified":"2020-10-16T07:19:35","modified_gmt":"2020-10-16T07:19:35","slug":"mentions-legales","status":"publish","type":"page","link":"https:\/\/cis-chad.com\/en\/mentions-legales\/","title":{"rendered":"Legal notice"},"content":{"rendered":"<section class=\"wpb-content-wrapper\"><div class=\"vc_row wpb_row vc_row-fluid\"><div class=\"wpb_column vc_column_container vc_col-sm-12\"><div class=\"vc_column-inner\"><div class=\"wpb_wrapper\">\n\t<div class=\"wpb_text_column wpb_content_element\" >\n\t\t<div class=\"wpb_wrapper\">\n\t\t\t<p><strong>1 \/ LEGAL NOTICE<\/strong><\/p>\n<p><strong><br \/>\nPublication of the site<\/strong><\/p>\n<p>Website edited by the company CIS TCHAD, SARL with a authorized capital of 5,000,000 FCFA, listed in the RCCM of DJAMENA under the number TC \/ NDJ \/ 15 B 333, having the tax identification number 9000330V (hereinafter \u201cCIS TCHAD \").<\/p>\n<p><strong>Registered office<br \/>\n<\/strong>CIS TCHAD<br \/>\nBP 6081<br \/>\nAvenue Tombalbaye<br \/>\nN\u2019Djamena<br \/>\nCHAD<br \/>\nPublication manager: Rafael Lopes Da Silva, Managing Director<\/p>\n<p><strong>Website created by:<br \/>\n<\/strong>CIS TCHAD<br \/>\nBP 6081<br \/>\nAvenue Tombalbaye<br \/>\nN\u2019Djamena<br \/>\nCHAD<br \/>\nPhone: +235 (0) 22 51 63 44<\/p>\n<p><strong>and hosted by:<br \/>\n<\/strong>OVH<br \/>\nSAS with a capital of \u20ac 10,069,020<br \/>\nRCS Lille M\u00e9tropole 424 761 419 00045<br \/>\nCode APE 2620Z<br \/>\nN\u00b0 TVA : FR 22 424 761 419<br \/>\nHeadquarters: 2 rue Kellermann - 59100 Roubaix - France<\/p>\n<p>OVH SAS is a subsidiary of OVH Groupe SAS, a company registered with the Lille Trade and Companies Register under number 537 407 926 located at 2, rue Kellermann, 59100 Roubaix.<\/p>\n<p><a href=\"https:\/\/www.ovh.com\/\">https:\/\/www.ovh.com<\/a><\/p>\n<p><strong>Terms of use<\/strong><\/p>\n<p>The CIS TCHAD site is accessible via the url <a href=\"https:\/\/cis-chad.com\/en\/\">www.cis-chad.com<\/a> and operated in compliance with French law and is governed by these legal notices. By using this site, you declare that you have read these legal notices and have expressly accepted them.<\/p>\n<p>CIS TCHAD reserves the right to modify and \/ or delete, in part or in whole, the content of this site, or to temporarily or definitively suspend its dissemination, at any time and without warning.<\/p>\n<p>CIS TCHAD cannot be held responsible for material or immaterial damage which could be caused by the access to the information disseminated, the hypertext links or by their use or non-use, by the bad use of the connection or by technical problems.<\/p>\n<p>&nbsp;<\/p>\n<p><strong>Intellectual property rights<\/strong><\/p>\n<p>Access to our site grants you a non-exclusive right to use the site privately.<br \/>\nAll the items edited on this site, including notably texts, photographs, computer graphics, logos and trademarks, are covered by our intellectual property rights of CIS TCHAD and \/ or its Mother House CIS SA are the exclusive owners of all intellectual property rights relating both to the structure and the content of the site <a href=\"https:\/\/cis-chad.com\/en\/\">www.cis-chad.com<\/a> and this, worldwide. Thus, any representation or reproduction thereof, whether whole or partial, made without the authorisation of CIS TCHAD or CIS SA, is illegal.<\/p>\n<p>Photo credits: CIS \/ CIS TCHAD \/ Getty images \/ Shutterstock<\/p>\n<p>&nbsp;<\/p>\n<p><strong>2\/ CONFIDENTIALITY POLICY AND PERSONAL DATA<\/strong><\/p>\n<p><strong><br \/>\nGeneral provisions<\/strong><\/p>\n<p>Within the scope of the use and operation of the CIS TCHAD website, the user may be led to communicate personal data. By visiting our site, users accept that their personal data may be collected and used as described in this confidentiality statement. By completing our contact form on the site, users accept that CIS may gather, process, use or store their personal data in accordance with the data-protection policy in force.<\/p>\n<p>The term 'Personal Data' means any information which allows a person to be identified. Most often, this amounts to a name, an address, a telephone number or an electronic address.<\/p>\n<p>Personal data are processed in compliance with the various national and European laws and regulations governing this question, and notably with French law n\u00b0 78-17 on Computing, Data Storage and Freedom, dated 6th January 1978, as amended in 2004, and with EU Regulation 2016\/679, dated 27th April 2016, on the protection of personal data.<\/p>\n<p>This confidentiality policy statement is intended to inform you of the commitments made and measures taken by CIS TCHAD to ensure that your personal data are respected.<\/p>\n<p>This policy may of course evolve in accordance with regulations, legal context and CNIL policy-lines.<\/p>\n<p><strong><br \/>\nRelevance of the data collected<\/strong><\/p>\n<p>The data collected by CIS TCHAD are strictly relevant and necessary for the intended processing purposes and limited in accordance with the minimum collection principle.<\/p>\n<p><strong><br \/>\nPurpose of the collection<\/strong><\/p>\n<p>CIS TCHAD collects and processes data for clearly identified, legitimate and pre-determined purposes.<\/p>\n<p>Your data are processed principally for the following purposes:<\/p>\n<ul>\n<li>to ensure that candidacies are correctly dealt with;<\/li>\n<li>to reply to users' requests;<\/li>\n<li>to compile anonymous statistics.<\/li>\n<\/ul>\n<p>Users' personal data cannot be employed for purposes other than those for which they were collected.<\/p>\n<p><strong><br \/>\nInformation for users<\/strong><\/p>\n<p>CIS TCHAD seeks to inform users, in compliance with current regulations, of the way in which personal data are processed.<\/p>\n<p>CIS TCHAD thus clearly provides the following information whenever personal data are collected:<\/p>\n<ul>\n<li>the identity and contact details of the person in charge of data-processing and, as the case may be, the representative of the person in charge of processing;<\/li>\n<li>the contact details of the representative in charge of data-protection, if necessary;<\/li>\n<li>the reasons for which the personal data are processed, together with the legal basis for this processing;<\/li>\n<li>as appropriate, the legitimate interests pursued by CIS TCHAD or a third party;<\/li>\n<li>the addressees or categories of addressees of the personal data;<\/li>\n<li>as appropriate, the fact that CIS TCHAD intends to transfer personal data to another country or an international organization;<\/li>\n<li>the length of time for which personal data may be kept or the criteria adopted to determine this duration;<\/li>\n<li>the right to request access to personal data, to amend or delete these data or to limit their processing, or the right to oppose processing, and the right to portability of data and the possibility to decide what become of data after one's decease;<\/li>\n<li>the right to withdraw one's consent at any time, without prejudice to the legality of processing based on consent given prior to withdrawal;<\/li>\n<li>the right to lodge a complaint with the supervisory authority;<\/li>\n<li>details on the question of whether the requirement to provide personal data is of a contractual or official nature or whether a contract must be signed and if the person concerned is obliged to supply personal data, together with the possible consequences of any refusal to communicate these data;<\/li>\n<li>the possible existence of an automatic decision-taking system, including profiling, together with the necessary details on the underlying process and the foreseeable scope and consequences of any such processing.<\/li>\n<\/ul>\n<p><strong>\u00a0<\/strong><\/p>\n<p><strong>Security of personal data<\/strong><\/p>\n<p>CIS TCHAD takes all necessary measures to ensure the security of the data we collect and to guarantee their confidentiality. Within the limits of current technical possibilities, CIS TCHAD will ensure that these data are not deformed or damaged and that unauthorized third parties have no access to these data.<\/p>\n<p><strong><br \/>\nStorage of personal data<\/strong><\/p>\n<p>CIS TCHAD stores personal data for a limited period only, in compliance with current legislation.<\/p>\n<p><strong><br \/>\nCookies<\/strong><\/p>\n<p>Our website uses cookies. These files, stored in your computer, enable us to facilitate your access to the services we offer. The site cookies do not contain data which would allow you to be identified personally; they simply allow recording of data concerning your navigation on the site. They are designed to be used solely by CIS TCHAD. You can oppose recording of these cookies by configuring your computer according to the instructions given on\u00a0<a href=\"http:\/\/www.cnil.fr\/\">http:\/\/www.cnil.fr<\/a>.<\/p>\n<p><strong><br \/>\nYour rights<\/strong><\/p>\n<p>In application of the general data protection regulation n \u00b0 2016\/679 of 27\/04\/2016, you have the right of access, rectification, erasure, limitation of processing, the right to portability as well as right to define the fate of your data after your death in relation to all the data concerning you which is exercised with CIS TCHAD by e-mail at the following address: privacy@cis-catering.com or by post at the following address: CIS TCHAD - BP 6081 - Avenue Tombalbaye - N'Djamena - TCHAD. If you choose to exercise this right, you will be asked to accompany your request with an identity document, stating your date and place of birth and signature. These data will be kept while your request for amendment or deletion is being dealt with and will be erased afterwards. Whatever the case, CIS will not store the above-mentioned ID card for more than twelve months.<\/p>\n<p><strong><br \/>\nContact<br \/>\n<\/strong>All requests for information concerning the personal data protection policy implemented by CIS should be sent to <strong>privacy@cis-catering.com<\/strong>.<\/p>\n\n\t\t<\/div>\n\t<\/div>\n<\/div><\/div><\/div><\/div><div class=\"vc_row wpb_row vc_row-fluid\"><div class=\"wpb_column vc_column_container vc_col-sm-12\"><div class=\"vc_column-inner\"><div class=\"wpb_wrapper\">\n\t<div class=\"wpb_text_column wpb_content_element\" >\n\t\t<div class=\"wpb_wrapper\">\n\t\t\t\n\t\t<\/div>\n\t<\/div>\n<\/div><\/div><\/div><\/div>\n<\/section>","protected":false},"excerpt":{"rendered":"1\/ MENTIONS LEGALES Publication du site Site \u00e9dit\u00e9 par la soci\u00e9t\u00e9 CIS TCHAD, SARL au capital social de 5.000.000 FCFA, enregistr\u00e9e au RCCM d\u2019DJAMENA sous le num\u00e9ro TC \/NDJ\/ 15 B 333, ayant le num\u00e9ro d\u2019identification fiscale 9000330V(ci-apr\u00e8s \u00ab\u00a0CIS TCHAD\u00a0\u00bb). Si\u00e8ge Social CIS TCHAD BP 6081 Avenue Tombalbaye N\u2019Djamena TCHAD Directeur de la publication\u00a0: Rafael [...]","protected":false},"author":2,"featured_media":0,"parent":0,"menu_order":0,"comment_status":"closed","ping_status":"closed","template":"","meta":{"footnotes":""},"class_list":["post-3884","page","type-page","status-publish","hentry"],"yoast_head":"<!-- This site is optimized with the Yoast SEO plugin v27.4 - https:\/\/yoast.com\/product\/yoast-seo-wordpress\/ -->\n<title>Mentions l\u00e9gales - CIS Tchad<\/title>\n<meta name=\"robots\" content=\"index, follow, max-snippet:-1, max-image-preview:large, max-video-preview:-1\" \/>\n<link rel=\"canonical\" href=\"https:\/\/cis-chad.com\/en\/mentions-legales\/\" \/>\n<meta property=\"og:locale\" content=\"en_GB\" \/>\n<meta property=\"og:type\" content=\"article\" \/>\n<meta property=\"og:title\" content=\"Mentions l\u00e9gales - CIS Tchad\" \/>\n<meta property=\"og:url\" content=\"https:\/\/cis-chad.com\/en\/mentions-legales\/\" \/>\n<meta property=\"og:site_name\" content=\"CIS Tchad\" \/>\n<meta property=\"article:modified_time\" content=\"2020-10-16T07:19:35+00:00\" \/>\n<meta name=\"twitter:card\" content=\"summary_large_image\" \/>\n<meta name=\"twitter:label1\" content=\"Est. reading time\" \/>\n\t<meta name=\"twitter:data1\" content=\"8 minutes\" \/>\n<!-- \/ Yoast SEO plugin. -->","yoast_head_json":{"title":"Mentions l\u00e9gales - CIS Tchad","robots":{"index":"index","follow":"follow","max-snippet":"max-snippet:-1","max-image-preview":"max-image-preview:large","max-video-preview":"max-video-preview:-1"},"canonical":"https:\/\/cis-chad.com\/en\/mentions-legales\/","og_locale":"en_GB","og_type":"article","og_title":"Mentions l\u00e9gales - CIS Tchad","og_url":"https:\/\/cis-chad.com\/en\/mentions-legales\/","og_site_name":"CIS Tchad","article_modified_time":"2020-10-16T07:19:35+00:00","twitter_card":"summary_large_image","twitter_misc":{"Est. reading time":"8 minutes"},"schema":{"@context":"https:\/\/schema.org","@graph":[{"@type":"WebPage","@id":"https:\/\/cis-chad.com\/en\/mentions-legales\/","url":"https:\/\/cis-chad.com\/en\/mentions-legales\/","name":"Mentions l\u00e9gales - CIS Tchad","isPartOf":{"@id":"https:\/\/cis-chad.com\/#website"},"datePublished":"2019-04-09T09:31:48+00:00","dateModified":"2020-10-16T07:19:35+00:00","breadcrumb":{"@id":"https:\/\/cis-chad.com\/en\/mentions-legales\/#breadcrumb"},"inLanguage":"en-GB","potentialAction":[{"@type":"ReadAction","target":["https:\/\/cis-chad.com\/en\/mentions-legales\/"]}]},{"@type":"BreadcrumbList","@id":"https:\/\/cis-chad.com\/en\/mentions-legales\/#breadcrumb","itemListElement":[{"@type":"ListItem","position":1,"name":"Accueil","item":"https:\/\/cis-chad.com\/"},{"@type":"ListItem","position":2,"name":"Mentions l\u00e9gales"}]},{"@type":"WebSite","@id":"https:\/\/cis-chad.com\/#website","url":"https:\/\/cis-chad.com\/","name":"CIS Chad","description":"Integrated Life Support Services","potentialAction":[{"@type":"SearchAction","target":{"@type":"EntryPoint","urlTemplate":"https:\/\/cis-chad.com\/?s={search_term_string}"},"query-input":{"@type":"PropertyValueSpecification","valueRequired":true,"valueName":"search_term_string"}}],"inLanguage":"en-GB"}]}},"_links":{"self":[{"href":"https:\/\/cis-chad.com\/en\/wp-json\/wp\/v2\/pages\/3884","targetHints":{"allow":["GET"]}}],"collection":[{"href":"https:\/\/cis-chad.com\/en\/wp-json\/wp\/v2\/pages"}],"about":[{"href":"https:\/\/cis-chad.com\/en\/wp-json\/wp\/v2\/types\/page"}],"author":[{"embeddable":true,"href":"https:\/\/cis-chad.com\/en\/wp-json\/wp\/v2\/users\/2"}],"replies":[{"embeddable":true,"href":"https:\/\/cis-chad.com\/en\/wp-json\/wp\/v2\/comments?post=3884"}],"version-history":[{"count":10,"href":"https:\/\/cis-chad.com\/en\/wp-json\/wp\/v2\/pages\/3884\/revisions"}],"predecessor-version":[{"id":6733,"href":"https:\/\/cis-chad.com\/en\/wp-json\/wp\/v2\/pages\/3884\/revisions\/6733"}],"wp:attachment":[{"href":"https:\/\/cis-chad.com\/en\/wp-json\/wp\/v2\/media?parent=3884"}],"curies":[{"name":"wp","href":"https:\/\/api.w.org\/{rel}","templated":true}]}}