{"id":3862,"date":"2019-04-08T15:43:07","date_gmt":"2019-04-08T15:43:07","guid":{"rendered":"https:\/\/www.cieptal.com\/?page_id=3862"},"modified":"2021-12-07T15:35:17","modified_gmt":"2021-12-07T15:35:17","slug":"politique-des-ressources-humaines","status":"publish","type":"page","link":"https:\/\/cis-chad.com\/en\/politique-des-ressources-humaines\/","title":{"rendered":"Human Resources Policy"},"content":{"rendered":"<section class=\"wpb-content-wrapper\"><div class=\"vc_row wpb_row vc_row-fluid\"><div class=\"wpb_column vc_column_container vc_col-sm-12\"><div class=\"vc_column-inner\"><div class=\"wpb_wrapper\"><div class=\"vc_empty_space\"   style=\"height: 90px\"><span class=\"vc_empty_space_inner\"><\/span><\/div>\n\t<div class=\"wpb_text_column wpb_content_element\" >\n\t\t<div class=\"wpb_wrapper\">\n\t\t\t<h2 style=\"text-align: center;\">Join the staff of CIS Chad, the responsible Chadian employer<br \/>\nin catering and accommodation sector<\/h2>\n\n\t\t<\/div>\n\t<\/div>\n<\/div><\/div><\/div><div class=\"wpb_column vc_column_container vc_col-sm-12\"><div class=\"vc_column-inner\"><div class=\"wpb_wrapper\"><div class=\"vc_empty_space\"   style=\"height: 90px\"><span class=\"vc_empty_space_inner\"><\/span><\/div><\/div><\/div><\/div><\/div><div data-vc-full-width=\"true\" data-vc-full-width-init=\"false\" data-vc-stretch-content=\"true\" data-vc-parallax=\"1\" data-vc-parallax-image=\"https:\/\/cis-chad.com\/wp-content\/uploads\/2020\/02\/CIS-CHAD-header-politique-ressources-humaine.jpg\" class=\"vc_row wpb_row vc_row-fluid vc_row-has-fill vc_general vc_parallax vc_parallax-content-moving\"><div class=\"wpb_column vc_column_container vc_col-sm-8\"><div class=\"vc_column-inner vc_custom_1580898246980\"><div class=\"wpb_wrapper\"><\/div><\/div><\/div><div class=\"wpb_column vc_column_container vc_col-sm-4\"><div class=\"vc_column-inner vc_custom_1580898985197\"><div class=\"wpb_wrapper\">\n\t<div class=\"wpb_text_column wpb_content_element  vc_custom_1638891312321\" >\n\t\t<div class=\"wpb_wrapper\">\n\t\t\t<h2 style=\"text-align: left;\"><span style=\"color: #ffffff;\"><em>\"The future will be built together!\"<\/em><\/span><\/h2>\n<h3><span style=\"color: #ffffff;\"><strong>Alfredo BALDOLINI<\/strong>, Country Manager<\/span><\/h3>\n\n\t\t<\/div>\n\t<\/div>\n<\/div><\/div><\/div><\/div><div class=\"vc_row-full-width vc_clearfix\"><\/div><div class=\"vc_row wpb_row vc_row-fluid\"><div class=\"wpb_column vc_column_container vc_col-sm-4\"><div class=\"vc_column-inner\"><div class=\"wpb_wrapper\">\n\t<div  class=\"wpb_single_image wpb_content_element vc_align_left\">\n\t\t\n\t\t<figure class=\"wpb_wrapper vc_figure\">\n\t\t\t<div class=\"vc_single_image-wrapper   vc_box_border_grey\"><img decoding=\"async\" width=\"360\" height=\"500\" src=\"https:\/\/cis-chad.com\/wp-content\/uploads\/2020\/01\/CIS-CHAD-politique-ressources-humaines-DRH-HAROUN-YAYA-SABRE.jpg\" class=\"vc_single_image-img attachment-large\" alt=\"\" title=\"CIS-CHAD-politique-ressources-humaines-DRH-HAROUN-YAYA-SABRE\" srcset=\"https:\/\/cis-chad.com\/wp-content\/uploads\/2020\/01\/CIS-CHAD-politique-ressources-humaines-DRH-HAROUN-YAYA-SABRE.jpg 360w, https:\/\/cis-chad.com\/wp-content\/uploads\/2020\/01\/CIS-CHAD-politique-ressources-humaines-DRH-HAROUN-YAYA-SABRE-216x300.jpg 216w\" sizes=\"(max-width: 360px) 100vw, 360px\" \/><\/div>\n\t\t<\/figure>\n\t<\/div>\n<\/div><\/div><\/div><div class=\"wpb_column vc_column_container vc_col-sm-8\"><div class=\"vc_column-inner\"><div class=\"wpb_wrapper\"><div class=\"\">\n\t<div class=\"rt-vc-title rtin-section-title-left\">\n\t\t\t\t\t<h2 class=\"rt-section-title-vc\" style=\"font-size:30px; color:#222222;\">From Director of Human Resources<\/h2>\n\t\t\t<\/div>\n<\/div>\n\t<div class=\"wpb_text_column wpb_content_element\" >\n\t\t<div class=\"wpb_wrapper\">\n\t\t\t<p style=\"text-align: justify;\">Chez CIS Tchad, nous sommes conscients que les femmes et les hommes repr\u00e9sentent par leurs talents une grande richesse. Nous accompagnons nos collaborateurs tout au long de leur carri\u00e8re : la formation et l&#8217;\u00e9volution professionnelle de nos collaborateurs sont des \u00e9l\u00e9ments essentiels \u00e0 CIS Tchad.<\/p>\n<p style=\"text-align: justify;\">La politique des ressources humaines a pour objectif de permettre \u00e0 l\u2019ensemble de nos collaborateurs et \u00e9quipes d&#8217;exploiter pleinement leur potentiel, conform\u00e9ment aux exigences de l\u2019entreprise, tout en veillant \u00e0 la qualit\u00e9 de vie au travail de chacun.<\/p>\n<p>Aujourd\u2019hui, plus de 96% de nos effectifs sont Tchadiens, et c\u2019est une r\u00e9elle fiert\u00e9 de voir des compatriotes occuper des postes de management.<\/p>\n<p style=\"text-align: justify;\">Nous sommes engag\u00e9s en faveur de l\u2019\u00e9galit\u00e9 professionnelle hommes-femmes, du handicap, du d\u00e9veloppement durable, et tous impliqu\u00e9s, au quotidien, dans la r\u00e9ussite de l\u2019entreprise. L\u2019ensemble de nos actions t\u00e9moigne de l\u2019int\u00e9ret de CIS Tchad d&#8217;am\u00e9liorer les conditions de vie au Tchad.<\/p>\n<p style=\"text-align: justify;\"><span style=\"color: #000000;\"><b>Haroun YAYA SABRE<br \/>\n<\/b><\/span><b>Director of Human Resources<\/b><\/p>\n\n\t\t<\/div>\n\t<\/div>\n<\/div><\/div><\/div><\/div><div class=\"vc_row wpb_row vc_row-fluid vc_custom_1581674649203\"><div class=\"wpb_column vc_column_container vc_col-sm-2\"><div class=\"vc_column-inner\"><div class=\"wpb_wrapper\">\n\t<div  class=\"wpb_single_image wpb_content_element vc_align_right\">\n\t\t\n\t\t<figure class=\"wpb_wrapper vc_figure\">\n\t\t\t<div class=\"vc_single_image-wrapper   vc_box_border_grey\"><img decoding=\"async\" width=\"139\" height=\"168\" src=\"https:\/\/cis-chad.com\/wp-content\/uploads\/2019\/04\/Guillements-bleu-gauche-v-e1580723951685.png\" class=\"vc_single_image-img attachment-medium\" alt=\"\" title=\"Guillements-bleu - gauche v\" \/><\/div>\n\t\t<\/figure>\n\t<\/div>\n<\/div><\/div><\/div><div class=\"wpb_column vc_column_container vc_col-sm-8\"><div class=\"vc_column-inner\"><div class=\"wpb_wrapper\">\n\t<div class=\"wpb_text_column wpb_content_element  vc_custom_1584692291158\" >\n\t\t<div class=\"wpb_wrapper\">\n\t\t\t<h2 style=\"text-align: center;\"><span style=\"color: #000000;\"><strong>Aujourd\u2019hui, plus de 96% de nos effectifs sont Tchadiens, et c\u2019est une r\u00e9elle fiert\u00e9 de voir des compatriotes occuper des postes de management.<\/strong><\/span><\/h2>\n\n\t\t<\/div>\n\t<\/div>\n<\/div><\/div><\/div><div class=\"wpb_column vc_column_container vc_col-sm-2\"><div class=\"vc_column-inner\"><div class=\"wpb_wrapper\">\n\t<div  class=\"wpb_single_image wpb_content_element vc_align_left\">\n\t\t\n\t\t<figure class=\"wpb_wrapper vc_figure\">\n\t\t\t<div class=\"vc_single_image-wrapper   vc_box_border_grey\"><img decoding=\"async\" width=\"127\" height=\"145\" src=\"https:\/\/cis-chad.com\/wp-content\/uploads\/2019\/04\/Guillements-bleu-droit-v-e1580723872992.png\" class=\"vc_single_image-img attachment-medium\" alt=\"\" title=\"Guillements-bleu - droit v\" \/><\/div>\n\t\t<\/figure>\n\t<\/div>\n<\/div><\/div><\/div><\/div><div class=\"vc_row wpb_row vc_row-fluid\"><div class=\"wpb_column vc_column_container vc_col-sm-12\"><div class=\"vc_column-inner vc_custom_1580393181726\"><div class=\"wpb_wrapper\"><div class=\"\">\n\t<div class=\"rt-vc-title rtin-section-title-left\">\n\t\t\t\t\t<h2 class=\"rt-section-title-vc\" style=\"font-size:30px; color:#222222;\">Learn more<\/h2>\n\t\t\t<\/div>\n<\/div><\/div><\/div><\/div><\/div><div class=\"vc_row wpb_row vc_row-fluid vc_custom_1558540778549 vc_column-gap-30\"><div class=\"wpb_column vc_column_container vc_col-sm-4 vc_col-has-fill\"><div class=\"vc_column-inner vc_custom_1579690850518\"><div class=\"wpb_wrapper\">\n\t<div class=\"wpb_text_column wpb_content_element\" >\n\t\t<div class=\"wpb_wrapper\">\n\t\t\t<div class=\"eds-animate\" data-eds-entry-animation=\"zoomIn\" data-eds-entry-delay=\"0\" data-eds-entry-duration=\"1\" data-eds-entry-timing=\"linear\" data-eds-exit-animation=\"\" data-eds-exit-delay=\"\" data-eds-exit-duration=\"\" data-eds-exit-timing=\"\" data-eds-repeat-count=\"1\" data-eds-keep=\"yes\" data-eds-animate-on=\"hover\" data-eds-scroll-offset=\"\">\n<h2 style=\"text-align: center;\"><a href=\"https:\/\/cis-chad.com\/en\/expertise\/\"><span style=\"color: #ffffff;\"><strong>Expertise<\/strong><\/span><\/a><\/h2>\n<\/div>\n\n\t\t<\/div>\n\t<\/div>\n<\/div><\/div><\/div><div class=\"wpb_column vc_column_container vc_col-sm-4 vc_col-has-fill\"><div class=\"vc_column-inner vc_custom_1580919334123\"><div class=\"wpb_wrapper\">\n\t<div class=\"wpb_text_column wpb_content_element\" >\n\t\t<div class=\"wpb_wrapper\">\n\t\t\t<div class=\"eds-animate\" data-eds-entry-animation=\"zoomIn\" data-eds-entry-delay=\"0\" data-eds-entry-duration=\"1\" data-eds-entry-timing=\"linear\" data-eds-exit-animation=\"\" data-eds-exit-delay=\"\" data-eds-exit-duration=\"\" data-eds-exit-timing=\"\" data-eds-repeat-count=\"1\" data-eds-keep=\"yes\" data-eds-animate-on=\"hover\" data-eds-scroll-offset=\"\">\n<h2 style=\"text-align: center;\"><a href=\"https:\/\/cis-chad.com\/en\/engagements-qhse\/\"><span style=\"color: #ffffff;\"><strong>QHSE Commitments<\/strong><\/span><\/a><\/h2>\n<\/div>\n\n\t\t<\/div>\n\t<\/div>\n<\/div><\/div><\/div><div class=\"wpb_column vc_column_container vc_col-sm-4 vc_col-has-fill\"><div class=\"vc_column-inner vc_custom_1580391830123\"><div class=\"wpb_wrapper\">\n\t<div class=\"wpb_text_column wpb_content_element\" >\n\t\t<div class=\"wpb_wrapper\">\n\t\t\t<div class=\"eds-animate\" data-eds-entry-animation=\"zoomIn\" data-eds-entry-delay=\"0\" data-eds-entry-duration=\"1\" data-eds-entry-timing=\"linear\" data-eds-exit-animation=\"\" data-eds-exit-delay=\"\" data-eds-exit-duration=\"\" data-eds-exit-timing=\"\" data-eds-repeat-count=\"1\" data-eds-keep=\"yes\" data-eds-animate-on=\"hover\" data-eds-scroll-offset=\"\">\n<h2 style=\"text-align: center;\"><a href=\"https:\/\/cis-chad.com\/en\/equipes\/\"><span style=\"color: #ffffff;\"><strong>Teams<\/strong><\/span><\/a><\/h2>\n<\/div>\n\n\t\t<\/div>\n\t<\/div>\n<\/div><\/div><\/div><\/div>\n<\/section>","protected":false},"excerpt":{"rendered":"Rejoignez les collaborateurs de CIS Tchad, l\u2019employeur responsable tchadien du secteur de la restauration et l\u2019h\u00f4tellerie \u00abLe futur se construira ensemble !\u00bb Alfredo BALDOLINI, Country Manager Mot du Directeur des Ressources Humaines Chez CIS Tchad, nous sommes conscients que les femmes et les hommes repr\u00e9sentent par leurs talents une grande richesse. Nous accompagnons nos collaborateurs [...]","protected":false},"author":2,"featured_media":0,"parent":0,"menu_order":0,"comment_status":"closed","ping_status":"closed","template":"","meta":{"footnotes":""},"class_list":["post-3862","page","type-page","status-publish","hentry"],"yoast_head":"<!-- This site is optimized with the Yoast SEO plugin v27.3 - https:\/\/yoast.com\/product\/yoast-seo-wordpress\/ -->\n<title>Politique des Ressources Humaines - CIS Tchad<\/title>\n<meta name=\"robots\" content=\"index, follow, max-snippet:-1, max-image-preview:large, max-video-preview:-1\" \/>\n<link rel=\"canonical\" href=\"https:\/\/cis-chad.com\/en\/politique-des-ressources-humaines\/\" \/>\n<meta property=\"og:locale\" content=\"en_GB\" \/>\n<meta property=\"og:type\" content=\"article\" \/>\n<meta property=\"og:title\" content=\"Politique des Ressources Humaines - CIS Tchad\" \/>\n<meta property=\"og:url\" content=\"https:\/\/cis-chad.com\/en\/politique-des-ressources-humaines\/\" \/>\n<meta property=\"og:site_name\" content=\"CIS Tchad\" \/>\n<meta property=\"article:modified_time\" content=\"2021-12-07T15:35:17+00:00\" \/>\n<meta name=\"twitter:card\" content=\"summary_large_image\" \/>\n<meta name=\"twitter:label1\" content=\"Est. reading time\" \/>\n\t<meta name=\"twitter:data1\" content=\"3 minutes\" \/>\n<!-- \/ Yoast SEO plugin. -->","yoast_head_json":{"title":"Politique des Ressources Humaines - CIS Tchad","robots":{"index":"index","follow":"follow","max-snippet":"max-snippet:-1","max-image-preview":"max-image-preview:large","max-video-preview":"max-video-preview:-1"},"canonical":"https:\/\/cis-chad.com\/en\/politique-des-ressources-humaines\/","og_locale":"en_GB","og_type":"article","og_title":"Politique des Ressources Humaines - CIS Tchad","og_url":"https:\/\/cis-chad.com\/en\/politique-des-ressources-humaines\/","og_site_name":"CIS Tchad","article_modified_time":"2021-12-07T15:35:17+00:00","twitter_card":"summary_large_image","twitter_misc":{"Est. reading time":"3 minutes"},"schema":{"@context":"https:\/\/schema.org","@graph":[{"@type":"WebPage","@id":"https:\/\/cis-chad.com\/politique-des-ressources-humaines\/","url":"https:\/\/cis-chad.com\/politique-des-ressources-humaines\/","name":"Politique des Ressources Humaines - CIS Tchad","isPartOf":{"@id":"https:\/\/cis-chad.com\/#website"},"datePublished":"2019-04-08T15:43:07+00:00","dateModified":"2021-12-07T15:35:17+00:00","breadcrumb":{"@id":"https:\/\/cis-chad.com\/politique-des-ressources-humaines\/#breadcrumb"},"inLanguage":"en-GB","potentialAction":[{"@type":"ReadAction","target":["https:\/\/cis-chad.com\/politique-des-ressources-humaines\/"]}]},{"@type":"BreadcrumbList","@id":"https:\/\/cis-chad.com\/politique-des-ressources-humaines\/#breadcrumb","itemListElement":[{"@type":"ListItem","position":1,"name":"Accueil","item":"https:\/\/cis-chad.com\/"},{"@type":"ListItem","position":2,"name":"Politique des Ressources Humaines"}]},{"@type":"WebSite","@id":"https:\/\/cis-chad.com\/#website","url":"https:\/\/cis-chad.com\/","name":"CIS Chad","description":"Integrated Life Support Services","potentialAction":[{"@type":"SearchAction","target":{"@type":"EntryPoint","urlTemplate":"https:\/\/cis-chad.com\/?s={search_term_string}"},"query-input":{"@type":"PropertyValueSpecification","valueRequired":true,"valueName":"search_term_string"}}],"inLanguage":"en-GB"}]}},"_links":{"self":[{"href":"https:\/\/cis-chad.com\/en\/wp-json\/wp\/v2\/pages\/3862","targetHints":{"allow":["GET"]}}],"collection":[{"href":"https:\/\/cis-chad.com\/en\/wp-json\/wp\/v2\/pages"}],"about":[{"href":"https:\/\/cis-chad.com\/en\/wp-json\/wp\/v2\/types\/page"}],"author":[{"embeddable":true,"href":"https:\/\/cis-chad.com\/en\/wp-json\/wp\/v2\/users\/2"}],"replies":[{"embeddable":true,"href":"https:\/\/cis-chad.com\/en\/wp-json\/wp\/v2\/comments?post=3862"}],"version-history":[{"count":119,"href":"https:\/\/cis-chad.com\/en\/wp-json\/wp\/v2\/pages\/3862\/revisions"}],"predecessor-version":[{"id":6820,"href":"https:\/\/cis-chad.com\/en\/wp-json\/wp\/v2\/pages\/3862\/revisions\/6820"}],"wp:attachment":[{"href":"https:\/\/cis-chad.com\/en\/wp-json\/wp\/v2\/media?parent=3862"}],"curies":[{"name":"wp","href":"https:\/\/api.w.org\/{rel}","templated":true}]}}