{"id":3771,"date":"2019-04-03T15:40:49","date_gmt":"2019-04-03T15:40:49","guid":{"rendered":"https:\/\/www.cieptal.com\/?page_id=3771"},"modified":"2021-02-12T10:35:57","modified_gmt":"2021-02-12T10:35:57","slug":"mot-du-directeur-general","status":"publish","type":"page","link":"https:\/\/cis-chad.com\/en\/mot-du-directeur-general\/","title":{"rendered":"General Manager Foreword"},"content":{"rendered":"<section class=\"wpb-content-wrapper\"><div data-vc-full-width=\"true\" data-vc-full-width-init=\"false\" class=\"vc_row wpb_row vc_row-fluid vc_custom_1579700631397 vc_row-has-fill vc_row-o-content-middle vc_row-flex\"><div class=\"wpb_column vc_column_container vc_col-sm-12\"><div class=\"vc_column-inner vc_custom_1580197955954\"><div class=\"wpb_wrapper\">\n\t<div class=\"wpb_text_column wpb_content_element\" >\n\t\t<div class=\"wpb_wrapper\">\n\t\t\t<h2 style=\"text-align: center;\" class=\"translation-block\"><span style=\"color: #ffffff\"><strong>I<\/strong>ntegrity\u00a0 <strong>R<\/strong>esponsibility\u00a0 <strong>R<\/strong>espect\u00a0 <strong>E<\/strong>xcellence\u00a0 <strong>T<\/strong>eam spirit<\/span><\/h2>\n\n\t\t<\/div>\n\t<\/div>\n<\/div><\/div><\/div><\/div><div class=\"vc_row-full-width vc_clearfix\"><\/div><div class=\"vc_row wpb_row vc_row-fluid\"><div class=\"wpb_column vc_column_container vc_col-sm-4\"><div class=\"vc_column-inner\"><div class=\"wpb_wrapper\">\n\t<div  class=\"wpb_single_image wpb_content_element vc_align_left\">\n\t\t\n\t\t<figure class=\"wpb_wrapper vc_figure\">\n\t\t\t<div class=\"vc_single_image-wrapper   vc_box_border_grey\"><img decoding=\"async\" width=\"360\" height=\"478\" src=\"https:\/\/cis-chad.com\/wp-content\/uploads\/2021\/02\/CIS-CHAD-Directeur-General-Alfredo-BALDOLINI.jpg\" class=\"vc_single_image-img attachment-large\" alt=\"\" title=\"CIS-CHAD-Directeur-G\u00e9n\u00e9ral-Alfredo-BALDOLINI\" srcset=\"https:\/\/cis-chad.com\/wp-content\/uploads\/2021\/02\/CIS-CHAD-Directeur-General-Alfredo-BALDOLINI.jpg 360w, https:\/\/cis-chad.com\/wp-content\/uploads\/2021\/02\/CIS-CHAD-Directeur-General-Alfredo-BALDOLINI-226x300.jpg 226w, https:\/\/cis-chad.com\/wp-content\/uploads\/2021\/02\/CIS-CHAD-Directeur-General-Alfredo-BALDOLINI-9x12.jpg 9w\" sizes=\"(max-width: 360px) 100vw, 360px\" \/><\/div>\n\t\t<\/figure>\n\t<\/div>\n<\/div><\/div><\/div><div class=\"wpb_column vc_column_container vc_col-sm-8\"><div class=\"vc_column-inner\"><div class=\"wpb_wrapper\"><div class=\"\">\n\t<div class=\"rt-vc-title rtin-section-title-left\">\n\t\t\t\t\t<h2 class=\"rt-section-title-vc\" style=\"font-size:30px; color:#222222;\">CIS Chad, your responsible partner<\/h2>\n\t\t\t<\/div>\n<\/div>\n\t<div class=\"wpb_text_column wpb_content_element\" >\n\t\t<div class=\"wpb_wrapper\">\n\t\t\t<p style=\"text-align: justify;\"><em>The future: a positive word that unites. A word that calls for empowerment, motivation. CIS Chad is involved in a support process with its teams, customers and partners with the overall objective of always being more responsible and efficient in the fields of Safety, Health, Environment, Efficiency at work, and Social responsibility.<\/em><\/p>\n<p style=\"text-align: justify;\"><em>Since its creation in 1998, CIS Chad and its teams have proudly participated in the development of Chad, through local employment and the training of our staff. In 2018, CIS Chad started an ambitious sustainable development program, carrying out one social project per month with the aim of improving the standard of living of local populations.<\/em><\/p>\n<p style=\"text-align: justify;\"><em>CIS Chad approaches each new project with enthusiasm and determination. The future will be built together!<\/em><\/p>\n<p><span style=\"color: #000000;\"><strong>Alfredo BALDOLINI<br \/>\n<\/strong><\/span><b><\/b><b><\/b><b>General Manager CIS Chad<\/b><\/p>\n\n\t\t<\/div>\n\t<\/div>\n<\/div><\/div><\/div><\/div><div class=\"vc_row wpb_row vc_row-fluid vc_custom_1580725246167\"><div class=\"wpb_column vc_column_container vc_col-sm-2\"><div class=\"vc_column-inner\"><div class=\"wpb_wrapper\">\n\t<div  class=\"wpb_single_image wpb_content_element vc_align_right\">\n\t\t\n\t\t<figure class=\"wpb_wrapper vc_figure\">\n\t\t\t<div class=\"vc_single_image-wrapper   vc_box_border_grey\"><img decoding=\"async\" width=\"139\" height=\"168\" src=\"https:\/\/cis-chad.com\/wp-content\/uploads\/2019\/04\/Guillements-bleu-gauche-v-e1580723951685.png\" class=\"vc_single_image-img attachment-medium\" alt=\"\" title=\"Guillements-bleu - gauche v\" \/><\/div>\n\t\t<\/figure>\n\t<\/div>\n<\/div><\/div><\/div><div class=\"wpb_column vc_column_container vc_col-sm-8\"><div class=\"vc_column-inner\"><div class=\"wpb_wrapper\">\n\t<div class=\"wpb_text_column wpb_content_element  vc_custom_1580725041257\" >\n\t\t<div class=\"wpb_wrapper\">\n\t\t\t<h2 style=\"text-align: center;\"><strong><em><span style=\"color: #000000;\">CIS Chad <\/span><\/em><\/strong><strong><em><span style=\"color: #000000;\">and its teams take pride in the development of Chad, through local employment and the training of our staff<\/span><\/em><\/strong><\/h2>\n\n\t\t<\/div>\n\t<\/div>\n<\/div><\/div><\/div><div class=\"wpb_column vc_column_container vc_col-sm-2\"><div class=\"vc_column-inner\"><div class=\"wpb_wrapper\">\n\t<div  class=\"wpb_single_image wpb_content_element vc_align_left\">\n\t\t\n\t\t<figure class=\"wpb_wrapper vc_figure\">\n\t\t\t<div class=\"vc_single_image-wrapper   vc_box_border_grey\"><img decoding=\"async\" width=\"127\" height=\"145\" src=\"https:\/\/cis-chad.com\/wp-content\/uploads\/2019\/04\/Guillements-bleu-droit-v-e1580723872992.png\" class=\"vc_single_image-img attachment-medium\" alt=\"\" title=\"Guillements-bleu - droit v\" \/><\/div>\n\t\t<\/figure>\n\t<\/div>\n<\/div><\/div><\/div><\/div><div class=\"vc_row wpb_row vc_row-fluid\"><div class=\"wpb_column vc_column_container vc_col-sm-12\"><div class=\"vc_column-inner vc_custom_1580725099525\"><div class=\"wpb_wrapper\"><div class=\"\">\n\t<div class=\"rt-vc-title rtin-section-title-left\">\n\t\t\t\t\t<h2 class=\"rt-section-title-vc\" style=\"font-size:30px; color:#222222;\">Learn more<\/h2>\n\t\t\t<\/div>\n<\/div><\/div><\/div><\/div><\/div><div class=\"vc_row wpb_row vc_row-fluid vc_custom_1558541026677 vc_column-gap-30\"><div class=\"wpb_column vc_column_container vc_col-sm-4 vc_col-has-fill\"><div class=\"vc_column-inner vc_custom_1579014801544\"><div class=\"wpb_wrapper\">\n\t<div class=\"wpb_text_column wpb_content_element\" >\n\t\t<div class=\"wpb_wrapper\">\n\t\t\t<div class=\"eds-animate\" data-eds-entry-animation=\"zoomIn\" data-eds-entry-delay=\"0\" data-eds-entry-duration=\"1\" data-eds-entry-timing=\"linear\" data-eds-exit-animation=\"\" data-eds-exit-delay=\"\" data-eds-exit-duration=\"\" data-eds-exit-timing=\"\" data-eds-repeat-count=\"1\" data-eds-keep=\"yes\" data-eds-animate-on=\"hover\" data-eds-scroll-offset=\"\">\n<h2 style=\"text-align: center;\"><a href=\"https:\/\/cis-chad.com\/en\/presentation\/\"><span style=\"color: #ffffff;\"><strong>Presentation<\/strong><\/span><\/a><\/h2>\n<\/div>\n\n\t\t<\/div>\n\t<\/div>\n<\/div><\/div><\/div><div class=\"wpb_column vc_column_container vc_col-sm-4 vc_col-has-fill\"><div class=\"vc_column-inner vc_custom_1579014811347\"><div class=\"wpb_wrapper\">\n\t<div class=\"wpb_text_column wpb_content_element\" >\n\t\t<div class=\"wpb_wrapper\">\n\t\t\t<div class=\"eds-animate\" data-eds-entry-animation=\"zoomIn\" data-eds-entry-delay=\"0\" data-eds-entry-duration=\"1\" data-eds-entry-timing=\"linear\" data-eds-exit-animation=\"\" data-eds-exit-delay=\"\" data-eds-exit-duration=\"\" data-eds-exit-timing=\"\" data-eds-repeat-count=\"1\" data-eds-keep=\"yes\" data-eds-animate-on=\"hover\" data-eds-scroll-offset=\"\">\n<h2 style=\"text-align: center;\"><a href=\"https:\/\/cis-chad.com\/en\/chiffres-cles\/\"><span style=\"color: #ffffff;\"><strong>Key Figures<\/strong><\/span><\/a><\/h2>\n<\/div>\n\n\t\t<\/div>\n\t<\/div>\n<\/div><\/div><\/div><div class=\"wpb_column vc_column_container vc_col-sm-4 vc_col-has-fill\"><div class=\"vc_column-inner vc_custom_1579014823289\"><div class=\"wpb_wrapper\">\n\t<div class=\"wpb_text_column wpb_content_element\" >\n\t\t<div class=\"wpb_wrapper\">\n\t\t\t<div class=\"eds-animate\" data-eds-entry-animation=\"zoomIn\" data-eds-entry-delay=\"0\" data-eds-entry-duration=\"1\" data-eds-entry-timing=\"linear\" data-eds-exit-animation=\"\" data-eds-exit-delay=\"\" data-eds-exit-duration=\"\" data-eds-exit-timing=\"\" data-eds-repeat-count=\"1\" data-eds-keep=\"yes\" data-eds-animate-on=\"hover\" data-eds-scroll-offset=\"\">\n<h2 style=\"text-align: center;\"><a href=\"https:\/\/cis-chad.com\/en\/equipes\/\"><span style=\"color: #ffffff;\"><strong>Teams<\/strong><\/span><\/a><\/h2>\n<\/div>\n\n\t\t<\/div>\n\t<\/div>\n<\/div><\/div><\/div><\/div>\n<\/section>","protected":false},"excerpt":{"rendered":"Int\u00e9grit\u00e9\u00a0 Responsabilit\u00e9\u00a0 Respect\u00a0 Excellence\u00a0 Esprit d\u2019\u00e9quipe CIS Tchad, votre partenaire responsable Le futur : un mot positif, qui rassemble. Un mot qui appelle \u00e0 la responsabilisation, \u00e0 la motivation. CIS Tchad s\u2019implique dans une d\u00e9marche d\u2019accompagnement aupr\u00e8s de ses \u00e9quipes, de ses clients et partenaires avec comme objectif global d\u2019\u00eatre toujours plus responsables et performants [...]","protected":false},"author":2,"featured_media":0,"parent":0,"menu_order":0,"comment_status":"closed","ping_status":"closed","template":"","meta":{"footnotes":""},"class_list":["post-3771","page","type-page","status-publish","hentry"],"yoast_head":"<!-- This site is optimized with the Yoast SEO plugin v27.5 - https:\/\/yoast.com\/product\/yoast-seo-wordpress\/ -->\n<title>Mot du Directeur G\u00e9n\u00e9ral - CIS Tchad<\/title>\n<meta name=\"robots\" content=\"index, follow, max-snippet:-1, max-image-preview:large, max-video-preview:-1\" \/>\n<link rel=\"canonical\" href=\"https:\/\/cis-chad.com\/en\/mot-du-directeur-general\/\" \/>\n<meta property=\"og:locale\" content=\"en_GB\" \/>\n<meta property=\"og:type\" content=\"article\" \/>\n<meta property=\"og:title\" content=\"Mot du Directeur G\u00e9n\u00e9ral - CIS Tchad\" \/>\n<meta property=\"og:url\" content=\"https:\/\/cis-chad.com\/en\/mot-du-directeur-general\/\" \/>\n<meta property=\"og:site_name\" content=\"CIS Tchad\" \/>\n<meta property=\"article:modified_time\" content=\"2021-02-12T10:35:57+00:00\" \/>\n<meta name=\"twitter:card\" content=\"summary_large_image\" \/>\n<meta name=\"twitter:label1\" content=\"Est. reading time\" \/>\n\t<meta name=\"twitter:data1\" content=\"2 minutes\" \/>\n<!-- \/ Yoast SEO plugin. -->","yoast_head_json":{"title":"Mot du Directeur G\u00e9n\u00e9ral - CIS Tchad","robots":{"index":"index","follow":"follow","max-snippet":"max-snippet:-1","max-image-preview":"max-image-preview:large","max-video-preview":"max-video-preview:-1"},"canonical":"https:\/\/cis-chad.com\/en\/mot-du-directeur-general\/","og_locale":"en_GB","og_type":"article","og_title":"Mot du Directeur G\u00e9n\u00e9ral - CIS Tchad","og_url":"https:\/\/cis-chad.com\/en\/mot-du-directeur-general\/","og_site_name":"CIS Tchad","article_modified_time":"2021-02-12T10:35:57+00:00","twitter_card":"summary_large_image","twitter_misc":{"Est. reading time":"2 minutes"},"schema":{"@context":"https:\/\/schema.org","@graph":[{"@type":"WebPage","@id":"https:\/\/cis-chad.com\/en\/mot-du-directeur-general\/","url":"https:\/\/cis-chad.com\/en\/mot-du-directeur-general\/","name":"Mot du Directeur G\u00e9n\u00e9ral - CIS Tchad","isPartOf":{"@id":"https:\/\/cis-chad.com\/#website"},"datePublished":"2019-04-03T15:40:49+00:00","dateModified":"2021-02-12T10:35:57+00:00","breadcrumb":{"@id":"https:\/\/cis-chad.com\/en\/mot-du-directeur-general\/#breadcrumb"},"inLanguage":"en-GB","potentialAction":[{"@type":"ReadAction","target":["https:\/\/cis-chad.com\/en\/mot-du-directeur-general\/"]}]},{"@type":"BreadcrumbList","@id":"https:\/\/cis-chad.com\/en\/mot-du-directeur-general\/#breadcrumb","itemListElement":[{"@type":"ListItem","position":1,"name":"Accueil","item":"https:\/\/cis-chad.com\/"},{"@type":"ListItem","position":2,"name":"Mot du Directeur G\u00e9n\u00e9ral"}]},{"@type":"WebSite","@id":"https:\/\/cis-chad.com\/#website","url":"https:\/\/cis-chad.com\/","name":"CIS Chad","description":"Integrated Life Support Services","potentialAction":[{"@type":"SearchAction","target":{"@type":"EntryPoint","urlTemplate":"https:\/\/cis-chad.com\/?s={search_term_string}"},"query-input":{"@type":"PropertyValueSpecification","valueRequired":true,"valueName":"search_term_string"}}],"inLanguage":"en-GB"}]}},"_links":{"self":[{"href":"https:\/\/cis-chad.com\/en\/wp-json\/wp\/v2\/pages\/3771","targetHints":{"allow":["GET"]}}],"collection":[{"href":"https:\/\/cis-chad.com\/en\/wp-json\/wp\/v2\/pages"}],"about":[{"href":"https:\/\/cis-chad.com\/en\/wp-json\/wp\/v2\/types\/page"}],"author":[{"embeddable":true,"href":"https:\/\/cis-chad.com\/en\/wp-json\/wp\/v2\/users\/2"}],"replies":[{"embeddable":true,"href":"https:\/\/cis-chad.com\/en\/wp-json\/wp\/v2\/comments?post=3771"}],"version-history":[{"count":134,"href":"https:\/\/cis-chad.com\/en\/wp-json\/wp\/v2\/pages\/3771\/revisions"}],"predecessor-version":[{"id":6759,"href":"https:\/\/cis-chad.com\/en\/wp-json\/wp\/v2\/pages\/3771\/revisions\/6759"}],"wp:attachment":[{"href":"https:\/\/cis-chad.com\/en\/wp-json\/wp\/v2\/media?parent=3771"}],"curies":[{"name":"wp","href":"https:\/\/api.w.org\/{rel}","templated":true}]}}