{"id":2303,"date":"2017-08-28T19:01:56","date_gmt":"2017-08-28T19:01:56","guid":{"rendered":"https:\/\/www.cieptal.com\/?page_id=2303"},"modified":"2021-12-07T15:24:31","modified_gmt":"2021-12-07T15:24:31","slug":"presentation","status":"publish","type":"page","link":"https:\/\/cis-chad.com\/en\/presentation\/","title":{"rendered":"Presentation"},"content":{"rendered":"<section class=\"wpb-content-wrapper\"><div data-vc-full-width=\"true\" data-vc-full-width-init=\"false\" data-vc-parallax=\"1\" data-vc-parallax-image=\"https:\/\/cis-chad.com\/wp-content\/uploads\/2020\/01\/CIS-CHAD-header-pr\u00e9sentation.jpg\" class=\"vc_row wpb_row vc_row-fluid vc_row-has-fill vc_general vc_parallax vc_parallax-content-moving\"><div class=\"wpb_column vc_column_container vc_col-sm-4\"><div class=\"vc_column-inner\"><div class=\"wpb_wrapper\">\n\t<div  class=\"wpb_single_image wpb_content_element vc_align_center  vc_custom_1579188039942\">\n\t\t\n\t\t<figure class=\"wpb_wrapper vc_figure\">\n\t\t\t<div class=\"vc_single_image-wrapper   vc_box_border_grey\"><img decoding=\"async\" width=\"300\" height=\"132\" src=\"https:\/\/cis-chad.com\/wp-content\/uploads\/2020\/01\/logo-cis-chad-white-vector-300x132.png\" class=\"vc_single_image-img attachment-medium\" alt=\"\" title=\"logo-cis-chad-white vector\" srcset=\"https:\/\/cis-chad.com\/wp-content\/uploads\/2020\/01\/logo-cis-chad-white-vector-300x132.png 300w, https:\/\/cis-chad.com\/wp-content\/uploads\/2020\/01\/logo-cis-chad-white-vector.png 446w\" sizes=\"(max-width: 300px) 100vw, 300px\" \/><\/div>\n\t\t<\/figure>\n\t<\/div>\n<div class=\"vc_empty_space\"   style=\"height: 45px\"><span class=\"vc_empty_space_inner\"><\/span><\/div><\/div><\/div><\/div><div class=\"wpb_column vc_column_container vc_col-sm-8\"><div class=\"vc_column-inner\"><div class=\"wpb_wrapper\">\n\t<div class=\"wpb_text_column wpb_content_element  vc_custom_1580896671894\" >\n\t\t<div class=\"wpb_wrapper\">\n\t\t\t<h2 style=\"text-align: center;\"><span style=\"color: #ffffff;\">CIS Chad is the reference company in the field of catering and integrated services in Chad.<\/span><\/h2>\n<h2 style=\"text-align: center;\"><span style=\"color: #ffffff;\">The values we defend: security and operational excellence in order to obtain a high level of customer satisfaction.<\/span><\/h2>\n\n\t\t<\/div>\n\t<\/div>\n<\/div><\/div><\/div><\/div><div class=\"vc_row-full-width vc_clearfix\"><\/div><div data-vc-full-width=\"true\" data-vc-full-width-init=\"false\" class=\"vc_row wpb_row vc_row-fluid vc_custom_1638889607273\"><div class=\"wpb_column vc_column_container vc_col-sm-6\"><div class=\"vc_column-inner\"><div class=\"wpb_wrapper\"><div class=\"\">\n\t<div class=\"rt-vc-title rtin-section-title-left\">\n\t\t\t\t\t<h2 class=\"rt-section-title-vc\" style=\"font-size:30px; color:#222222;\">CIS Chad, your trusted partner<\/h2>\n\t\t\t<\/div>\n<\/div>\n\t<div class=\"wpb_text_column wpb_content_element\" >\n\t\t<div class=\"wpb_wrapper\">\n\t\t\t<p style=\"text-align: justify;\">Our job is to feed, house, and take care of thousands of workers daily, and this through a wide range of remote site management and catering services.<\/p>\n<p style=\"text-align: justify;\">Created in 1998 and specialist in extreme environments, CIS Chad supports the major players in the hydrocarbon, mining, construction and defense sectors at every stage of their projects.<\/p>\n<p style=\"text-align: justify;\">As an integrated life support services, CIS Chad has developed a complete range of turnkey services and solutions to bring comfort and safety to residents and contribute to the performance of its customers through the daily management of their sites. CIS Chad\u2019s main and permanent objective is customer satisfaction.<\/p>\n<p style=\"text-align: justify;\">Since 2000, CIS Chad has supported the EXXONMOBIL Group on the country's biggest project: Kom\u00e9 .<\/p>\n\n\t\t<\/div>\n\t<\/div>\n<\/div><\/div><\/div><div class=\"wpb_column vc_column_container vc_col-sm-6\"><div class=\"vc_column-inner\"><div class=\"wpb_wrapper\">\n\t<div  class=\"wpb_single_image wpb_content_element vc_align_center  vc_custom_1638890039087\">\n\t\t\n\t\t<figure class=\"wpb_wrapper vc_figure\">\n\t\t\t<div class=\"vc_single_image-wrapper   vc_box_border_grey\"><img decoding=\"async\" width=\"325\" height=\"500\" src=\"https:\/\/cis-chad.com\/wp-content\/uploads\/2021\/12\/Tchad-e1638890199628.png\" class=\"vc_single_image-img attachment-full\" alt=\"\" title=\"Tchad\" \/><\/div>\n\t\t<\/figure>\n\t<\/div>\n<\/div><\/div><\/div><\/div><div class=\"vc_row-full-width vc_clearfix\"><\/div><div class=\"vc_row wpb_row vc_row-fluid vc_custom_1579780850731 vc_row-has-fill vc_column-gap-10 vc_row-o-equal-height vc_row-flex\"><div class=\"wpb_column vc_column_container vc_col-sm-3\"><div class=\"vc_column-inner\"><div class=\"wpb_wrapper\"><div class=\"vc_row wpb_row vc_inner vc_row-fluid\"><div class=\"wpb_column vc_column_container vc_col-sm-12\"><div class=\"vc_column-inner\"><div class=\"wpb_wrapper\">\n\t<div class=\"wpb_text_column wpb_content_element\" >\n\t\t<div class=\"wpb_wrapper\">\n\t\t\t<h3 style=\"text-align: center;\"><strong>CATERING<\/strong><\/h3>\n\n\t\t<\/div>\n\t<\/div>\n\n\t<div class=\"wpb_text_column wpb_content_element  vc_custom_1580896806774\" >\n\t\t<div class=\"wpb_wrapper\">\n\t\t\t<div class=\"vc_row wpb_row vc_row-fluid\">\n<div class=\"wpb_column vc_column_container vc_col-sm-12\">\n<div class=\"vc_column-inner\">\n<div class=\"wpb_wrapper\">\n<div class=\"wpb_text_column wpb_content_element\">\n<div class=\"wpb_wrapper\">\n<p>&gt; Institutional catering<br \/>\n&gt; Remote site,<br \/>\n&gt; Company,<br \/>\n&gt; Packed Meals,<br \/>\n\u2026<\/p>\n<\/div>\n<\/div>\n<\/div>\n<\/div>\n<\/div>\n<\/div>\n\n\t\t<\/div>\n\t<\/div>\n<div class=\"vc_btn3-container vc_btn3-center vc_custom_1579794915491\" ><a onmouseleave=\"this.style.borderColor='#0d496f'; this.style.backgroundColor='transparent'; this.style.color='#0d496f'\" onmouseenter=\"this.style.borderColor='#0d496f'; this.style.backgroundColor='#0d496f'; this.style.color='#ffffff';\" style=\"border-color:#0d496f; color:#0d496f;\" class=\"vc_general vc_btn3 vc_btn3-size-md vc_btn3-shape-square vc_btn3-style-outline-custom vc_btn3-block\" href=\"https:\/\/cis-chad.com\/en\/restauration-2\/\" title=\"Catering\">More informations<\/a><\/div><\/div><\/div><\/div><\/div><div class=\"vc_row wpb_row vc_inner vc_row-fluid\"><div class=\"wpb_column vc_column_container vc_col-sm-12\"><div class=\"vc_column-inner\"><div class=\"wpb_wrapper\">\n\t<div class=\"wpb_text_column wpb_content_element\" >\n\t\t<div class=\"wpb_wrapper\">\n\t\t\t<h3 style=\"text-align: center;\"><strong>FACILITY MANAGEMENT<\/strong><\/h3>\n\n\t\t<\/div>\n\t<\/div>\n\n\t<div class=\"wpb_text_column wpb_content_element  vc_custom_1579794454519\" >\n\t\t<div class=\"wpb_wrapper\">\n\t\t\t<div class=\"vc_row wpb_row vc_row-fluid\">\n<div class=\"wpb_column vc_column_container vc_col-sm-12\">\n<div class=\"vc_column-inner\">\n<div class=\"wpb_wrapper\">\n<div class=\"wpb_text_column wpb_content_element\">\n<div class=\"wpb_wrapper\">\n<p>&gt; Maintenance,<br \/>\n&gt; Water treatment,<br \/>\n&gt; Waste management,<br \/>\n&gt; Landscaping,<br \/>\n&gt; Pest control,<br \/>\n&gt; Fire safety,<br \/>\n&gt; Facilities cleaning,<br \/>\n&#8230;<\/p>\n<\/div>\n<\/div>\n<\/div>\n<\/div>\n<\/div>\n<\/div>\n\n\t\t<\/div>\n\t<\/div>\n<div class=\"vc_btn3-container vc_btn3-center vc_custom_1579794967994\" ><a onmouseleave=\"this.style.borderColor='#0d496f'; this.style.backgroundColor='transparent'; this.style.color='#0d496f'\" onmouseenter=\"this.style.borderColor='#0d496f'; this.style.backgroundColor='#0d496f'; this.style.color='#ffffff';\" style=\"border-color:#0d496f; color:#0d496f;\" class=\"vc_general vc_btn3 vc_btn3-size-md vc_btn3-shape-square vc_btn3-style-outline-custom vc_btn3-block\" href=\"https:\/\/cis-chad.com\/en\/facility-management\/\" title=\"Catering\">More informations<\/a><\/div><\/div><\/div><\/div><\/div><\/div><\/div><\/div><div class=\"wpb_column vc_column_container vc_col-sm-6\"><div class=\"vc_column-inner\"><div class=\"wpb_wrapper\">\n\t<div  class=\"wpb_single_image wpb_content_element vc_align_center  vc_custom_1579852265614\">\n\t\t\n\t\t<figure class=\"wpb_wrapper vc_figure\">\n\t\t\t<div class=\"vc_single_image-wrapper   vc_box_border_grey\"><img decoding=\"async\" width=\"731\" height=\"732\" src=\"https:\/\/cis-chad.com\/wp-content\/uploads\/2020\/01\/CIS-CHAD-roue-des-services.png\" class=\"vc_single_image-img attachment-large\" alt=\"\" title=\"CIS-CHAD-roue-des-services\" srcset=\"https:\/\/cis-chad.com\/wp-content\/uploads\/2020\/01\/CIS-CHAD-roue-des-services.png 731w, https:\/\/cis-chad.com\/wp-content\/uploads\/2020\/01\/CIS-CHAD-roue-des-services-300x300.png 300w, https:\/\/cis-chad.com\/wp-content\/uploads\/2020\/01\/CIS-CHAD-roue-des-services-150x150.png 150w, https:\/\/cis-chad.com\/wp-content\/uploads\/2020\/01\/CIS-CHAD-roue-des-services-400x400.png 400w, https:\/\/cis-chad.com\/wp-content\/uploads\/2020\/01\/CIS-CHAD-roue-des-services-92x92.png 92w\" sizes=\"(max-width: 731px) 100vw, 731px\" \/><\/div>\n\t\t<\/figure>\n\t<\/div>\n<\/div><\/div><\/div><div class=\"wpb_column vc_column_container vc_col-sm-3\"><div class=\"vc_column-inner\"><div class=\"wpb_wrapper\"><div class=\"vc_row wpb_row vc_inner vc_row-fluid\"><div class=\"wpb_column vc_column_container vc_col-sm-12\"><div class=\"vc_column-inner\"><div class=\"wpb_wrapper\">\n\t<div class=\"wpb_text_column wpb_content_element\" >\n\t\t<div class=\"wpb_wrapper\">\n\t\t\t<h3 style=\"text-align: center;\"><strong>ACCOMMODATION<\/strong><\/h3>\n\n\t\t<\/div>\n\t<\/div>\n\n\t<div class=\"wpb_text_column wpb_content_element  vc_custom_1580896812296\" >\n\t\t<div class=\"wpb_wrapper\">\n\t\t\t<div class=\"vc_row wpb_row vc_row-fluid\">\n<div class=\"wpb_column vc_column_container vc_col-sm-12\">\n<div class=\"vc_column-inner\">\n<div class=\"wpb_wrapper\">\n<div class=\"wpb_text_column wpb_content_element\">\n<div class=\"wpb_wrapper\">\n<p class=\"translation-block\">&gt; Housekeeping,<br>\n&gt; Laundry,<br>\n&gt; Janitorial,<br>\n&gt; Reception,<br>\n&gt; Concierge,<br>\n...<\/p>\n<\/div>\n<\/div>\n<\/div>\n<\/div>\n<\/div>\n<\/div>\n\n\t\t<\/div>\n\t<\/div>\n<div class=\"vc_btn3-container vc_btn3-center vc_custom_1579852984476\" ><a onmouseleave=\"this.style.borderColor='#0d496f'; this.style.backgroundColor='transparent'; this.style.color='#0d496f'\" onmouseenter=\"this.style.borderColor='#0d496f'; this.style.backgroundColor='#0d496f'; this.style.color='#ffffff';\" style=\"border-color:#0d496f; color:#0d496f;\" class=\"vc_general vc_btn3 vc_btn3-size-md vc_btn3-shape-square vc_btn3-style-outline-custom vc_btn3-block\" href=\"https:\/\/cis-chad.com\/en\/hotellerie\/\" title=\"Catering\">More informations<\/a><\/div><\/div><\/div><\/div><\/div><div class=\"vc_row wpb_row vc_inner vc_row-fluid\"><div class=\"wpb_column vc_column_container vc_col-sm-12\"><div class=\"vc_column-inner\"><div class=\"wpb_wrapper\">\n\t<div class=\"wpb_text_column wpb_content_element\" >\n\t\t<div class=\"wpb_wrapper\">\n\t\t\t<h3 style=\"text-align: center;\"><strong>SUPPORT SERVICES<\/strong><\/h3>\n\n\t\t<\/div>\n\t<\/div>\n\n\t<div class=\"wpb_text_column wpb_content_element  vc_custom_1580896827591\" >\n\t\t<div class=\"wpb_wrapper\">\n\t\t\t<div class=\"vc_row wpb_row vc_row-fluid\">\n<div class=\"wpb_column vc_column_container vc_col-sm-12\">\n<div class=\"vc_column-inner\">\n<div class=\"wpb_wrapper\">\n<div class=\"wpb_text_column wpb_content_element\">\n<div class=\"wpb_wrapper\">\n<p class=\"translation-block\">&gt; SystemONE: digital solutions<br>\n&gt; Engineering, design &amp; construction<br>\n&gt; Sourcing, logistics &amp; shipchandling<br>\n&gt; Manpower<br>\n&gt; Fleet management<br>\n&gt; Staff transportation<br>\n&gt; Fuel supply<br>\n&gt; Access control<br>\n&gt; Entertainment &amp; recreation services<br>\n...<\/p>\n<\/div>\n<\/div>\n<\/div>\n<\/div>\n<\/div>\n<\/div>\n\n\t\t<\/div>\n\t<\/div>\n<div class=\"vc_btn3-container vc_btn3-center vc_custom_1579872461549\" ><a onmouseleave=\"this.style.borderColor='#0d496f'; this.style.backgroundColor='transparent'; this.style.color='#0d496f'\" onmouseenter=\"this.style.borderColor='#0d496f'; this.style.backgroundColor='#0d496f'; this.style.color='#ffffff';\" style=\"border-color:#0d496f; color:#0d496f;\" class=\"vc_general vc_btn3 vc_btn3-size-md vc_btn3-shape-square vc_btn3-style-outline-custom vc_btn3-block\" href=\"https:\/\/cis-chad.com\/en\/services-support\/\" title=\"Catering\">More informations<\/a><\/div><\/div><\/div><\/div><\/div><\/div><\/div><\/div><\/div><div class=\"vc_row wpb_row vc_row-fluid\"><div class=\"wpb_column vc_column_container vc_col-sm-12\"><div class=\"vc_column-inner\"><div class=\"wpb_wrapper\">\n\t<div class=\"wpb_video_widget wpb_content_element vc_clearfix   vc_video-aspect-ratio-169 vc_video-el-width-80 vc_video-align-center\" >\n\t\t<div class=\"wpb_wrapper\">\n\t\t\t\n\t\t\t<div class=\"wpb_video_wrapper\"><iframe loading=\"lazy\" title=\"CIS Chad - Presentation - eng\" width=\"1200\" height=\"675\" src=\"https:\/\/www.youtube.com\/embed\/kSV7VU4JKgE?feature=oembed\" frameborder=\"0\" allow=\"accelerometer; autoplay; clipboard-write; encrypted-media; gyroscope; picture-in-picture\" allowfullscreen><\/iframe><\/div>\n\t\t<\/div>\n\t<\/div>\n<\/div><\/div><\/div><\/div><div class=\"vc_row wpb_row vc_row-fluid vc_custom_1638890662611\"><div class=\"wpb_column vc_column_container vc_col-sm-12\"><div class=\"vc_column-inner\"><div class=\"wpb_wrapper\"><div class=\"\">\n\t<div class=\"rt-vc-title rtin-section-title-left\">\n\t\t\t\t\t<h2 class=\"rt-section-title-vc\" style=\"font-size:30px; color:#222222;\">Learn more<\/h2>\n\t\t\t<\/div>\n<\/div><\/div><\/div><\/div><\/div><div class=\"vc_row wpb_row vc_row-fluid vc_custom_1558540859050 vc_column-gap-30\"><div class=\"wpb_column vc_column_container vc_col-sm-4 vc_col-has-fill\"><div class=\"vc_column-inner vc_custom_1613126095174\"><div class=\"wpb_wrapper\">\n\t<div class=\"wpb_text_column wpb_content_element\" >\n\t\t<div class=\"wpb_wrapper\">\n\t\t\t<div class=\"eds-animate\" data-eds-entry-animation=\"zoomIn\" data-eds-entry-delay=\"0\" data-eds-entry-duration=\"1\" data-eds-entry-timing=\"linear\" data-eds-exit-animation=\"\" data-eds-exit-delay=\"\" data-eds-exit-duration=\"\" data-eds-exit-timing=\"\" data-eds-repeat-count=\"1\" data-eds-keep=\"yes\" data-eds-animate-on=\"hover\" data-eds-scroll-offset=\"\">\n<h2 style=\"text-align: center;\"><a href=\"https:\/\/cis-chad.com\/en\/mot-du-directeur-general\/\"><strong><span style=\"color: #ffffff;\">General Manager Foreword<\/span><\/strong><\/a><\/h2>\n<\/div>\n\n\t\t<\/div>\n\t<\/div>\n<\/div><\/div><\/div><div class=\"wpb_column vc_column_container vc_col-sm-4 vc_col-has-fill\"><div class=\"vc_column-inner vc_custom_1579014679050\"><div class=\"wpb_wrapper\">\n\t<div class=\"wpb_text_column wpb_content_element\" >\n\t\t<div class=\"wpb_wrapper\">\n\t\t\t<div class=\"eds-animate\" data-eds-entry-animation=\"zoomIn\" data-eds-entry-delay=\"0\" data-eds-entry-duration=\"1\" data-eds-entry-timing=\"linear\" data-eds-exit-animation=\"\" data-eds-exit-delay=\"\" data-eds-exit-duration=\"\" data-eds-exit-timing=\"\" data-eds-repeat-count=\"1\" data-eds-keep=\"yes\" data-eds-animate-on=\"hover\" data-eds-scroll-offset=\"\">\n<h2 style=\"text-align: center;\"><a href=\"https:\/\/cis-chad.com\/en\/chiffres-cles\/\"><strong><span style=\"color: #ffffff;\">Key Figures<\/span><\/strong><\/a><\/h2>\n<\/div>\n\n\t\t<\/div>\n\t<\/div>\n<\/div><\/div><\/div><div class=\"wpb_column vc_column_container vc_col-sm-4 vc_col-has-fill\"><div class=\"vc_column-inner vc_custom_1579014704791\"><div class=\"wpb_wrapper\">\n\t<div class=\"wpb_text_column wpb_content_element\" >\n\t\t<div class=\"wpb_wrapper\">\n\t\t\t<div class=\"eds-animate\" data-eds-entry-animation=\"zoomIn\" data-eds-entry-delay=\"0\" data-eds-entry-duration=\"1\" data-eds-entry-timing=\"linear\" data-eds-exit-animation=\"\" data-eds-exit-delay=\"\" data-eds-exit-duration=\"\" data-eds-exit-timing=\"\" data-eds-repeat-count=\"1\" data-eds-keep=\"yes\" data-eds-animate-on=\"hover\" data-eds-scroll-offset=\"\">\n<h2 style=\"text-align: center;\"><a href=\"https:\/\/cis-chad.com\/en\/equipes\/\"><strong><span style=\"color: #ffffff;\">Teams<\/span><\/strong><\/a><\/h2>\n<\/div>\n\n\t\t<\/div>\n\t<\/div>\n<\/div><\/div><\/div><\/div>\n<\/section>","protected":false},"excerpt":{"rendered":"CIS Tchad est l\u2019entreprise de r\u00e9f\u00e9rence dans le domaine du catering et des services int\u00e9gr\u00e9s au Tchad. Les valeurs que nous d\u00e9fendons : la s\u00e9curit\u00e9 et l\u2019excellence op\u00e9rationnelle afin d\u2019obtenir un haut niveau de satisfaction client. CIS Tchad, votre partenaire de confiance Notre m\u00e9tier est de nourrir, loger, et prendre soin quotidiennement de milliers de [...]","protected":false},"author":3,"featured_media":0,"parent":0,"menu_order":0,"comment_status":"closed","ping_status":"closed","template":"","meta":{"footnotes":""},"class_list":["post-2303","page","type-page","status-publish","hentry"],"yoast_head":"<!-- This site is optimized with the Yoast SEO plugin v27.3 - https:\/\/yoast.com\/product\/yoast-seo-wordpress\/ -->\n<title>Pr\u00e9sentation - CIS Tchad<\/title>\n<meta name=\"robots\" content=\"index, follow, max-snippet:-1, max-image-preview:large, max-video-preview:-1\" \/>\n<link rel=\"canonical\" href=\"https:\/\/cis-chad.com\/en\/presentation\/\" \/>\n<meta property=\"og:locale\" content=\"en_GB\" \/>\n<meta property=\"og:type\" content=\"article\" \/>\n<meta property=\"og:title\" content=\"Pr\u00e9sentation - CIS Tchad\" \/>\n<meta property=\"og:url\" content=\"https:\/\/cis-chad.com\/en\/presentation\/\" \/>\n<meta property=\"og:site_name\" content=\"CIS Tchad\" \/>\n<meta property=\"article:modified_time\" content=\"2021-12-07T15:24:31+00:00\" \/>\n<meta name=\"twitter:card\" content=\"summary_large_image\" \/>\n<meta name=\"twitter:label1\" content=\"Est. reading time\" \/>\n\t<meta name=\"twitter:data1\" content=\"3 minutes\" \/>\n<!-- \/ Yoast SEO plugin. -->","yoast_head_json":{"title":"Pr\u00e9sentation - CIS Tchad","robots":{"index":"index","follow":"follow","max-snippet":"max-snippet:-1","max-image-preview":"max-image-preview:large","max-video-preview":"max-video-preview:-1"},"canonical":"https:\/\/cis-chad.com\/en\/presentation\/","og_locale":"en_GB","og_type":"article","og_title":"Pr\u00e9sentation - CIS Tchad","og_url":"https:\/\/cis-chad.com\/en\/presentation\/","og_site_name":"CIS Tchad","article_modified_time":"2021-12-07T15:24:31+00:00","twitter_card":"summary_large_image","twitter_misc":{"Est. reading time":"3 minutes"},"schema":{"@context":"https:\/\/schema.org","@graph":[{"@type":"WebPage","@id":"https:\/\/cis-chad.com\/presentation\/","url":"https:\/\/cis-chad.com\/presentation\/","name":"Pr\u00e9sentation - CIS Tchad","isPartOf":{"@id":"https:\/\/cis-chad.com\/#website"},"datePublished":"2017-08-28T19:01:56+00:00","dateModified":"2021-12-07T15:24:31+00:00","breadcrumb":{"@id":"https:\/\/cis-chad.com\/presentation\/#breadcrumb"},"inLanguage":"en-GB","potentialAction":[{"@type":"ReadAction","target":["https:\/\/cis-chad.com\/presentation\/"]}]},{"@type":"BreadcrumbList","@id":"https:\/\/cis-chad.com\/presentation\/#breadcrumb","itemListElement":[{"@type":"ListItem","position":1,"name":"Accueil","item":"https:\/\/cis-chad.com\/"},{"@type":"ListItem","position":2,"name":"Pr\u00e9sentation"}]},{"@type":"WebSite","@id":"https:\/\/cis-chad.com\/#website","url":"https:\/\/cis-chad.com\/","name":"CIS Chad","description":"Integrated Life Support Services","potentialAction":[{"@type":"SearchAction","target":{"@type":"EntryPoint","urlTemplate":"https:\/\/cis-chad.com\/?s={search_term_string}"},"query-input":{"@type":"PropertyValueSpecification","valueRequired":true,"valueName":"search_term_string"}}],"inLanguage":"en-GB"}]}},"_links":{"self":[{"href":"https:\/\/cis-chad.com\/en\/wp-json\/wp\/v2\/pages\/2303","targetHints":{"allow":["GET"]}}],"collection":[{"href":"https:\/\/cis-chad.com\/en\/wp-json\/wp\/v2\/pages"}],"about":[{"href":"https:\/\/cis-chad.com\/en\/wp-json\/wp\/v2\/types\/page"}],"author":[{"embeddable":true,"href":"https:\/\/cis-chad.com\/en\/wp-json\/wp\/v2\/users\/3"}],"replies":[{"embeddable":true,"href":"https:\/\/cis-chad.com\/en\/wp-json\/wp\/v2\/comments?post=2303"}],"version-history":[{"count":128,"href":"https:\/\/cis-chad.com\/en\/wp-json\/wp\/v2\/pages\/2303\/revisions"}],"predecessor-version":[{"id":6819,"href":"https:\/\/cis-chad.com\/en\/wp-json\/wp\/v2\/pages\/2303\/revisions\/6819"}],"wp:attachment":[{"href":"https:\/\/cis-chad.com\/en\/wp-json\/wp\/v2\/media?parent=2303"}],"curies":[{"name":"wp","href":"https:\/\/api.w.org\/{rel}","templated":true}]}}